{"id":733,"date":"2022-05-09T15:21:22","date_gmt":"2022-05-09T15:21:22","guid":{"rendered":"https:\/\/sivanandacanada.org\/montreal\/?page_id=733"},"modified":"2025-07-09T14:02:26","modified_gmt":"2025-07-09T14:02:26","slug":"tarifs","status":"publish","type":"page","link":"https:\/\/sivanandacanada.org\/montreal\/fr\/tarifs\/","title":{"rendered":"Tarifs"},"content":{"rendered":"<p><div class=\"fusion-fullwidth fullwidth-box fusion-builder-row-1 fusion-flex-container nonhundred-percent-fullwidth non-hundred-percent-height-scrolling\" style=\"--awb-border-radius-top-left:0px;--awb-border-radius-top-right:0px;--awb-border-radius-bottom-right:0px;--awb-border-radius-bottom-left:0px;\" ><div class=\"fusion-builder-row fusion-row fusion-flex-align-items-flex-start\" style=\"max-width:1275px;margin-left: calc(-2% \/ 2 );margin-right: calc(-2% \/ 2 );\"><div class=\"fusion-layout-column fusion_builder_column fusion-builder-column-0 fusion_builder_column_1_1 1_1 fusion-flex-column\" style=\"--awb-bg-size:cover;--awb-width-large:100%;--awb-spacing-right-large:0.98%;--awb-spacing-left-large:0.98%;--awb-width-medium:100%;--awb-order-medium:0;--awb-spacing-right-medium:0.98%;--awb-spacing-left-medium:0.98%;--awb-width-small:100%;--awb-order-small:0;--awb-spacing-right-small:0.98%;--awb-spacing-left-small:0.98%;\"><div class=\"fusion-column-wrapper fusion-column-has-shadow fusion-flex-justify-content-flex-start fusion-content-layout-column\"><div class=\"fusion-title title fusion-title-1 fusion-sep-none fusion-title-center fusion-title-text fusion-title-size-one\" style=\"--awb-text-color:var(--awb-color5);\"><h1 class=\"title-heading-center\" style=\"margin:0;\">Tarifs<\/h1><\/div><div class=\"fusion-separator\" style=\"align-self: center;margin-left: auto;margin-right: auto;margin-top:0px;margin-bottom:25px;width:100%;max-width:100px;\"><div class=\"fusion-separator-border sep-single sep-solid\" style=\"border-color:var(--awb-color6);border-top-width:2px;\"><\/div><\/div>\n<\/div><\/div><\/div><\/div><div class=\"fusion-fullwidth fullwidth-box fusion-builder-row-2 fusion-flex-container has-pattern-background has-mask-background nonhundred-percent-fullwidth non-hundred-percent-height-scrolling\" style=\"--awb-border-radius-top-left:0px;--awb-border-radius-top-right:0px;--awb-border-radius-bottom-right:0px;--awb-border-radius-bottom-left:0px;--awb-margin-top:30px;\" ><div class=\"fusion-builder-row fusion-row fusion-flex-align-items-flex-start fusion-flex-justify-content-center\" style=\"max-width:1275px;margin-left: calc(-2% \/ 2 );margin-right: calc(-2% \/ 2 );\"><div class=\"fusion-layout-column fusion_builder_column fusion-builder-column-1 fusion_builder_column_2_3 2_3 fusion-flex-column fusion-flex-align-self-flex-start\" style=\"--awb-bg-size:cover;--awb-width-large:66.666666666667%;--awb-margin-top-large:0px;--awb-spacing-right-large:1.47%;--awb-margin-bottom-large:0px;--awb-spacing-left-large:1.47%;--awb-width-medium:66.666666666667%;--awb-order-medium:0;--awb-spacing-right-medium:1.47%;--awb-spacing-left-medium:1.47%;--awb-width-small:100%;--awb-order-small:0;--awb-spacing-right-small:0.98%;--awb-spacing-left-small:0.98%;\"><div class=\"fusion-column-wrapper fusion-column-has-shadow fusion-flex-justify-content-flex-start fusion-content-layout-column\"><div class=\"fusion-text fusion-text-1\"><p>Tarifs<\/p>\n<ul>\n<li>1 cours : $22<\/li>\n<li>5 cours : $85<\/li>\n<li>10 cours : $160<\/li>\n<li>1 mois : $180<\/li>\n<li>3 mois : $325<\/li>\n<li>6 mois: $ 450<\/li>\n<li>an : $ 750<\/li>\n<\/ul>\n<p><strong>Sp\u00e9cial d\u2019\u00e9t\u00e9<\/strong><br \/>\nEntr\u00e9e illimit\u00e9e \u00e0 tous les cours ouverts pour les mois de juillet et ao\u00fbt : 190 $<\/p>\n<\/div><\/div><\/div><\/div><\/div><\/p>\n","protected":false},"excerpt":{"rendered":"","protected":false},"author":2,"featured_media":0,"parent":0,"menu_order":0,"comment_status":"closed","ping_status":"closed","template":"","meta":{"footnotes":""},"class_list":["post-733","page","type-page","status-publish","hentry"],"_links":{"self":[{"href":"https:\/\/sivanandacanada.org\/montreal\/fr\/wp-json\/wp\/v2\/pages\/733","targetHints":{"allow":["GET"]}}],"collection":[{"href":"https:\/\/sivanandacanada.org\/montreal\/fr\/wp-json\/wp\/v2\/pages"}],"about":[{"href":"https:\/\/sivanandacanada.org\/montreal\/fr\/wp-json\/wp\/v2\/types\/page"}],"author":[{"embeddable":true,"href":"https:\/\/sivanandacanada.org\/montreal\/fr\/wp-json\/wp\/v2\/users\/2"}],"replies":[{"embeddable":true,"href":"https:\/\/sivanandacanada.org\/montreal\/fr\/wp-json\/wp\/v2\/comments?post=733"}],"version-history":[{"count":12,"href":"https:\/\/sivanandacanada.org\/montreal\/fr\/wp-json\/wp\/v2\/pages\/733\/revisions"}],"predecessor-version":[{"id":1730,"href":"https:\/\/sivanandacanada.org\/montreal\/fr\/wp-json\/wp\/v2\/pages\/733\/revisions\/1730"}],"wp:attachment":[{"href":"https:\/\/sivanandacanada.org\/montreal\/fr\/wp-json\/wp\/v2\/media?parent=733"}],"curies":[{"name":"wp","href":"https:\/\/api.w.org\/{rel}","templated":true}]}}