{"id":718,"date":"2023-01-23T08:24:01","date_gmt":"2023-01-23T08:24:01","guid":{"rendered":"https:\/\/sivanandacanada.org\/montreal\/?page_id=718"},"modified":"2026-03-13T21:33:45","modified_gmt":"2026-03-13T21:33:45","slug":"autres-cours","status":"publish","type":"page","link":"https:\/\/sivanandacanada.org\/montreal\/fr\/autres-cours\/","title":{"rendered":"Autres cours"},"content":{"rendered":"<p><div class=\"fusion-fullwidth fullwidth-box fusion-builder-row-1 fusion-flex-container nonhundred-percent-fullwidth non-hundred-percent-height-scrolling\" style=\"--awb-border-radius-top-left:0px;--awb-border-radius-top-right:0px;--awb-border-radius-bottom-right:0px;--awb-border-radius-bottom-left:0px;\" ><div class=\"fusion-builder-row fusion-row fusion-flex-align-items-flex-start\" style=\"max-width:1275px;margin-left: calc(-2% \/ 2 );margin-right: calc(-2% \/ 2 );\"><div class=\"fusion-layout-column fusion_builder_column fusion-builder-column-0 fusion_builder_column_1_1 1_1 fusion-flex-column\" style=\"--awb-bg-size:cover;--awb-width-large:100%;--awb-spacing-right-large:0.98%;--awb-spacing-left-large:0.98%;--awb-width-medium:100%;--awb-order-medium:0;--awb-spacing-right-medium:0.98%;--awb-spacing-left-medium:0.98%;--awb-width-small:100%;--awb-order-small:0;--awb-spacing-right-small:0.98%;--awb-spacing-left-small:0.98%;\"><div class=\"fusion-column-wrapper fusion-column-has-shadow fusion-flex-justify-content-flex-start fusion-content-layout-column\"><div class=\"fusion-title title fusion-title-1 fusion-sep-none fusion-title-center fusion-title-text fusion-title-size-one\" style=\"--awb-text-color:var(--awb-color5);\"><h1 class=\"title-heading-center\" style=\"margin:0;\">Autres cours<\/h1><\/div><div class=\"fusion-separator\" style=\"align-self: center;margin-left: auto;margin-right: auto;margin-top:0px;margin-bottom:25px;width:100%;max-width:100px;\"><div class=\"fusion-separator-border sep-single sep-solid\" style=\"border-color:var(--awb-color6);border-top-width:2px;\"><\/div><\/div>\n<\/div><\/div><\/div><\/div><div class=\"fusion-fullwidth fullwidth-box fusion-builder-row-2 fusion-flex-container has-pattern-background has-mask-background nonhundred-percent-fullwidth non-hundred-percent-height-scrolling\" style=\"--awb-border-radius-top-left:0px;--awb-border-radius-top-right:0px;--awb-border-radius-bottom-right:0px;--awb-border-radius-bottom-left:0px;--awb-margin-top:25px;--awb-margin-bottom:25px;\" ><div class=\"fusion-builder-row fusion-row fusion-flex-align-items-flex-start\" style=\"max-width:1275px;margin-left: calc(-2% \/ 2 );margin-right: calc(-2% \/ 2 );\"><div class=\"fusion-layout-column fusion_builder_column fusion-builder-column-1 fusion_builder_column_1_2 1_2 fusion-flex-column\" style=\"--awb-bg-size:cover;--awb-width-large:50%;--awb-margin-top-large:0px;--awb-spacing-right-large:1.96%;--awb-margin-bottom-large:0px;--awb-spacing-left-large:1.96%;--awb-width-medium:50%;--awb-spacing-right-medium:1.96%;--awb-spacing-left-medium:1.96%;--awb-width-small:100%;--awb-spacing-right-small:0.98%;--awb-spacing-left-small:0.98%;\"><div class=\"fusion-column-wrapper fusion-flex-justify-content-flex-start fusion-content-layout-column\"><div class=\"fusion-image-element \"><span class=\" fusion-imageframe imageframe-none imageframe-1 hover-type-none\"><img decoding=\"async\" width=\"300\" height=\"195\" title=\"incline plane\" src=\"https:\/\/sivanandacanada.org\/montreal\/wp-content\/uploads\/2023\/11\/incline-plane-300x195.jpg\" alt class=\"img-responsive wp-image-1478\" srcset=\"https:\/\/sivanandacanada.org\/montreal\/wp-content\/uploads\/2023\/11\/incline-plane-200x130.jpg 200w, https:\/\/sivanandacanada.org\/montreal\/wp-content\/uploads\/2023\/11\/incline-plane-400x260.jpg 400w, https:\/\/sivanandacanada.org\/montreal\/wp-content\/uploads\/2023\/11\/incline-plane-600x390.jpg 600w, https:\/\/sivanandacanada.org\/montreal\/wp-content\/uploads\/2023\/11\/incline-plane-800x521.jpg 800w, https:\/\/sivanandacanada.org\/montreal\/wp-content\/uploads\/2023\/11\/incline-plane-1200x781.jpg 1200w, https:\/\/sivanandacanada.org\/montreal\/wp-content\/uploads\/2023\/11\/incline-plane.jpg 1240w\" sizes=\"(max-width: 640px) 100vw, 800px\" \/><\/span><\/div><\/div><\/div><div class=\"fusion-layout-column fusion_builder_column fusion-builder-column-2 fusion_builder_column_1_2 1_2 fusion-flex-column\" style=\"--awb-bg-size:cover;--awb-width-large:50%;--awb-margin-top-large:0px;--awb-spacing-right-large:1.96%;--awb-margin-bottom-large:0px;--awb-spacing-left-large:1.96%;--awb-width-medium:50%;--awb-spacing-right-medium:1.96%;--awb-spacing-left-medium:1.96%;--awb-width-small:100%;--awb-spacing-right-small:0.98%;--awb-spacing-left-small:0.98%;\"><div class=\"fusion-column-wrapper fusion-flex-justify-content-flex-start fusion-content-layout-column\"><div class=\"fusion-title title fusion-title-2 fusion-sep-none fusion-title-text fusion-title-size-six\"><h6 class=\"title-heading-left\" style=\"margin:0;\">COURS DE 3 HEURES<\/h6><\/div><div class=\"fusion-text fusion-text-1\"><div>\n<p><strong>avec\u00a0Swami Rajeshwarananda<\/strong><br \/>\nPratique profonde, r\u00e9g\u00e9n\u00e9ratrice et purifiante des asanas et des pranayanas.<br \/>\n<strong>Le samedi 28 mars,\u00a0de 8 h \u00e0 11 h\u00a0<\/strong><br \/>\n38 $, cours de 3\u00a0h \u00a0 \u00a0R\u00e9servez votre place \u00e0\u00a0<a href=\"mailto:montreal@sivananda.org\" target=\"_blank\" rel=\"noopener\">montreal@sivananda.org<\/a>\u00a0\u00a0ou au 514 279 3545<\/p>\n<\/div>\n<\/div><\/div><\/div><\/div><\/div><div class=\"fusion-fullwidth fullwidth-box fusion-builder-row-3 fusion-flex-container nonhundred-percent-fullwidth non-hundred-percent-height-scrolling\" style=\"--awb-border-radius-top-left:0px;--awb-border-radius-top-right:0px;--awb-border-radius-bottom-right:0px;--awb-border-radius-bottom-left:0px;\" ><div class=\"fusion-builder-row fusion-row fusion-flex-align-items-flex-start\" style=\"max-width:1275px;margin-left: calc(-2% \/ 2 );margin-right: calc(-2% \/ 2 );\"><div class=\"fusion-layout-column fusion_builder_column fusion-builder-column-3 fusion_builder_column_1_4 1_4 fusion-flex-column\" style=\"--awb-bg-size:cover;--awb-width-large:25%;--awb-spacing-right-large:3.92%;--awb-spacing-left-large:3.92%;--awb-width-medium:25%;--awb-order-medium:0;--awb-spacing-right-medium:3.92%;--awb-spacing-left-medium:3.92%;--awb-width-small:100%;--awb-order-small:0;--awb-spacing-right-small:0.98%;--awb-spacing-left-small:0.98%;\"><div class=\"fusion-column-wrapper fusion-column-has-shadow fusion-flex-justify-content-flex-start fusion-content-layout-column\"><div class=\"fusion-title title fusion-title-3 fusion-sep-none fusion-title-text fusion-title-size-six\" style=\"--awb-margin-top:0px;--awb-margin-bottom:0px;\"><h6 class=\"title-heading-left\" style=\"margin:0;\">Pr\u00e9-requis:<\/h6><\/div><div class=\"fusion-text fusion-text-2\"><ul>\n<li>Aucune exp\u00e9rience pr\u00e9alable du yoga n\u2019est n\u00e9cessaire.<\/li>\n<\/ul>\n<\/div><\/div><\/div><div class=\"fusion-layout-column fusion_builder_column fusion-builder-column-4 fusion_builder_column_1_4 1_4 fusion-flex-column\" style=\"--awb-bg-size:cover;--awb-width-large:25%;--awb-spacing-right-large:3.92%;--awb-spacing-left-large:3.92%;--awb-width-medium:25%;--awb-order-medium:0;--awb-spacing-right-medium:3.92%;--awb-spacing-left-medium:3.92%;--awb-width-small:100%;--awb-order-small:0;--awb-spacing-right-small:0.98%;--awb-spacing-left-small:0.98%;\"><div class=\"fusion-column-wrapper fusion-column-has-shadow fusion-flex-justify-content-flex-start fusion-content-layout-column\"><div class=\"fusion-title title fusion-title-4 fusion-sep-none fusion-title-text fusion-title-size-six\" style=\"--awb-margin-top:0px;--awb-margin-bottom:0px;\"><h6 class=\"title-heading-left\" style=\"margin:0;\">Moment classe:<\/h6><\/div><div class=\"fusion-text fusion-text-3\"><ul>\n<li>Jeudis du 27 f\u00e9vrier au 27 mars \u00e0 18 h 30 en fra\u00e7ais<\/li>\n<\/ul>\n<\/div><\/div><\/div><div class=\"fusion-layout-column fusion_builder_column fusion-builder-column-5 fusion_builder_column_1_2 1_2 fusion-flex-column\" style=\"--awb-bg-size:cover;--awb-width-large:50%;--awb-spacing-right-large:1.96%;--awb-spacing-left-large:1.96%;--awb-width-medium:50%;--awb-order-medium:0;--awb-spacing-right-medium:1.96%;--awb-spacing-left-medium:1.96%;--awb-width-small:100%;--awb-order-small:0;--awb-spacing-right-small:0.98%;--awb-spacing-left-small:0.98%;\"><div class=\"fusion-column-wrapper fusion-column-has-shadow fusion-flex-justify-content-flex-start fusion-content-layout-column\"><div class=\"fusion-text fusion-text-4\"><ul>\n<li>Arrivez au moins 10 \u00e0 15 minutes avant le d\u00e9but du cours.<\/li>\n<li>Il est recommand\u00e9 de ne pas manger au moins une heure et demie avant le cours.<\/li>\n<li>Pr\u00e9voyez des v\u00eatements amples et confortables.<\/li>\n<\/ul>\n<\/div><\/div><\/div><\/div><\/div><\/p>\n","protected":false},"excerpt":{"rendered":"","protected":false},"author":2,"featured_media":0,"parent":0,"menu_order":0,"comment_status":"closed","ping_status":"closed","template":"","meta":{"footnotes":""},"class_list":["post-718","page","type-page","status-publish","hentry"],"_links":{"self":[{"href":"https:\/\/sivanandacanada.org\/montreal\/fr\/wp-json\/wp\/v2\/pages\/718","targetHints":{"allow":["GET"]}}],"collection":[{"href":"https:\/\/sivanandacanada.org\/montreal\/fr\/wp-json\/wp\/v2\/pages"}],"about":[{"href":"https:\/\/sivanandacanada.org\/montreal\/fr\/wp-json\/wp\/v2\/types\/page"}],"author":[{"embeddable":true,"href":"https:\/\/sivanandacanada.org\/montreal\/fr\/wp-json\/wp\/v2\/users\/2"}],"replies":[{"embeddable":true,"href":"https:\/\/sivanandacanada.org\/montreal\/fr\/wp-json\/wp\/v2\/comments?post=718"}],"version-history":[{"count":19,"href":"https:\/\/sivanandacanada.org\/montreal\/fr\/wp-json\/wp\/v2\/pages\/718\/revisions"}],"predecessor-version":[{"id":1783,"href":"https:\/\/sivanandacanada.org\/montreal\/fr\/wp-json\/wp\/v2\/pages\/718\/revisions\/1783"}],"wp:attachment":[{"href":"https:\/\/sivanandacanada.org\/montreal\/fr\/wp-json\/wp\/v2\/media?parent=718"}],"curies":[{"name":"wp","href":"https:\/\/api.w.org\/{rel}","templated":true}]}}