{"id":689,"date":"2022-05-09T15:20:24","date_gmt":"2022-05-09T15:20:24","guid":{"rendered":"https:\/\/sivanandacanada.org\/montreal\/?page_id=689"},"modified":"2024-02-12T22:06:21","modified_gmt":"2024-02-12T22:06:21","slug":"detente-profonde","status":"publish","type":"page","link":"https:\/\/sivanandacanada.org\/montreal\/fr\/detente-profonde\/","title":{"rendered":"D\u00e9tente profonde"},"content":{"rendered":"<p><div class=\"fusion-fullwidth fullwidth-box fusion-builder-row-1 fusion-flex-container nonhundred-percent-fullwidth non-hundred-percent-height-scrolling\" style=\"--awb-border-radius-top-left:0px;--awb-border-radius-top-right:0px;--awb-border-radius-bottom-right:0px;--awb-border-radius-bottom-left:0px;\" ><div class=\"fusion-builder-row fusion-row fusion-flex-align-items-flex-start\" style=\"max-width:1275px;margin-left: calc(-2% \/ 2 );margin-right: calc(-2% \/ 2 );\"><div class=\"fusion-layout-column fusion_builder_column fusion-builder-column-0 fusion_builder_column_1_1 1_1 fusion-flex-column\" style=\"--awb-bg-size:cover;--awb-width-large:100%;--awb-spacing-right-large:0.98%;--awb-spacing-left-large:0.98%;--awb-width-medium:100%;--awb-order-medium:0;--awb-spacing-right-medium:0.98%;--awb-spacing-left-medium:0.98%;--awb-width-small:100%;--awb-order-small:0;--awb-spacing-right-small:0.98%;--awb-spacing-left-small:0.98%;\"><div class=\"fusion-column-wrapper fusion-column-has-shadow fusion-flex-justify-content-flex-start fusion-content-layout-column\"><div class=\"fusion-title title fusion-title-1 fusion-sep-none fusion-title-center fusion-title-text fusion-title-size-one\" style=\"--awb-text-color:var(--awb-color5);\"><h1 class=\"title-heading-center\" style=\"margin:0;\">D\u00e9tente profonde<\/h1><\/div><div class=\"fusion-separator\" style=\"align-self: center;margin-left: auto;margin-right: auto;margin-top:0px;margin-bottom:25px;width:100%;max-width:100px;\"><div class=\"fusion-separator-border sep-single sep-solid\" style=\"border-color:var(--awb-color6);border-top-width:2px;\"><\/div><\/div>\n<\/div><\/div><\/div><\/div><div class=\"fusion-fullwidth fullwidth-box fusion-builder-row-2 fusion-flex-container has-pattern-background has-mask-background nonhundred-percent-fullwidth non-hundred-percent-height-scrolling\" style=\"--awb-border-radius-top-left:0px;--awb-border-radius-top-right:0px;--awb-border-radius-bottom-right:0px;--awb-border-radius-bottom-left:0px;--awb-margin-top:25px;--awb-margin-bottom:25px;\" ><div class=\"fusion-builder-row fusion-row fusion-flex-align-items-flex-start\" style=\"max-width:1275px;margin-left: calc(-2% \/ 2 );margin-right: calc(-2% \/ 2 );\"><div class=\"fusion-layout-column fusion_builder_column fusion-builder-column-1 fusion_builder_column_1_2 1_2 fusion-flex-column\" style=\"--awb-bg-size:cover;--awb-width-large:50%;--awb-margin-top-large:0px;--awb-spacing-right-large:1.96%;--awb-margin-bottom-large:0px;--awb-spacing-left-large:1.96%;--awb-width-medium:50%;--awb-spacing-right-medium:1.96%;--awb-spacing-left-medium:1.96%;--awb-width-small:100%;--awb-spacing-right-small:0.98%;--awb-spacing-left-small:0.98%;\"><div class=\"fusion-column-wrapper fusion-flex-justify-content-flex-start fusion-content-layout-column\"><div class=\"fusion-image-element \"><span class=\" fusion-imageframe imageframe-none imageframe-1 hover-type-none\"><img decoding=\"async\" width=\"1200\" height=\"800\" title=\"sivananda-montreal-deeprelaxation-1200&#215;800\" src=\"https:\/\/sivanandacanada.org\/montreal\/wp-content\/uploads\/2023\/01\/sivananda-montreal-deeprelaxation-1200x800-1.jpg\" alt class=\"img-responsive wp-image-527\" srcset=\"https:\/\/sivanandacanada.org\/montreal\/wp-content\/uploads\/2023\/01\/sivananda-montreal-deeprelaxation-1200x800-1-200x133.jpg 200w, https:\/\/sivanandacanada.org\/montreal\/wp-content\/uploads\/2023\/01\/sivananda-montreal-deeprelaxation-1200x800-1-400x267.jpg 400w, https:\/\/sivanandacanada.org\/montreal\/wp-content\/uploads\/2023\/01\/sivananda-montreal-deeprelaxation-1200x800-1-600x400.jpg 600w, https:\/\/sivanandacanada.org\/montreal\/wp-content\/uploads\/2023\/01\/sivananda-montreal-deeprelaxation-1200x800-1-800x533.jpg 800w, https:\/\/sivanandacanada.org\/montreal\/wp-content\/uploads\/2023\/01\/sivananda-montreal-deeprelaxation-1200x800-1.jpg 1200w\" sizes=\"(max-width: 640px) 100vw, 800px\" \/><\/span><\/div><\/div><\/div><div class=\"fusion-layout-column fusion_builder_column fusion-builder-column-2 fusion_builder_column_1_2 1_2 fusion-flex-column\" style=\"--awb-bg-size:cover;--awb-width-large:50%;--awb-margin-top-large:0px;--awb-spacing-right-large:1.96%;--awb-margin-bottom-large:0px;--awb-spacing-left-large:1.96%;--awb-width-medium:50%;--awb-spacing-right-medium:1.96%;--awb-spacing-left-medium:1.96%;--awb-width-small:100%;--awb-spacing-right-small:0.98%;--awb-spacing-left-small:0.98%;\"><div class=\"fusion-column-wrapper fusion-flex-justify-content-flex-start fusion-content-layout-column\"><div class=\"fusion-text fusion-text-1\"><p>Vous avez besoin de vous r\u00e9g\u00e9n\u00e9rer et de retrouver votre \u00e9quilibre int\u00e9rieur ? Faites une s\u00e9ance de relaxation profonde avec nous ! Vous serez guid\u00e9 \u00e0 travers des exercices de visualisation et de respiration qui vous m\u00e8neront vers le silence int\u00e9rieur et la s\u00e9r\u00e9nit\u00e9. Cet atelier vous permettra de retrouver vos capacit\u00e9s physiques et votre tranquillit\u00e9 d&rsquo;esprit.<\/p>\n<\/div><div class=\"fusion-text fusion-text-2\"><\/div><\/div><\/div><\/div><\/div><div class=\"fusion-fullwidth fullwidth-box fusion-builder-row-3 fusion-flex-container nonhundred-percent-fullwidth non-hundred-percent-height-scrolling\" style=\"--awb-border-radius-top-left:0px;--awb-border-radius-top-right:0px;--awb-border-radius-bottom-right:0px;--awb-border-radius-bottom-left:0px;\" ><div class=\"fusion-builder-row fusion-row fusion-flex-align-items-flex-start\" style=\"max-width:1275px;margin-left: calc(-2% \/ 2 );margin-right: calc(-2% \/ 2 );\"><div class=\"fusion-layout-column fusion_builder_column fusion-builder-column-3 fusion_builder_column_1_6 1_6 fusion-flex-column\" style=\"--awb-bg-size:cover;--awb-width-large:16.666666666667%;--awb-spacing-right-large:5.88%;--awb-spacing-left-large:5.88%;--awb-width-medium:16.666666666667%;--awb-order-medium:0;--awb-spacing-right-medium:5.88%;--awb-spacing-left-medium:5.88%;--awb-width-small:100%;--awb-order-small:0;--awb-spacing-right-small:0.98%;--awb-spacing-left-small:0.98%;\"><div class=\"fusion-column-wrapper fusion-column-has-shadow fusion-flex-justify-content-flex-start fusion-content-layout-column\"><div class=\"fusion-title title fusion-title-2 fusion-sep-none fusion-title-text fusion-title-size-six\" style=\"--awb-margin-top:0px;--awb-margin-bottom:0px;\"><h6 class=\"title-heading-left\" style=\"margin:0;\">Pr\u00e9-requis:<\/h6><\/div><div class=\"fusion-text fusion-text-3\"><ul>\n<li>Aucune exp\u00e9rience pr\u00e9alable du yoga n&rsquo;est n\u00e9cessaire.<\/li>\n<\/ul>\n<\/div><\/div><\/div><div class=\"fusion-layout-column fusion_builder_column fusion-builder-column-4 fusion_builder_column_1_6 1_6 fusion-flex-column\" style=\"--awb-bg-size:cover;--awb-width-large:16.666666666667%;--awb-spacing-right-large:5.88%;--awb-spacing-left-large:5.88%;--awb-width-medium:16.666666666667%;--awb-order-medium:0;--awb-spacing-right-medium:5.88%;--awb-spacing-left-medium:5.88%;--awb-width-small:100%;--awb-order-small:0;--awb-spacing-right-small:0.98%;--awb-spacing-left-small:0.98%;\"><div class=\"fusion-column-wrapper fusion-column-has-shadow fusion-flex-justify-content-flex-start fusion-content-layout-column\"><div class=\"fusion-title title fusion-title-3 fusion-sep-none fusion-title-text fusion-title-size-six\" style=\"--awb-margin-top:0px;--awb-margin-bottom:0px;\"><h6 class=\"title-heading-left\" style=\"margin:0;\">Moment classe:<\/h6><\/div><div class=\"fusion-text fusion-text-4\"><ul>\n<li>Prochaine date \u00e0 d\u00e9finir<\/li>\n<\/ul>\n<\/div><\/div><\/div><div class=\"fusion-layout-column fusion_builder_column fusion-builder-column-5 fusion_builder_column_1_6 1_6 fusion-flex-column\" style=\"--awb-bg-size:cover;--awb-width-large:16.666666666667%;--awb-spacing-right-large:5.88%;--awb-spacing-left-large:5.88%;--awb-width-medium:16.666666666667%;--awb-order-medium:0;--awb-spacing-right-medium:5.88%;--awb-spacing-left-medium:5.88%;--awb-width-small:100%;--awb-order-small:0;--awb-spacing-right-small:0.98%;--awb-spacing-left-small:0.98%;\"><div class=\"fusion-column-wrapper fusion-column-has-shadow fusion-flex-justify-content-flex-start fusion-content-layout-column\"><div class=\"fusion-title title fusion-title-4 fusion-sep-none fusion-title-text fusion-title-size-six\" style=\"--awb-margin-top:0px;--awb-margin-bottom:0px;\"><h6 class=\"title-heading-left\" style=\"margin:0;\">Frais de cours:<\/h6><\/div><div class=\"fusion-text fusion-text-5\"><ul>\n<li>1 cours : $16<\/li>\n<li>5 cours : $70<\/li>\n<li>10 cours : $125<\/li>\n<li>1 mois : $125<\/li>\n<li>3 mois : $290<\/li>\n<li>mois: $ 390<\/li>\n<li>an : $ 690<\/li>\n<\/ul>\n<p>Si vous avez un abonnement au centre, les tarifs sont les suivants<\/p>\n<\/div><\/div><\/div><div class=\"fusion-layout-column fusion_builder_column fusion-builder-column-6 fusion_builder_column_1_2 1_2 fusion-flex-column\" style=\"--awb-bg-size:cover;--awb-width-large:50%;--awb-spacing-right-large:1.96%;--awb-spacing-left-large:1.96%;--awb-width-medium:50%;--awb-order-medium:0;--awb-spacing-right-medium:1.96%;--awb-spacing-left-medium:1.96%;--awb-width-small:100%;--awb-order-small:0;--awb-spacing-right-small:0.98%;--awb-spacing-left-small:0.98%;\"><div class=\"fusion-column-wrapper fusion-column-has-shadow fusion-flex-justify-content-flex-start fusion-content-layout-column\"><div class=\"fusion-title title fusion-title-5 fusion-sep-none fusion-title-text fusion-title-size-six\" style=\"--awb-margin-top:0px;--awb-margin-bottom:0px;\"><h6 class=\"title-heading-left\" style=\"margin:0;\">Consignes de classe:<\/h6><\/div><div class=\"fusion-text fusion-text-6\"><ul>\n<li>Arrivez au moins 10 \u00e0 15 minutes avant le d\u00e9but du cours.<\/li>\n<li>Il est recommand\u00e9 de ne pas manger au moins une heure et demie avant le cours.<\/li>\n<li>Pr\u00e9voyez des v\u00eatements amples et confortables.<\/li>\n<\/ul>\n<\/div><\/div><\/div><\/div><\/div><\/p>\n","protected":false},"excerpt":{"rendered":"","protected":false},"author":2,"featured_media":0,"parent":0,"menu_order":0,"comment_status":"closed","ping_status":"closed","template":"","meta":{"footnotes":""},"class_list":["post-689","page","type-page","status-publish","hentry"],"_links":{"self":[{"href":"https:\/\/sivanandacanada.org\/montreal\/fr\/wp-json\/wp\/v2\/pages\/689","targetHints":{"allow":["GET"]}}],"collection":[{"href":"https:\/\/sivanandacanada.org\/montreal\/fr\/wp-json\/wp\/v2\/pages"}],"about":[{"href":"https:\/\/sivanandacanada.org\/montreal\/fr\/wp-json\/wp\/v2\/types\/page"}],"author":[{"embeddable":true,"href":"https:\/\/sivanandacanada.org\/montreal\/fr\/wp-json\/wp\/v2\/users\/2"}],"replies":[{"embeddable":true,"href":"https:\/\/sivanandacanada.org\/montreal\/fr\/wp-json\/wp\/v2\/comments?post=689"}],"version-history":[{"count":12,"href":"https:\/\/sivanandacanada.org\/montreal\/fr\/wp-json\/wp\/v2\/pages\/689\/revisions"}],"predecessor-version":[{"id":1517,"href":"https:\/\/sivanandacanada.org\/montreal\/fr\/wp-json\/wp\/v2\/pages\/689\/revisions\/1517"}],"wp:attachment":[{"href":"https:\/\/sivanandacanada.org\/montreal\/fr\/wp-json\/wp\/v2\/media?parent=689"}],"curies":[{"name":"wp","href":"https:\/\/api.w.org\/{rel}","templated":true}]}}