{"id":668,"date":"2022-05-09T15:19:50","date_gmt":"2022-05-09T15:19:50","guid":{"rendered":"https:\/\/sivanandacanada.org\/montreal\/?page_id=668"},"modified":"2026-02-21T01:27:40","modified_gmt":"2026-02-21T01:27:40","slug":"yoga-prenatal","status":"publish","type":"page","link":"https:\/\/sivanandacanada.org\/montreal\/fr\/yoga-prenatal\/","title":{"rendered":"Yoga pr\u00e9natal"},"content":{"rendered":"<p><div class=\"fusion-fullwidth fullwidth-box fusion-builder-row-1 fusion-flex-container nonhundred-percent-fullwidth non-hundred-percent-height-scrolling\" style=\"--awb-border-radius-top-left:0px;--awb-border-radius-top-right:0px;--awb-border-radius-bottom-right:0px;--awb-border-radius-bottom-left:0px;\" ><div class=\"fusion-builder-row fusion-row fusion-flex-align-items-flex-start\" style=\"max-width:1275px;margin-left: calc(-2% \/ 2 );margin-right: calc(-2% \/ 2 );\"><div class=\"fusion-layout-column fusion_builder_column fusion-builder-column-0 fusion_builder_column_1_1 1_1 fusion-flex-column\" style=\"--awb-bg-size:cover;--awb-width-large:100%;--awb-spacing-right-large:0.98%;--awb-spacing-left-large:0.98%;--awb-width-medium:100%;--awb-order-medium:0;--awb-spacing-right-medium:0.98%;--awb-spacing-left-medium:0.98%;--awb-width-small:100%;--awb-order-small:0;--awb-spacing-right-small:0.98%;--awb-spacing-left-small:0.98%;\"><div class=\"fusion-column-wrapper fusion-column-has-shadow fusion-flex-justify-content-flex-start fusion-content-layout-column\"><div class=\"fusion-title title fusion-title-1 fusion-sep-none fusion-title-center fusion-title-text fusion-title-size-one\" style=\"--awb-text-color:var(--awb-color5);\"><h1 class=\"title-heading-center\" style=\"margin:0;\">Yoga pr\u00e9natal<\/h1><\/div><div class=\"fusion-separator\" style=\"align-self: center;margin-left: auto;margin-right: auto;margin-top:0px;margin-bottom:25px;width:100%;max-width:100px;\"><div class=\"fusion-separator-border sep-single sep-solid\" style=\"border-color:var(--awb-color6);border-top-width:2px;\"><\/div><\/div>\n<\/div><\/div><\/div><\/div><div class=\"fusion-fullwidth fullwidth-box fusion-builder-row-2 fusion-flex-container nonhundred-percent-fullwidth non-hundred-percent-height-scrolling\" style=\"--awb-border-radius-top-left:0px;--awb-border-radius-top-right:0px;--awb-border-radius-bottom-right:0px;--awb-border-radius-bottom-left:0px;--awb-margin-top:30px;\" ><div class=\"fusion-builder-row fusion-row fusion-flex-align-items-flex-start\" style=\"max-width:1275px;margin-left: calc(-2% \/ 2 );margin-right: calc(-2% \/ 2 );\"><div class=\"fusion-layout-column fusion_builder_column fusion-builder-column-1 fusion_builder_column_1_2 1_2 fusion-flex-column\" style=\"--awb-bg-size:cover;--awb-width-large:50%;--awb-margin-top-large:0px;--awb-spacing-right-large:1.96%;--awb-margin-bottom-large:0px;--awb-spacing-left-large:1.96%;--awb-width-medium:50%;--awb-spacing-right-medium:1.96%;--awb-spacing-left-medium:1.96%;--awb-width-small:100%;--awb-spacing-right-small:0.98%;--awb-spacing-left-small:0.98%;\"><div class=\"fusion-column-wrapper fusion-flex-justify-content-flex-start fusion-content-layout-column\"><div class=\"fusion-image-element \"><span class=\" fusion-imageframe imageframe-none imageframe-1 hover-type-none\"><img decoding=\"async\" width=\"1200\" height=\"800\" title=\"sivananda-montreal-prenatalyoga-1200&#215;800\" src=\"https:\/\/sivanandacanada.org\/montreal\/wp-content\/uploads\/2023\/01\/sivananda-montreal-prenatalyoga-1200x800-1.jpg\" alt class=\"img-responsive wp-image-505\" srcset=\"https:\/\/sivanandacanada.org\/montreal\/wp-content\/uploads\/2023\/01\/sivananda-montreal-prenatalyoga-1200x800-1-200x133.jpg 200w, https:\/\/sivanandacanada.org\/montreal\/wp-content\/uploads\/2023\/01\/sivananda-montreal-prenatalyoga-1200x800-1-400x267.jpg 400w, https:\/\/sivanandacanada.org\/montreal\/wp-content\/uploads\/2023\/01\/sivananda-montreal-prenatalyoga-1200x800-1-600x400.jpg 600w, https:\/\/sivanandacanada.org\/montreal\/wp-content\/uploads\/2023\/01\/sivananda-montreal-prenatalyoga-1200x800-1-800x533.jpg 800w, https:\/\/sivanandacanada.org\/montreal\/wp-content\/uploads\/2023\/01\/sivananda-montreal-prenatalyoga-1200x800-1.jpg 1200w\" sizes=\"(max-width: 640px) 100vw, 800px\" \/><\/span><\/div><\/div><\/div><div class=\"fusion-layout-column fusion_builder_column fusion-builder-column-2 fusion_builder_column_1_2 1_2 fusion-flex-column\" style=\"--awb-bg-size:cover;--awb-width-large:50%;--awb-margin-top-large:0px;--awb-spacing-right-large:1.96%;--awb-margin-bottom-large:0px;--awb-spacing-left-large:1.96%;--awb-width-medium:50%;--awb-spacing-right-medium:1.96%;--awb-spacing-left-medium:1.96%;--awb-width-small:100%;--awb-spacing-right-small:0.98%;--awb-spacing-left-small:0.98%;\"><div class=\"fusion-column-wrapper fusion-flex-justify-content-flex-start fusion-content-layout-column\"><div class=\"fusion-text fusion-text-1\"><p>Les mois pendant lesquels vous portez un enfant sont pr\u00e9cieux et bient\u00f4t pass\u00e9s. Vous \u00eates engag\u00e9e dans la cr\u00e9ation d&rsquo;une nouvelle vie, non seulement avec votre corps, mais aussi avec vos \u00e9motions, votre mental et votre esprit. Les postures de yoga, les exercices de respiration et les techniques de relaxation peuvent aider l&rsquo;esprit et le corps \u00e0 s&rsquo;adapter \u00e0 la grossesse, \u00e0 se pr\u00e9parer au travail et \u00e0 s&rsquo;adapter \u00e0 la vie avec le nouveau b\u00e9b\u00e9.<br \/>\nLe yoga peut vous aider \u00e0 vivre une grossesse et un accouchement optimaux de plusieurs fa\u00e7ons :<\/p>\n<ul>\n<li>Il permet de se d\u00e9tendre, de se recentrer et de trouver un \u00e9quilibre \u00e9motionnel : Le yoga peut vous donner du pouvoir et vous faire prendre conscience de votre force int\u00e9rieure (physique, mentale, \u00e9motionnelle et spirituelle), ce qui est inestimable pendant la grossesse et apr\u00e8s l&rsquo;arriv\u00e9e du b\u00e9b\u00e9.<\/li>\n<li>Peut soulager les maux courants de la grossesse, comme les douleurs lombaires, les varices, les crampes dans les jambes, la sciatique, les gonflements, les tensions dans le haut du dos et les \u00e9paules, l&rsquo;insomnie, la fatigue, le stress et l&rsquo;anxi\u00e9t\u00e9.<\/li>\n<\/ul>\n<\/div><\/div><\/div><div class=\"fusion-layout-column fusion_builder_column fusion-builder-column-3 fusion_builder_column_1_1 1_1 fusion-flex-column\" style=\"--awb-bg-size:cover;--awb-width-large:100%;--awb-margin-top-large:0px;--awb-spacing-right-large:0.98%;--awb-margin-bottom-large:0px;--awb-spacing-left-large:0.98%;--awb-width-medium:100%;--awb-spacing-right-medium:0.98%;--awb-spacing-left-medium:0.98%;--awb-width-small:100%;--awb-spacing-right-small:0.98%;--awb-spacing-left-small:0.98%;\"><div class=\"fusion-column-wrapper fusion-flex-justify-content-flex-start fusion-content-layout-column\"><div class=\"fusion-text fusion-text-2\"><ul>\n<li>Am\u00e9liore la conscience du corps et la posture. La prise de conscience de la respiration et les exercices de respiration peuvent am\u00e9liorer l&rsquo;utilisation efficace de la respiration et la relaxation pendant le travail.<\/li>\n<li>Le renforcement et l&rsquo;\u00e9tirement des muscles pelviens peuvent faciliter l&rsquo;accouchement et la r\u00e9cup\u00e9ration post-partum.<br \/>\nConnectez-vous avec votre b\u00e9b\u00e9 pendant qu&rsquo;il est encore dans le ventre de sa m\u00e8re : La pratique du yoga peut \u00e9galement stimuler le sens du toucher et la conscience du corps du futur b\u00e9b\u00e9.<\/li>\n<li>Prenez soin de vous et de votre enfant dans un environnement positif et stimulant : Rencontrez et partagez avec d&rsquo;autres m\u00e8res et futures m\u00e8res.<br \/>\nAucune exp\u00e9rience pr\u00e9alable du yoga n&rsquo;est n\u00e9cessaire.<\/li>\n<\/ul>\n<\/div><\/div><\/div><\/div><\/div><div class=\"fusion-fullwidth fullwidth-box fusion-builder-row-3 fusion-flex-container nonhundred-percent-fullwidth non-hundred-percent-height-scrolling\" style=\"--awb-border-radius-top-left:0px;--awb-border-radius-top-right:0px;--awb-border-radius-bottom-right:0px;--awb-border-radius-bottom-left:0px;\" ><div class=\"fusion-builder-row fusion-row fusion-flex-align-items-flex-start\" style=\"max-width:1275px;margin-left: calc(-2% \/ 2 );margin-right: calc(-2% \/ 2 );\"><div class=\"fusion-layout-column fusion_builder_column fusion-builder-column-4 fusion_builder_column_1_6 1_6 fusion-flex-column\" style=\"--awb-bg-size:cover;--awb-width-large:16.666666666667%;--awb-spacing-right-large:5.88%;--awb-spacing-left-large:5.88%;--awb-width-medium:16.666666666667%;--awb-order-medium:0;--awb-spacing-right-medium:5.88%;--awb-spacing-left-medium:5.88%;--awb-width-small:100%;--awb-order-small:0;--awb-spacing-right-small:0.98%;--awb-spacing-left-small:0.98%;\"><div class=\"fusion-column-wrapper fusion-column-has-shadow fusion-flex-justify-content-flex-start fusion-content-layout-column\"><div class=\"fusion-title title fusion-title-2 fusion-sep-none fusion-title-text fusion-title-size-six\" style=\"--awb-margin-top:0px;--awb-margin-bottom:0px;\"><h6 class=\"title-heading-left\" style=\"margin:0;\">Pr\u00e9-requis:<\/h6><\/div><div class=\"fusion-text fusion-text-3\"><ul>\n<li>Aucune exp\u00e9rience pr\u00e9alable du yoga n\u2019est n\u00e9cessaire.<\/li>\n<\/ul>\n<\/div><\/div><\/div><div class=\"fusion-layout-column fusion_builder_column fusion-builder-column-5 fusion_builder_column_1_6 1_6 fusion-flex-column\" style=\"--awb-bg-size:cover;--awb-width-large:16.666666666667%;--awb-spacing-right-large:5.88%;--awb-spacing-left-large:5.88%;--awb-width-medium:16.666666666667%;--awb-order-medium:0;--awb-spacing-right-medium:5.88%;--awb-spacing-left-medium:5.88%;--awb-width-small:100%;--awb-order-small:0;--awb-spacing-right-small:0.98%;--awb-spacing-left-small:0.98%;\"><div class=\"fusion-column-wrapper fusion-column-has-shadow fusion-flex-justify-content-flex-start fusion-content-layout-column\"><div class=\"fusion-title title fusion-title-3 fusion-sep-none fusion-title-text fusion-title-size-six\" style=\"--awb-margin-top:0px;--awb-margin-bottom:0px;\"><h6 class=\"title-heading-left\" style=\"margin:0;\">Moment classe:<\/h6><\/div><div class=\"fusion-text fusion-text-4\"><ul>\n<li>Vendredi de 17 h \u00e1 18 h 30 &#8211; s\u00e9ance de 90 minutes<\/li>\n<\/ul>\n<\/div><\/div><\/div><div class=\"fusion-layout-column fusion_builder_column fusion-builder-column-6 fusion_builder_column_1_6 1_6 fusion-flex-column\" style=\"--awb-bg-size:cover;--awb-width-large:16.666666666667%;--awb-spacing-right-large:5.88%;--awb-spacing-left-large:5.88%;--awb-width-medium:16.666666666667%;--awb-order-medium:0;--awb-spacing-right-medium:5.88%;--awb-spacing-left-medium:5.88%;--awb-width-small:100%;--awb-order-small:0;--awb-spacing-right-small:0.98%;--awb-spacing-left-small:0.98%;\"><div class=\"fusion-column-wrapper fusion-column-has-shadow fusion-flex-justify-content-flex-start fusion-content-layout-column\"><div class=\"fusion-title title fusion-title-4 fusion-sep-none fusion-title-text fusion-title-size-six\" style=\"--awb-margin-top:0px;--awb-margin-bottom:0px;\"><h6 class=\"title-heading-left\" style=\"margin:0;\">Frais de cours:<\/h6><\/div><div class=\"fusion-text fusion-text-5\"><ul>\n<li>1 cours : 22 $<\/li>\n<li>10 cours : 190 $<\/li>\n<\/ul>\n<\/div><\/div><\/div><div class=\"fusion-layout-column fusion_builder_column fusion-builder-column-7 fusion_builder_column_1_2 1_2 fusion-flex-column\" style=\"--awb-bg-size:cover;--awb-width-large:50%;--awb-spacing-right-large:1.96%;--awb-spacing-left-large:1.96%;--awb-width-medium:50%;--awb-order-medium:0;--awb-spacing-right-medium:1.96%;--awb-spacing-left-medium:1.96%;--awb-width-small:100%;--awb-order-small:0;--awb-spacing-right-small:0.98%;--awb-spacing-left-small:0.98%;\"><div class=\"fusion-column-wrapper fusion-column-has-shadow fusion-flex-justify-content-flex-start fusion-content-layout-column\"><div class=\"fusion-title title fusion-title-5 fusion-sep-none fusion-title-text fusion-title-size-six\" style=\"--awb-margin-top:0px;--awb-margin-bottom:0px;\"><h6 class=\"title-heading-left\" style=\"margin:0;\">Consignes de classe:<\/h6><\/div><div class=\"fusion-text fusion-text-6\"><ul>\n<li>Veuillez consulter votre m\u00e9decin avant de suivre le cours.<\/li>\n<li>Arrivez au moins 10 \u00e0 15 minutes avant le d\u00e9but du cours.<\/li>\n<li>Il est recommand\u00e9 de ne pas manger au moins une heure et demie avant le cours.<\/li>\n<li>Portez des v\u00eatements confortables.<\/li>\n<\/ul>\n<\/div><\/div><\/div><\/div><\/div><div class=\"fusion-fullwidth fullwidth-box fusion-builder-row-4 fusion-flex-container has-pattern-background has-mask-background nonhundred-percent-fullwidth non-hundred-percent-height-scrolling\" style=\"--link_hover_color: var(--awb-color1);--link_color: var(--awb-color1);--awb-border-radius-top-left:0px;--awb-border-radius-top-right:0px;--awb-border-radius-bottom-right:0px;--awb-border-radius-bottom-left:0px;\" ><div class=\"fusion-builder-row fusion-row fusion-flex-align-items-flex-start\" style=\"max-width:1275px;margin-left: calc(-2% \/ 2 );margin-right: calc(-2% \/ 2 );\"><div class=\"fusion-layout-column fusion_builder_column fusion-builder-column-8 fusion_builder_column_1_1 1_1 fusion-flex-column\" style=\"--awb-padding-top:20px;--awb-padding-right:20px;--awb-padding-bottom:20px;--awb-padding-left:20px;--awb-bg-color:var(--awb-color5);--awb-bg-size:cover;--awb-width-large:100%;--awb-spacing-right-large:0.98%;--awb-spacing-left-large:0.98%;--awb-width-medium:100%;--awb-order-medium:0;--awb-spacing-right-medium:0.98%;--awb-spacing-left-medium:0.98%;--awb-width-small:100%;--awb-order-small:0;--awb-spacing-right-small:0.98%;--awb-spacing-left-small:0.98%;\"><div class=\"fusion-column-wrapper fusion-column-has-shadow fusion-flex-justify-content-flex-start fusion-content-layout-column\"><div class=\"fusion-text fusion-text-7\" style=\"--awb-content-alignment:center;--awb-text-color:var(--awb-color8);\"><p>Les femmes sont invit\u00e9es \u00e0 s&rsquo;inscrire \u00e0 n&rsquo;importe quel stade de leur grossesse.<\/p>\n<p>Inscription \u00e0 <a href=\"mailto:montreal@sivananda.org\">montreal@sivananda.org<\/a> ou au <a href=\"tel:514 279 3545\">514 279 3545<\/a>.<\/p>\n<\/div><\/div><\/div><\/div><\/div><\/p>\n","protected":false},"excerpt":{"rendered":"","protected":false},"author":2,"featured_media":0,"parent":0,"menu_order":0,"comment_status":"closed","ping_status":"closed","template":"","meta":{"footnotes":""},"class_list":["post-668","page","type-page","status-publish","hentry"],"_links":{"self":[{"href":"https:\/\/sivanandacanada.org\/montreal\/fr\/wp-json\/wp\/v2\/pages\/668","targetHints":{"allow":["GET"]}}],"collection":[{"href":"https:\/\/sivanandacanada.org\/montreal\/fr\/wp-json\/wp\/v2\/pages"}],"about":[{"href":"https:\/\/sivanandacanada.org\/montreal\/fr\/wp-json\/wp\/v2\/types\/page"}],"author":[{"embeddable":true,"href":"https:\/\/sivanandacanada.org\/montreal\/fr\/wp-json\/wp\/v2\/users\/2"}],"replies":[{"embeddable":true,"href":"https:\/\/sivanandacanada.org\/montreal\/fr\/wp-json\/wp\/v2\/comments?post=668"}],"version-history":[{"count":18,"href":"https:\/\/sivanandacanada.org\/montreal\/fr\/wp-json\/wp\/v2\/pages\/668\/revisions"}],"predecessor-version":[{"id":1748,"href":"https:\/\/sivanandacanada.org\/montreal\/fr\/wp-json\/wp\/v2\/pages\/668\/revisions\/1748"}],"wp:attachment":[{"href":"https:\/\/sivanandacanada.org\/montreal\/fr\/wp-json\/wp\/v2\/media?parent=668"}],"curies":[{"name":"wp","href":"https:\/\/api.w.org\/{rel}","templated":true}]}}