{"id":639,"date":"2022-05-09T15:18:12","date_gmt":"2022-05-09T15:18:12","guid":{"rendered":"https:\/\/sivanandacanada.org\/montreal\/yoga-in-canada\/"},"modified":"2023-02-08T11:39:12","modified_gmt":"2023-02-08T11:39:12","slug":"centres-canadiens","status":"publish","type":"page","link":"https:\/\/sivanandacanada.org\/montreal\/fr\/centres-canadiens\/","title":{"rendered":"Centres canadiens"},"content":{"rendered":"<p><div class=\"fusion-fullwidth fullwidth-box fusion-builder-row-1 fusion-flex-container nonhundred-percent-fullwidth non-hundred-percent-height-scrolling\" style=\"--awb-border-radius-top-left:0px;--awb-border-radius-top-right:0px;--awb-border-radius-bottom-right:0px;--awb-border-radius-bottom-left:0px;\" ><div class=\"fusion-builder-row fusion-row fusion-flex-align-items-flex-start\" style=\"max-width:1275px;margin-left: calc(-2% \/ 2 );margin-right: calc(-2% \/ 2 );\"><div class=\"fusion-layout-column fusion_builder_column fusion-builder-column-0 fusion_builder_column_1_1 1_1 fusion-flex-column\" style=\"--awb-bg-size:cover;--awb-width-large:100%;--awb-spacing-right-large:0.98%;--awb-spacing-left-large:0.98%;--awb-width-medium:100%;--awb-order-medium:0;--awb-spacing-right-medium:0.98%;--awb-spacing-left-medium:0.98%;--awb-width-small:100%;--awb-order-small:0;--awb-spacing-right-small:0.98%;--awb-spacing-left-small:0.98%;\"><div class=\"fusion-column-wrapper fusion-column-has-shadow fusion-flex-justify-content-flex-start fusion-content-layout-column\"><div class=\"fusion-title title fusion-title-1 fusion-sep-none fusion-title-center fusion-title-text fusion-title-size-one\" style=\"--awb-text-color:var(--awb-color5);\"><h1 class=\"title-heading-center\" style=\"margin:0;\">Centres canadiens<\/h1><\/div><div class=\"fusion-separator\" style=\"align-self: center;margin-left: auto;margin-right: auto;margin-top:0px;margin-bottom:25px;width:100%;max-width:100px;\"><div class=\"fusion-separator-border sep-single sep-solid\" style=\"border-color:var(--awb-color6);border-top-width:2px;\"><\/div><\/div>\n<\/div><\/div><\/div><\/div><div class=\"fusion-fullwidth fullwidth-box fusion-builder-row-2 fusion-flex-container nonhundred-percent-fullwidth non-hundred-percent-height-scrolling\" style=\"--awb-border-radius-top-left:0px;--awb-border-radius-top-right:0px;--awb-border-radius-bottom-right:0px;--awb-border-radius-bottom-left:0px;\" ><div class=\"fusion-builder-row fusion-row fusion-flex-align-items-flex-start\" style=\"max-width:1275px;margin-left: calc(-2% \/ 2 );margin-right: calc(-2% \/ 2 );\"><div class=\"fusion-layout-column fusion_builder_column fusion-builder-column-1 fusion_builder_column_1_2 1_2 fusion-flex-column\" style=\"--awb-bg-size:cover;--awb-width-large:50%;--awb-margin-top-large:0px;--awb-spacing-right-large:3.92%;--awb-margin-bottom-large:0px;--awb-spacing-left-large:1.96%;--awb-width-medium:50%;--awb-spacing-right-medium:3.92%;--awb-spacing-left-medium:1.96%;--awb-width-small:100%;--awb-spacing-right-small:0.98%;--awb-spacing-left-small:0.98%;\"><div class=\"fusion-column-wrapper fusion-flex-justify-content-flex-start fusion-content-layout-column\"><div class=\"fusion-image-element \"><span class=\" fusion-imageframe imageframe-none imageframe-1 hover-type-none\"><img decoding=\"async\" width=\"600\" height=\"400\" title=\"Sivananda-Canada-Centres-Montreal-1\" src=\"https:\/\/sivanandacanada.org\/montreal\/wp-content\/uploads\/2023\/02\/Sivananda-Canada-Centres-Montreal-1.jpeg\" alt class=\"img-responsive wp-image-899\" srcset=\"https:\/\/sivanandacanada.org\/montreal\/wp-content\/uploads\/2023\/02\/Sivananda-Canada-Centres-Montreal-1-200x133.jpeg 200w, https:\/\/sivanandacanada.org\/montreal\/wp-content\/uploads\/2023\/02\/Sivananda-Canada-Centres-Montreal-1-400x267.jpeg 400w, https:\/\/sivanandacanada.org\/montreal\/wp-content\/uploads\/2023\/02\/Sivananda-Canada-Centres-Montreal-1.jpeg 600w\" sizes=\"(max-width: 640px) 100vw, 600px\" \/><\/span><\/div><div class=\"fusion-title title fusion-title-2 fusion-sep-none fusion-title-text fusion-title-size-four\"><h4 class=\"title-heading-left\" style=\"margin:0;\"><a href=\"https:\/\/sivanandacanada.org\/montreal\" class=\"awb-custom-text-color awb-custom-text-hover-color\" target=\"_blank\">Centre Sivananda de Montr\u00e9al<\/a><\/h4><\/div><div class=\"fusion-text fusion-text-1\"><p>Le Centre de Montr\u00e9al a \u00e9t\u00e9 fond\u00e9 en 1959 et fait partie des Centres internationaux Sivananda de Yoga Vedanta. La mission de l&rsquo;organisation est de r\u00e9pandre la paix, la sant\u00e9 et la joie par le yoga.<\/p>\n<\/div><\/div><\/div><div class=\"fusion-layout-column fusion_builder_column fusion-builder-column-2 fusion_builder_column_1_2 1_2 fusion-flex-column\" style=\"--awb-bg-size:cover;--awb-width-large:50%;--awb-margin-top-large:0px;--awb-spacing-right-large:1.96%;--awb-margin-bottom-large:0px;--awb-spacing-left-large:3.92%;--awb-width-medium:50%;--awb-spacing-right-medium:1.96%;--awb-spacing-left-medium:3.92%;--awb-width-small:100%;--awb-spacing-right-small:0.98%;--awb-spacing-left-small:0.98%;\"><div class=\"fusion-column-wrapper fusion-flex-justify-content-flex-start fusion-content-layout-column\"><div class=\"fusion-image-element \"><span class=\" fusion-imageframe imageframe-none imageframe-2 hover-type-none\"><img decoding=\"async\" width=\"600\" height=\"400\" title=\"Sivananda-Canada-Centres-Camp-1\" src=\"https:\/\/sivanandacanada.org\/montreal\/wp-content\/uploads\/2023\/02\/Sivananda-Canada-Centres-Camp-1.jpeg\" alt class=\"img-responsive wp-image-901\" srcset=\"https:\/\/sivanandacanada.org\/montreal\/wp-content\/uploads\/2023\/02\/Sivananda-Canada-Centres-Camp-1-200x133.jpeg 200w, https:\/\/sivanandacanada.org\/montreal\/wp-content\/uploads\/2023\/02\/Sivananda-Canada-Centres-Camp-1-400x267.jpeg 400w, https:\/\/sivanandacanada.org\/montreal\/wp-content\/uploads\/2023\/02\/Sivananda-Canada-Centres-Camp-1.jpeg 600w\" sizes=\"(max-width: 640px) 100vw, 600px\" \/><\/span><\/div><div class=\"fusion-title title fusion-title-3 fusion-sep-none fusion-title-text fusion-title-size-four\"><h4 class=\"title-heading-left\" style=\"margin:0;\"><a href=\"https:\/\/sivanandacanada.org\/camp\" class=\"awb-custom-text-color awb-custom-text-hover-color\" target=\"_blank\">Si\u00e8ge du camp de yoga Sivananda<\/a><\/h4><\/div><div class=\"fusion-text fusion-text-2\"><p>Le Centre International Sivananda Yoga Vedanta est une organisation \u00e0 but non lucratif qui, depuis plus de 50 ans, partage les enseignements du hatha yoga classique et du Vedanta (philosophie yogique) comme moyen pour tous d&rsquo;atteindre le bien-\u00eatre physique, mental et spirituel, et la r\u00e9alisation de soi.<\/p>\n<\/div><\/div><\/div><\/div><\/div><div class=\"fusion-fullwidth fullwidth-box fusion-builder-row-3 fusion-flex-container nonhundred-percent-fullwidth non-hundred-percent-height-scrolling\" style=\"--awb-border-radius-top-left:0px;--awb-border-radius-top-right:0px;--awb-border-radius-bottom-right:0px;--awb-border-radius-bottom-left:0px;\" ><div class=\"fusion-builder-row fusion-row fusion-flex-align-items-flex-start\" style=\"max-width:1275px;margin-left: calc(-2% \/ 2 );margin-right: calc(-2% \/ 2 );\"><div class=\"fusion-layout-column fusion_builder_column fusion-builder-column-3 fusion_builder_column_1_2 1_2 fusion-flex-column\" style=\"--awb-bg-size:cover;--awb-width-large:50%;--awb-margin-top-large:0px;--awb-spacing-right-large:3.92%;--awb-margin-bottom-large:0px;--awb-spacing-left-large:1.96%;--awb-width-medium:50%;--awb-spacing-right-medium:3.92%;--awb-spacing-left-medium:1.96%;--awb-width-small:100%;--awb-spacing-right-small:0.98%;--awb-spacing-left-small:0.98%;\"><div class=\"fusion-column-wrapper fusion-flex-justify-content-flex-start fusion-content-layout-column\"><div class=\"fusion-image-element \"><span class=\" fusion-imageframe imageframe-none imageframe-3 hover-type-none\"><img decoding=\"async\" width=\"600\" height=\"400\" title=\"Sivananda-Canada-Centres-Toronto-1\" src=\"https:\/\/sivanandacanada.org\/montreal\/wp-content\/uploads\/2023\/02\/Sivananda-Canada-Centres-Toronto-1.jpeg\" alt class=\"img-responsive wp-image-897\" srcset=\"https:\/\/sivanandacanada.org\/montreal\/wp-content\/uploads\/2023\/02\/Sivananda-Canada-Centres-Toronto-1-200x133.jpeg 200w, https:\/\/sivanandacanada.org\/montreal\/wp-content\/uploads\/2023\/02\/Sivananda-Canada-Centres-Toronto-1-400x267.jpeg 400w, https:\/\/sivanandacanada.org\/montreal\/wp-content\/uploads\/2023\/02\/Sivananda-Canada-Centres-Toronto-1.jpeg 600w\" sizes=\"(max-width: 640px) 100vw, 600px\" \/><\/span><\/div><div class=\"fusion-title title fusion-title-4 fusion-sep-none fusion-title-text fusion-title-size-four\"><h4 class=\"title-heading-left\" style=\"margin:0;\"><a href=\"https:\/\/sivanandacanada.org\/toronto\/\" class=\"awb-custom-text-color awb-custom-text-hover-color\" target=\"_blank\">Centre Sivananda de Toronto<\/a><\/h4><\/div><div class=\"fusion-text fusion-text-3\"><p>Le Centre de Toronto a \u00e9t\u00e9 cr\u00e9\u00e9 en 1992 et fait partie des Centres internationaux Sivananda de Yoga Vedanta. Notre mission est de soutenir nos \u00e9tudiants dans leur d\u00e9veloppement physique, mental et spirituel en leur enseignant le yoga et le v\u00e9danta.<\/p>\n<\/div><\/div><\/div><div class=\"fusion-layout-column fusion_builder_column fusion-builder-column-4 fusion_builder_column_1_2 1_2 fusion-flex-column\" style=\"--awb-bg-size:cover;--awb-width-large:50%;--awb-margin-top-large:0px;--awb-spacing-right-large:1.96%;--awb-margin-bottom-large:0px;--awb-spacing-left-large:3.92%;--awb-width-medium:50%;--awb-spacing-right-medium:1.96%;--awb-spacing-left-medium:3.92%;--awb-width-small:100%;--awb-spacing-right-small:0.98%;--awb-spacing-left-small:0.98%;\"><div class=\"fusion-column-wrapper fusion-flex-justify-content-flex-start fusion-content-layout-column\"><div class=\"fusion-image-element \"><span class=\" fusion-imageframe imageframe-none imageframe-4 hover-type-none\"><img decoding=\"async\" width=\"600\" height=\"400\" title=\"Sivananda-Canada-Centres-Temple-1\" src=\"https:\/\/sivanandacanada.org\/montreal\/wp-content\/uploads\/2023\/02\/Sivananda-Canada-Centres-Temple-1.jpeg\" alt class=\"img-responsive wp-image-895\" srcset=\"https:\/\/sivanandacanada.org\/montreal\/wp-content\/uploads\/2023\/02\/Sivananda-Canada-Centres-Temple-1-200x133.jpeg 200w, https:\/\/sivanandacanada.org\/montreal\/wp-content\/uploads\/2023\/02\/Sivananda-Canada-Centres-Temple-1-400x267.jpeg 400w, https:\/\/sivanandacanada.org\/montreal\/wp-content\/uploads\/2023\/02\/Sivananda-Canada-Centres-Temple-1.jpeg 600w\" sizes=\"(max-width: 640px) 100vw, 600px\" \/><\/span><\/div><div class=\"fusion-title title fusion-title-5 fusion-sep-none fusion-title-text fusion-title-size-four\"><h4 class=\"title-heading-left\" style=\"margin:0;\"><a href=\"https:\/\/sivanandacanada.org\/temple\/\" class=\"awb-custom-text-color awb-custom-text-hover-color\" target=\"_blank\">Le temple de Subramanya Ayyappa<\/a><\/h4><\/div><div class=\"fusion-text fusion-text-4\"><p>Le d\u00f4me et le sceptre situ\u00e9s tout en haut du temple sont connus sous le nom de Kumbham. Ils transmettent \u00e0 l&rsquo;univers toute l&rsquo;\u00e9nergie cr\u00e9\u00e9e dans le temple. Ils attirent \u00e9galement l&rsquo;\u00e9nergie qui est ensuite \u00e9quilibr\u00e9e, transmut\u00e9e et mise \u00e0 la terre, remplissant le temple de vibrations pures.<\/p>\n<\/div><\/div><\/div><\/div><\/div><\/p>\n","protected":false},"excerpt":{"rendered":"","protected":false},"author":1,"featured_media":0,"parent":0,"menu_order":0,"comment_status":"closed","ping_status":"closed","template":"","meta":{"footnotes":""},"class_list":["post-639","page","type-page","status-publish","hentry"],"_links":{"self":[{"href":"https:\/\/sivanandacanada.org\/montreal\/fr\/wp-json\/wp\/v2\/pages\/639","targetHints":{"allow":["GET"]}}],"collection":[{"href":"https:\/\/sivanandacanada.org\/montreal\/fr\/wp-json\/wp\/v2\/pages"}],"about":[{"href":"https:\/\/sivanandacanada.org\/montreal\/fr\/wp-json\/wp\/v2\/types\/page"}],"author":[{"embeddable":true,"href":"https:\/\/sivanandacanada.org\/montreal\/fr\/wp-json\/wp\/v2\/users\/1"}],"replies":[{"embeddable":true,"href":"https:\/\/sivanandacanada.org\/montreal\/fr\/wp-json\/wp\/v2\/comments?post=639"}],"version-history":[{"count":5,"href":"https:\/\/sivanandacanada.org\/montreal\/fr\/wp-json\/wp\/v2\/pages\/639\/revisions"}],"predecessor-version":[{"id":966,"href":"https:\/\/sivanandacanada.org\/montreal\/fr\/wp-json\/wp\/v2\/pages\/639\/revisions\/966"}],"wp:attachment":[{"href":"https:\/\/sivanandacanada.org\/montreal\/fr\/wp-json\/wp\/v2\/media?parent=639"}],"curies":[{"name":"wp","href":"https:\/\/api.w.org\/{rel}","templated":true}]}}