{"id":629,"date":"2022-05-09T15:17:54","date_gmt":"2022-05-09T15:17:54","guid":{"rendered":"https:\/\/sivanandacanada.org\/montreal\/?page_id=629"},"modified":"2023-01-31T08:33:26","modified_gmt":"2023-01-31T08:33:26","slug":"nos-maitres","status":"publish","type":"page","link":"https:\/\/sivanandacanada.org\/montreal\/fr\/nos-maitres\/","title":{"rendered":"Nos Ma\u00eetres"},"content":{"rendered":"<p><div class=\"fusion-fullwidth fullwidth-box fusion-builder-row-1 fusion-flex-container nonhundred-percent-fullwidth non-hundred-percent-height-scrolling\" style=\"--awb-border-radius-top-left:0px;--awb-border-radius-top-right:0px;--awb-border-radius-bottom-right:0px;--awb-border-radius-bottom-left:0px;\" ><div class=\"fusion-builder-row fusion-row fusion-flex-align-items-flex-start\" style=\"max-width:1275px;margin-left: calc(-2% \/ 2 );margin-right: calc(-2% \/ 2 );\"><div class=\"fusion-layout-column fusion_builder_column fusion-builder-column-0 fusion_builder_column_1_1 1_1 fusion-flex-column\" style=\"--awb-bg-size:cover;--awb-width-large:100%;--awb-spacing-right-large:0.98%;--awb-spacing-left-large:0.98%;--awb-width-medium:100%;--awb-order-medium:0;--awb-spacing-right-medium:0.98%;--awb-spacing-left-medium:0.98%;--awb-width-small:100%;--awb-order-small:0;--awb-spacing-right-small:0.98%;--awb-spacing-left-small:0.98%;\"><div class=\"fusion-column-wrapper fusion-column-has-shadow fusion-flex-justify-content-flex-start fusion-content-layout-column\"><div class=\"fusion-title title fusion-title-1 fusion-sep-none fusion-title-center fusion-title-text fusion-title-size-one\" style=\"--awb-text-color:var(--awb-color5);\"><h1 class=\"title-heading-center\" style=\"margin:0;\">Nos Ma\u00eetres<\/h1><\/div><div class=\"fusion-separator\" style=\"align-self: center;margin-left: auto;margin-right: auto;margin-top:0px;margin-bottom:25px;width:100%;max-width:100px;\"><div class=\"fusion-separator-border sep-single sep-solid\" style=\"border-color:var(--awb-color6);border-top-width:2px;\"><\/div><\/div>\n<\/div><\/div><\/div><\/div><div class=\"fusion-fullwidth fullwidth-box fusion-builder-row-2 fusion-flex-container nonhundred-percent-fullwidth non-hundred-percent-height-scrolling\" style=\"--awb-border-radius-top-left:0px;--awb-border-radius-top-right:0px;--awb-border-radius-bottom-right:0px;--awb-border-radius-bottom-left:0px;--awb-margin-top:0px;\" ><div class=\"fusion-builder-row fusion-row fusion-flex-align-items-flex-start\" style=\"max-width:1275px;margin-left: calc(-2% \/ 2 );margin-right: calc(-2% \/ 2 );\"><div class=\"fusion-layout-column fusion_builder_column fusion-builder-column-1 fusion_builder_column_1_4 1_4 fusion-flex-column\" style=\"--awb-bg-size:cover;--awb-width-large:25%;--awb-spacing-right-large:3.92%;--awb-spacing-left-large:3.92%;--awb-width-medium:25%;--awb-spacing-right-medium:3.92%;--awb-spacing-left-medium:3.92%;--awb-width-small:100%;--awb-spacing-right-small:0.98%;--awb-spacing-left-small:0.98%;\"><div class=\"fusion-column-wrapper fusion-flex-justify-content-flex-start fusion-content-layout-column\"><div class=\"fusion-image-element \"><span class=\" fusion-imageframe imageframe-none imageframe-1 hover-type-none\"><img decoding=\"async\" width=\"228\" height=\"300\" title=\"ourteachers-swamisivananda-1\" src=\"https:\/\/sivanandacanada.org\/montreal\/wp-content\/uploads\/2023\/01\/ourteachers-swamisivananda-1-228x300.jpg\" alt class=\"img-responsive wp-image-354\" srcset=\"https:\/\/sivanandacanada.org\/montreal\/wp-content\/uploads\/2023\/01\/ourteachers-swamisivananda-1-200x263.jpg 200w, https:\/\/sivanandacanada.org\/montreal\/wp-content\/uploads\/2023\/01\/ourteachers-swamisivananda-1.jpg 387w\" sizes=\"(max-width: 640px) 100vw, 228px\" \/><\/span><\/div><\/div><\/div><div class=\"fusion-layout-column fusion_builder_column fusion-builder-column-2 fusion_builder_column_3_4 3_4 fusion-flex-column\" style=\"--awb-bg-size:cover;--awb-width-large:75%;--awb-spacing-right-large:1.3066666666667%;--awb-spacing-left-large:1.3066666666667%;--awb-width-medium:75%;--awb-spacing-right-medium:1.3066666666667%;--awb-spacing-left-medium:1.3066666666667%;--awb-width-small:100%;--awb-spacing-right-small:0.98%;--awb-spacing-left-small:0.98%;\"><div class=\"fusion-column-wrapper fusion-flex-justify-content-flex-start fusion-content-layout-column\"><div class=\"fusion-title title fusion-title-2 fusion-sep-none fusion-title-text fusion-title-size-four\"><h4 class=\"title-heading-left\" style=\"margin:0;\">Swami Sivananda (1887 &#8211; 1963)<\/h4><\/div><div class=\"fusion-text fusion-text-1\"><p>Swami Sivananda, l\u2019inspiration de notre organisation, est consid\u00e9r\u00e9 comme l\u2019un des plus grands sages des temps modernes. Ses enseignements font la synth\u00e8se de toutes les doctrines yogiques.<\/p>\n<p>Swami Sivananda \u00e9tait l\u2019un des plus grands sages de l\u2019Inde moderne. Apr\u00e8s une carri\u00e8re de m\u00e9decin, il renonce au monde, pratique une m\u00e9ditation intense et atteint la r\u00e9alisation de soi. Auteur prolifique, il publie plus de 200 livres, transmettant \u00e0 travers eux tous les aspects du yoga et de sa philosophie d\u2019une mani\u00e8re simple et profonde en m\u00eame temps. Dans son ashram, The Divine Life Society, \u00e0 Rishikesh, dans l\u2019Himalaya, il forme de nombreux disciples remarquables. En 1957, il envoie l\u2019un d\u2019entre eux, Swami Vishnudevananda, enseigner le yoga en occident.<\/p>\n<p>Sa devise \u00e9tait : \u00ab Servez, aimez, donnez, purifiez-vous, m\u00e9ditez et r\u00e9alisez-vous. Elle r\u00e9sume tous ses enseignements. <span style=\"font-weight: 400;\">\u00bb<\/span><\/p>\n<\/div><\/div><\/div><div class=\"fusion-layout-column fusion_builder_column fusion-builder-column-3 fusion_builder_column_1_1 1_1 fusion-flex-column\" style=\"--awb-bg-size:cover;--awb-width-large:100%;--awb-spacing-right-large:0.98%;--awb-spacing-left-large:0.98%;--awb-width-medium:100%;--awb-spacing-right-medium:0.98%;--awb-spacing-left-medium:0.98%;--awb-width-small:100%;--awb-spacing-right-small:0.98%;--awb-spacing-left-small:0.98%;\"><div class=\"fusion-column-wrapper fusion-flex-justify-content-flex-start fusion-content-layout-column\"><\/div><\/div><\/div><\/div><div class=\"fusion-fullwidth fullwidth-box fusion-builder-row-3 fusion-flex-container nonhundred-percent-fullwidth non-hundred-percent-height-scrolling\" style=\"--awb-border-radius-top-left:0px;--awb-border-radius-top-right:0px;--awb-border-radius-bottom-right:0px;--awb-border-radius-bottom-left:0px;--awb-margin-top:0px;\" ><div class=\"fusion-builder-row fusion-row fusion-flex-align-items-flex-start\" style=\"max-width:1275px;margin-left: calc(-2% \/ 2 );margin-right: calc(-2% \/ 2 );\"><div class=\"fusion-layout-column fusion_builder_column fusion-builder-column-4 fusion_builder_column_1_4 1_4 fusion-flex-column\" style=\"--awb-bg-size:cover;--awb-width-large:25%;--awb-spacing-right-large:3.92%;--awb-spacing-left-large:3.92%;--awb-width-medium:25%;--awb-spacing-right-medium:3.92%;--awb-spacing-left-medium:3.92%;--awb-width-small:100%;--awb-spacing-right-small:0.98%;--awb-spacing-left-small:0.98%;\"><div class=\"fusion-column-wrapper fusion-flex-justify-content-flex-start fusion-content-layout-column\"><div class=\"fusion-image-element \"><span class=\" fusion-imageframe imageframe-none imageframe-2 hover-type-none\"><img decoding=\"async\" width=\"229\" height=\"300\" title=\"ourteachers-swami-vishnu-1-782&#215;1024\" src=\"https:\/\/sivanandacanada.org\/montreal\/wp-content\/uploads\/2023\/01\/ourteachers-swami-vishnu-1-782x1024-1-229x300.jpg\" alt class=\"img-responsive wp-image-356\" srcset=\"https:\/\/sivanandacanada.org\/montreal\/wp-content\/uploads\/2023\/01\/ourteachers-swami-vishnu-1-782x1024-1-200x262.jpg 200w, https:\/\/sivanandacanada.org\/montreal\/wp-content\/uploads\/2023\/01\/ourteachers-swami-vishnu-1-782x1024-1.jpg 388w\" sizes=\"(max-width: 640px) 100vw, 229px\" \/><\/span><\/div><\/div><\/div><div class=\"fusion-layout-column fusion_builder_column fusion-builder-column-5 fusion_builder_column_3_4 3_4 fusion-flex-column\" style=\"--awb-bg-size:cover;--awb-width-large:75%;--awb-spacing-right-large:1.3066666666667%;--awb-spacing-left-large:1.3066666666667%;--awb-width-medium:75%;--awb-spacing-right-medium:1.3066666666667%;--awb-spacing-left-medium:1.3066666666667%;--awb-width-small:100%;--awb-spacing-right-small:0.98%;--awb-spacing-left-small:0.98%;\"><div class=\"fusion-column-wrapper fusion-flex-justify-content-flex-start fusion-content-layout-column\"><div class=\"fusion-title title fusion-title-3 fusion-sep-none fusion-title-text fusion-title-size-four\"><h4 class=\"title-heading-left\" style=\"margin:0;\">Swami Vishnudevananda (1927 &#8211; 1993)<\/h4><\/div><div class=\"fusion-text fusion-text-2\"><p>Swami Vishnudevananda v\u00e9cut avec son ma\u00eetre Swami Sivananda pendant 12 ans. En 1957, il part en Am\u00e9rique. Il fonde les Centres Internationaux Sivananda Yoga Vedanta, qu\u2019il \u00e9tablira dans de tr\u00e8s nombreuses villes. Swami Vishnudevananda fut un ma\u00eetre dynamique de hatha et de raja yoga. Il enseigna le yoga et le vedanta en occident dans leurs formes les plus pures. Travailleur infatigable, il oeuvra toute sa vie pour la paix mondiale. Il se rendit dans de nombreuses zones de conflit \u00e0 travers le monde pour y apporter un message de paix. Des milliers d\u2019\u00e9l\u00e8ves furent personnellement form\u00e9s par Swami Vishnudevananda. Beaucoup d\u2019autres furent inspir\u00e9s par ses livres, \u00abLe grand livre du Yoga\u00bb, \u00abM\u00e9ditation et Mantras\u00bb et \u00abLe yoga, guide complet et progressif\u00bb.<\/p>\n<\/div><\/div><\/div><\/div><\/div><\/p>\n","protected":false},"excerpt":{"rendered":"","protected":false},"author":1,"featured_media":0,"parent":0,"menu_order":0,"comment_status":"closed","ping_status":"closed","template":"","meta":{"footnotes":""},"class_list":["post-629","page","type-page","status-publish","hentry"],"_links":{"self":[{"href":"https:\/\/sivanandacanada.org\/montreal\/fr\/wp-json\/wp\/v2\/pages\/629","targetHints":{"allow":["GET"]}}],"collection":[{"href":"https:\/\/sivanandacanada.org\/montreal\/fr\/wp-json\/wp\/v2\/pages"}],"about":[{"href":"https:\/\/sivanandacanada.org\/montreal\/fr\/wp-json\/wp\/v2\/types\/page"}],"author":[{"embeddable":true,"href":"https:\/\/sivanandacanada.org\/montreal\/fr\/wp-json\/wp\/v2\/users\/1"}],"replies":[{"embeddable":true,"href":"https:\/\/sivanandacanada.org\/montreal\/fr\/wp-json\/wp\/v2\/comments?post=629"}],"version-history":[{"count":1,"href":"https:\/\/sivanandacanada.org\/montreal\/fr\/wp-json\/wp\/v2\/pages\/629\/revisions"}],"predecessor-version":[{"id":632,"href":"https:\/\/sivanandacanada.org\/montreal\/fr\/wp-json\/wp\/v2\/pages\/629\/revisions\/632"}],"wp:attachment":[{"href":"https:\/\/sivanandacanada.org\/montreal\/fr\/wp-json\/wp\/v2\/media?parent=629"}],"curies":[{"name":"wp","href":"https:\/\/api.w.org\/{rel}","templated":true}]}}