{"id":1492,"date":"2023-11-13T09:26:32","date_gmt":"2023-11-13T09:26:32","guid":{"rendered":"https:\/\/sivanandacanada.org\/montreal\/?page_id=1492"},"modified":"2026-03-13T21:06:31","modified_gmt":"2026-03-13T21:06:31","slug":"atelier-de-chant-des-mantras","status":"publish","type":"page","link":"https:\/\/sivanandacanada.org\/montreal\/fr\/atelier-de-chant-des-mantras\/","title":{"rendered":"Ayurveda pour d\u00e9butants"},"content":{"rendered":"<p><div class=\"fusion-fullwidth fullwidth-box fusion-builder-row-1 fusion-flex-container nonhundred-percent-fullwidth non-hundred-percent-height-scrolling\" style=\"--awb-border-radius-top-left:0px;--awb-border-radius-top-right:0px;--awb-border-radius-bottom-right:0px;--awb-border-radius-bottom-left:0px;\" ><div class=\"fusion-builder-row fusion-row fusion-flex-align-items-flex-start\" style=\"max-width:1275px;margin-left: calc(-2% \/ 2 );margin-right: calc(-2% \/ 2 );\"><div class=\"fusion-layout-column fusion_builder_column fusion-builder-column-0 fusion_builder_column_1_1 1_1 fusion-flex-column\" style=\"--awb-bg-size:cover;--awb-width-large:100%;--awb-spacing-right-large:0.98%;--awb-spacing-left-large:0.98%;--awb-width-medium:100%;--awb-order-medium:0;--awb-spacing-right-medium:0.98%;--awb-spacing-left-medium:0.98%;--awb-width-small:100%;--awb-order-small:0;--awb-spacing-right-small:0.98%;--awb-spacing-left-small:0.98%;\"><div class=\"fusion-column-wrapper fusion-column-has-shadow fusion-flex-justify-content-flex-start fusion-content-layout-column\"><div class=\"fusion-title title fusion-title-1 fusion-sep-none fusion-title-center fusion-title-text fusion-title-size-one\" style=\"--awb-text-color:var(--awb-color5);\"><h1 class=\"title-heading-center\" style=\"margin:0;\"><strong>Ayurveda pour d\u00e9butants<\/strong><\/h1><\/div><div class=\"fusion-separator\" style=\"align-self: center;margin-left: auto;margin-right: auto;margin-top:0px;margin-bottom:25px;width:100%;max-width:100px;\"><div class=\"fusion-separator-border sep-single sep-solid\" style=\"border-color:var(--awb-color6);border-top-width:2px;\"><\/div><\/div>\n<\/div><\/div><\/div><\/div><div class=\"fusion-fullwidth fullwidth-box fusion-builder-row-2 fusion-flex-container nonhundred-percent-fullwidth non-hundred-percent-height-scrolling\" style=\"--awb-border-radius-top-left:0px;--awb-border-radius-top-right:0px;--awb-border-radius-bottom-right:0px;--awb-border-radius-bottom-left:0px;--awb-margin-top:30px;\" ><div class=\"fusion-builder-row fusion-row fusion-flex-align-items-flex-start\" style=\"max-width:1275px;margin-left: calc(-2% \/ 2 );margin-right: calc(-2% \/ 2 );\"><div class=\"fusion-layout-column fusion_builder_column fusion-builder-column-1 fusion_builder_column_1_2 1_2 fusion-flex-column\" style=\"--awb-bg-size:cover;--awb-width-large:50%;--awb-margin-top-large:0px;--awb-spacing-right-large:1.96%;--awb-margin-bottom-large:0px;--awb-spacing-left-large:1.96%;--awb-width-medium:50%;--awb-spacing-right-medium:1.96%;--awb-spacing-left-medium:1.96%;--awb-width-small:100%;--awb-spacing-right-small:0.98%;--awb-spacing-left-small:0.98%;\"><div class=\"fusion-column-wrapper fusion-flex-justify-content-flex-start fusion-content-layout-column\"><div class=\"fusion-image-element \"><span class=\" fusion-imageframe imageframe-none imageframe-1 hover-type-none\"><img decoding=\"async\" width=\"300\" height=\"150\" title=\"montreal-workshops3\" src=\"http:\/\/sivanandacanada.org\/montreal\/wp-content\/uploads\/2023\/11\/montreal-workshops3-300x150.jpg\" alt class=\"img-responsive wp-image-1480\" srcset=\"https:\/\/sivanandacanada.org\/montreal\/wp-content\/uploads\/2023\/11\/montreal-workshops3-200x100.jpg 200w, https:\/\/sivanandacanada.org\/montreal\/wp-content\/uploads\/2023\/11\/montreal-workshops3-400x200.jpg 400w, https:\/\/sivanandacanada.org\/montreal\/wp-content\/uploads\/2023\/11\/montreal-workshops3-600x300.jpg 600w, https:\/\/sivanandacanada.org\/montreal\/wp-content\/uploads\/2023\/11\/montreal-workshops3.jpg 800w\" sizes=\"(max-width: 640px) 100vw, 300px\" \/><\/span><\/div><\/div><\/div><div class=\"fusion-layout-column fusion_builder_column fusion-builder-column-2 fusion_builder_column_1_2 1_2 fusion-flex-column\" style=\"--awb-bg-size:cover;--awb-width-large:50%;--awb-margin-top-large:0px;--awb-spacing-right-large:1.96%;--awb-margin-bottom-large:0px;--awb-spacing-left-large:1.96%;--awb-width-medium:50%;--awb-spacing-right-medium:1.96%;--awb-spacing-left-medium:1.96%;--awb-width-small:100%;--awb-spacing-right-small:0.98%;--awb-spacing-left-small:0.98%;\"><div class=\"fusion-column-wrapper fusion-flex-justify-content-flex-start fusion-content-layout-column\"><div class=\"fusion-title title fusion-title-2 fusion-sep-none fusion-title-text fusion-title-size-six\"><h6 class=\"title-heading-left\" style=\"margin:0;\">Les jeudis du 26 mars au 23 avril, de 18 h 30 \u00e0 20 h (fran\u00e7ais) \u00a0Cours en ligne<\/h6><\/div><div class=\"fusion-text fusion-text-1\"><p><strong>Ayurveda pour d\u00e9butants<\/strong><\/p>\n<p>L\u2019ayurv\u00e9da est un ancien syst\u00e8me de pr\u00e9vention et de gu\u00e9rison holistique indien pratiqu\u00e9 depuis plus de cinq mille ans. Tout comme le yoga, l\u2019ayurv\u00e9da est orient\u00e9 vers le maintien d\u2019un style de vie \u00e9quilibr\u00e9. Profitez de cette occasion pour en savoir plus sur votre constitution corporelle, sur la th\u00e9orie et l\u2019histoire de l\u2019ayurv\u00e9da ainsi que sur la nutrition ayurv\u00e9dique. Nous apprendrons des fa\u00e7ons simples d\u2019introduire l\u2019ayurv\u00e9da dans notre quotidien.<\/p>\n<p>120 $ pour 5 s\u00e9ances, deux fois par semaine.<br \/>\nSVP, r\u00e9servez votre place,\u00a0<a href=\"mailto:montreal@sivananda.org\" target=\"_blank\" rel=\"noopener\" data-cke-saved-href=\"mailto:montreal@sivananda.org\">montreal@sivananda.org<\/a><\/p>\n<\/div><\/div><\/div><\/div><\/div><\/p>\n","protected":false},"excerpt":{"rendered":"","protected":false},"author":2,"featured_media":0,"parent":0,"menu_order":0,"comment_status":"closed","ping_status":"closed","template":"","meta":{"footnotes":""},"class_list":["post-1492","page","type-page","status-publish","hentry"],"_links":{"self":[{"href":"https:\/\/sivanandacanada.org\/montreal\/fr\/wp-json\/wp\/v2\/pages\/1492","targetHints":{"allow":["GET"]}}],"collection":[{"href":"https:\/\/sivanandacanada.org\/montreal\/fr\/wp-json\/wp\/v2\/pages"}],"about":[{"href":"https:\/\/sivanandacanada.org\/montreal\/fr\/wp-json\/wp\/v2\/types\/page"}],"author":[{"embeddable":true,"href":"https:\/\/sivanandacanada.org\/montreal\/fr\/wp-json\/wp\/v2\/users\/2"}],"replies":[{"embeddable":true,"href":"https:\/\/sivanandacanada.org\/montreal\/fr\/wp-json\/wp\/v2\/comments?post=1492"}],"version-history":[{"count":15,"href":"https:\/\/sivanandacanada.org\/montreal\/fr\/wp-json\/wp\/v2\/pages\/1492\/revisions"}],"predecessor-version":[{"id":1779,"href":"https:\/\/sivanandacanada.org\/montreal\/fr\/wp-json\/wp\/v2\/pages\/1492\/revisions\/1779"}],"wp:attachment":[{"href":"https:\/\/sivanandacanada.org\/montreal\/fr\/wp-json\/wp\/v2\/media?parent=1492"}],"curies":[{"name":"wp","href":"https:\/\/api.w.org\/{rel}","templated":true}]}}