{"id":1400,"date":"2023-06-27T10:53:32","date_gmt":"2023-06-27T10:53:32","guid":{"rendered":"https:\/\/sivanandacanada.org\/montreal\/?page_id=1400"},"modified":"2026-02-21T02:26:45","modified_gmt":"2026-02-21T02:26:45","slug":"principes-et-pratique-dalignement-du-yoga","status":"publish","type":"page","link":"https:\/\/sivanandacanada.org\/montreal\/fr\/principes-et-pratique-dalignement-du-yoga\/","title":{"rendered":"Principes et pratique d&rsquo;alignement du yoga"},"content":{"rendered":"<p><div class=\"fusion-fullwidth fullwidth-box fusion-builder-row-1 fusion-flex-container nonhundred-percent-fullwidth non-hundred-percent-height-scrolling\" style=\"--awb-border-radius-top-left:0px;--awb-border-radius-top-right:0px;--awb-border-radius-bottom-right:0px;--awb-border-radius-bottom-left:0px;\" ><div class=\"fusion-builder-row fusion-row fusion-flex-align-items-flex-start\" style=\"max-width:1275px;margin-left: calc(-2% \/ 2 );margin-right: calc(-2% \/ 2 );\"><div class=\"fusion-layout-column fusion_builder_column fusion-builder-column-0 fusion_builder_column_1_1 1_1 fusion-flex-column\" style=\"--awb-bg-size:cover;--awb-width-large:100%;--awb-spacing-right-large:0.98%;--awb-spacing-left-large:0.98%;--awb-width-medium:100%;--awb-order-medium:0;--awb-spacing-right-medium:0.98%;--awb-spacing-left-medium:0.98%;--awb-width-small:100%;--awb-order-small:0;--awb-spacing-right-small:0.98%;--awb-spacing-left-small:0.98%;\"><div class=\"fusion-column-wrapper fusion-column-has-shadow fusion-flex-justify-content-flex-start fusion-content-layout-column\"><div class=\"fusion-title title fusion-title-1 fusion-sep-none fusion-title-center fusion-title-text fusion-title-size-one\" style=\"--awb-text-color:var(--awb-color5);\"><h1 class=\"title-heading-center\" style=\"margin:0;\"><p>Principes et pratique d&rsquo;alignement du yoga<br \/>\navec Steven Weiss<\/p><\/h1><\/div><div class=\"fusion-text fusion-text-1\"><div class=\"fusion-separator\" style=\"align-self: center;margin-left: auto;margin-right: auto;margin-top:0px;margin-bottom:25px;width:100%;max-width:100px;\"><div class=\"fusion-separator-border sep-single sep-solid\" style=\"border-color:var(--awb-color6);border-top-width:2px;\"><\/div><\/div>\n\n<\/div><div class=\"fusion-title title fusion-title-2 fusion-sep-none fusion-title-center fusion-title-text fusion-title-size-five\"><h5 class=\"title-heading-center\" style=\"margin:0;\">Tuesday, July 5 2023 | 5.30 pm to 8.30m pm | $65<\/h5><\/div><\/div><\/div><\/div><\/div><div class=\"fusion-fullwidth fullwidth-box fusion-builder-row-2 fusion-flex-container has-pattern-background has-mask-background nonhundred-percent-fullwidth non-hundred-percent-height-scrolling\" style=\"--awb-border-radius-top-left:0px;--awb-border-radius-top-right:0px;--awb-border-radius-bottom-right:0px;--awb-border-radius-bottom-left:0px;--awb-margin-top:25px;--awb-margin-bottom:25px;\" ><div class=\"fusion-builder-row fusion-row fusion-flex-align-items-flex-start\" style=\"max-width:1275px;margin-left: calc(-2% \/ 2 );margin-right: calc(-2% \/ 2 );\"><div class=\"fusion-layout-column fusion_builder_column fusion-builder-column-1 fusion_builder_column_1_3 1_3 fusion-flex-column\" style=\"--awb-bg-size:cover;--awb-width-large:33.333333333333%;--awb-spacing-right-large:2.94%;--awb-spacing-left-large:2.94%;--awb-width-medium:33.333333333333%;--awb-order-medium:0;--awb-spacing-right-medium:2.94%;--awb-spacing-left-medium:2.94%;--awb-width-small:100%;--awb-order-small:0;--awb-spacing-right-small:0.98%;--awb-spacing-left-small:0.98%;\"><div class=\"fusion-column-wrapper fusion-column-has-shadow fusion-flex-justify-content-flex-start fusion-content-layout-column\"><div class=\"fusion-image-element \"><span class=\" fusion-imageframe imageframe-none imageframe-1 hover-type-none\"><img decoding=\"async\" width=\"800\" height=\"800\" title=\"Stephen-Weiss-Alignment\" src=\"http:\/\/sivanandacanada.org\/montreal\/wp-content\/uploads\/2023\/06\/Stephen-Weiss-Alignment.jpg\" alt class=\"img-responsive wp-image-1378\" srcset=\"https:\/\/sivanandacanada.org\/montreal\/wp-content\/uploads\/2023\/06\/Stephen-Weiss-Alignment-200x200.jpg 200w, https:\/\/sivanandacanada.org\/montreal\/wp-content\/uploads\/2023\/06\/Stephen-Weiss-Alignment-400x400.jpg 400w, https:\/\/sivanandacanada.org\/montreal\/wp-content\/uploads\/2023\/06\/Stephen-Weiss-Alignment-600x600.jpg 600w, https:\/\/sivanandacanada.org\/montreal\/wp-content\/uploads\/2023\/06\/Stephen-Weiss-Alignment.jpg 800w\" sizes=\"(max-width: 640px) 100vw, 600px\" \/><\/span><\/div><\/div><\/div><div class=\"fusion-layout-column fusion_builder_column fusion-builder-column-2 fusion_builder_column_2_3 2_3 fusion-flex-column\" style=\"--awb-bg-size:cover;--awb-width-large:66.666666666667%;--awb-spacing-right-large:1.47%;--awb-spacing-left-large:1.47%;--awb-width-medium:66.666666666667%;--awb-order-medium:0;--awb-spacing-right-medium:1.47%;--awb-spacing-left-medium:1.47%;--awb-width-small:100%;--awb-order-small:0;--awb-spacing-right-small:0.98%;--awb-spacing-left-small:0.98%;\"><div class=\"fusion-column-wrapper fusion-column-has-shadow fusion-flex-justify-content-flex-start fusion-content-layout-column\"><div class=\"fusion-text fusion-text-2\"><p>La plupart des \u00e9tudiants pratiquent le yoga dans le but commun de trouver de l\u2019aisance et de la gr\u00e2ce dans leurs mouvements, ainsi que de la force et de la stabilit\u00e9 dans leurs postures. Des postures align\u00e9es sont fondamentales pour y parvenir tout en permettant d\u2019augmenter sant\u00e9 et vitalit\u00e9. Align\u00e9es correctement, les asanas lib\u00e8rent la sagesse et le pouvoir de gu\u00e9rison du yoga. La connaissance de l\u2019alignement est suivie de son application dans nos postures.<\/p>\n<p>Cet atelier, est con\u00e7us pour partager les connaissances de l\u2019alignement. Ilest enti\u00e8rement exp\u00e9rientiel, sur le tapis, et pr\u00e9sent\u00e9 dans le cadre d&rsquo;une classe de yoga Les principes sp\u00e9cifiques de la m\u00e9canique posturale et de l\u2019alignement sont explor\u00e9s \u00e0 l\u2019aide des pr\u00e9ceptes avant-gardistes de l\u2019anatomie et de la physiologie de l\u2019exercice. Pourtant, tous les concepts et principes restent coh\u00e9rents avec la philosophie yogique classique.<\/p>\n<p><strong>Ne manquez pas ce s\u00e9minaire \u00e0 Montr\u00e9al!<\/strong><br \/>\n<strong>S&rsquo;inscrire \u00e0, <a href=\"mailto:montreal@sivananda.org\">montreal@sivananda.org<\/a> T\u00e9l. <a href=\"tel:514 2793545\">514 2793545<\/a><\/strong><\/p>\n<\/div><\/div><\/div><div class=\"fusion-layout-column fusion_builder_column fusion-builder-column-3 fusion_builder_column_1_3 1_3 fusion-flex-column\" style=\"--awb-bg-size:cover;--awb-width-large:33.333333333333%;--awb-spacing-right-large:2.94%;--awb-spacing-left-large:2.94%;--awb-width-medium:33.333333333333%;--awb-order-medium:0;--awb-spacing-right-medium:2.94%;--awb-spacing-left-medium:2.94%;--awb-width-small:100%;--awb-order-small:0;--awb-spacing-right-small:0.98%;--awb-spacing-left-small:0.98%;\"><div class=\"fusion-column-wrapper fusion-column-has-shadow fusion-flex-justify-content-flex-start fusion-content-layout-column\"><div class=\"fusion-text fusion-text-3\"><p><strong>Les \u00e9tudiants vont:<\/strong><\/p>\n<ul>\n<li>Apprendre des fa\u00e7ons pratiques et simples de configurer les postures.<\/li>\n<li>Approfondir et faire progresser leur pratique en toute s\u00e9curit\u00e9;<\/li>\n<li>Comprendre comment suivre la constitution naturelle du corps.<\/li>\n<li>Reconna\u00eetre les d\u00e9salignements posturaux courants qui causent des blessures;<\/li>\n<li>Faire du temps pass\u00e9 sur le tapis une exp\u00e9rience th\u00e9rapeutique personnalis\u00e9e.<\/li>\n<\/ul>\n<\/div><\/div><\/div><div class=\"fusion-layout-column fusion_builder_column fusion-builder-column-4 fusion_builder_column_1_3 1_3 fusion-flex-column\" style=\"--awb-bg-size:cover;--awb-width-large:33.333333333333%;--awb-spacing-right-large:2.94%;--awb-spacing-left-large:2.94%;--awb-width-medium:33.333333333333%;--awb-order-medium:0;--awb-spacing-right-medium:2.94%;--awb-spacing-left-medium:2.94%;--awb-width-small:100%;--awb-order-small:0;--awb-spacing-right-small:0.98%;--awb-spacing-left-small:0.98%;\"><div class=\"fusion-column-wrapper fusion-column-has-shadow fusion-flex-justify-content-flex-start fusion-content-layout-column\"><div class=\"fusion-text fusion-text-4\"><p><strong>Sujets couverts:<\/strong><\/p>\n<ul>\n<li>Importance de l\u2019alignement ;<\/li>\n<li>Alignement fondamental et principes m\u00e9caniques ;<\/li>\n<li>Physiologie ligamentaire ;<\/li>\n<li>Physiologie musculaire et \u00e9tirements ;<\/li>\n<li>Fondation et orientations des postures ;<\/li>\n<li>Principes d\u2019alignement complet du corps.<\/li>\n<\/ul>\n<\/div><\/div><\/div><div class=\"fusion-layout-column fusion_builder_column fusion-builder-column-5 fusion_builder_column_1_3 1_3 fusion-flex-column\" style=\"--awb-padding-top:10px;--awb-padding-right:10px;--awb-padding-left:10px;--awb-bg-color:var(--awb-color5);--awb-bg-size:cover;--awb-width-large:33.333333333333%;--awb-spacing-right-large:2.94%;--awb-spacing-left-large:2.94%;--awb-width-medium:33.333333333333%;--awb-order-medium:0;--awb-spacing-right-medium:2.94%;--awb-spacing-left-medium:2.94%;--awb-width-small:100%;--awb-order-small:0;--awb-spacing-right-small:0.98%;--awb-spacing-left-small:0.98%;\"><div class=\"fusion-column-wrapper fusion-column-has-shadow fusion-flex-justify-content-flex-start fusion-content-layout-column\"><div class=\"fusion-text fusion-text-5\" style=\"--awb-text-color:var(--awb-color1);\"><p><strong>Steven Weiss:<\/strong>\u00a0MS, DC, ERYT, C-IAYT, est chiropraticien holistique, nutritionniste et th\u00e9rapeute certifi\u00e9 en yoga.<\/p>\n<p>L\u2019approche de Steven pour enseigner l\u2019anatomie, la m\u00e9canique du yoga et l\u2019alignement postural est toujours pratique et exp\u00e9rientielle. Il vise \u00e0 ce que les \u00e9tudiants soient capables d\u2019appliquer imm\u00e9diatement dans leurs pratiques et leur enseignement les principes explor\u00e9s avec lui dans ses cours. Il est l\u2019auteur de\u00a0The Injury-Free Yoga Practice,\u00a0Integrative Alignment Yoga Therapy\u00a0et\u00a0Yoga Alignment Principles and Practice.<\/p>\n<\/div><\/div><\/div><\/div><\/div><\/p>\n","protected":false},"excerpt":{"rendered":"","protected":false},"author":1,"featured_media":0,"parent":0,"menu_order":0,"comment_status":"closed","ping_status":"closed","template":"","meta":{"footnotes":""},"class_list":["post-1400","page","type-page","status-publish","hentry"],"_links":{"self":[{"href":"https:\/\/sivanandacanada.org\/montreal\/fr\/wp-json\/wp\/v2\/pages\/1400","targetHints":{"allow":["GET"]}}],"collection":[{"href":"https:\/\/sivanandacanada.org\/montreal\/fr\/wp-json\/wp\/v2\/pages"}],"about":[{"href":"https:\/\/sivanandacanada.org\/montreal\/fr\/wp-json\/wp\/v2\/types\/page"}],"author":[{"embeddable":true,"href":"https:\/\/sivanandacanada.org\/montreal\/fr\/wp-json\/wp\/v2\/users\/1"}],"replies":[{"embeddable":true,"href":"https:\/\/sivanandacanada.org\/montreal\/fr\/wp-json\/wp\/v2\/comments?post=1400"}],"version-history":[{"count":5,"href":"https:\/\/sivanandacanada.org\/montreal\/fr\/wp-json\/wp\/v2\/pages\/1400\/revisions"}],"predecessor-version":[{"id":1406,"href":"https:\/\/sivanandacanada.org\/montreal\/fr\/wp-json\/wp\/v2\/pages\/1400\/revisions\/1406"}],"wp:attachment":[{"href":"https:\/\/sivanandacanada.org\/montreal\/fr\/wp-json\/wp\/v2\/media?parent=1400"}],"curies":[{"name":"wp","href":"https:\/\/api.w.org\/{rel}","templated":true}]}}