{"id":2230,"date":"2025-05-16T08:20:49","date_gmt":"2025-05-16T08:20:49","guid":{"rendered":"https:\/\/sivanandacanada.yogacentres.in\/?page_id=2230"},"modified":"2025-07-18T06:07:37","modified_gmt":"2025-07-18T06:07:37","slug":"informations-pratiques-pour-les-vacances-de-yoga","status":"publish","type":"page","link":"https:\/\/sivanandacanada.org\/fr\/vacances-de-yoga\/informations-pratiques-pour-les-vacances-de-yoga\/","title":{"rendered":"Informations pratiques pour les vacances de yoga"},"content":{"rendered":"<div class=\"fusion-fullwidth fullwidth-box fusion-builder-row-1 fusion-flex-container has-pattern-background has-mask-background nonhundred-percent-fullwidth non-hundred-percent-height-scrolling\" style=\"--awb-border-radius-top-left:0px;--awb-border-radius-top-right:0px;--awb-border-radius-bottom-right:0px;--awb-border-radius-bottom-left:0px;--awb-padding-top:25px;--awb-padding-right:50px;--awb-padding-bottom:25px;--awb-padding-left:25px;--awb-margin-top:25px;--awb-flex-wrap:wrap;\" ><div class=\"fusion-builder-row fusion-row fusion-flex-align-items-flex-start fusion-flex-content-wrap\" style=\"max-width:1275px;margin-left: calc(-2% \/ 2 );margin-right: calc(-2% \/ 2 );\"><div class=\"fusion-layout-column fusion_builder_column fusion-builder-column-0 fusion_builder_column_1_1 1_1 fusion-flex-column\" style=\"--awb-padding-top:20px;--awb-padding-right:20px;--awb-padding-bottom:20px;--awb-padding-left:20px;--awb-bg-size:cover;--awb-border-color:var(--awb-color8);--awb-border-style:solid;--awb-width-large:100%;--awb-margin-top-large:0px;--awb-spacing-right-large:0.98%;--awb-margin-bottom-large:0px;--awb-spacing-left-large:0.98%;--awb-width-medium:100%;--awb-order-medium:0;--awb-spacing-right-medium:0.98%;--awb-spacing-left-medium:0.98%;--awb-width-small:100%;--awb-order-small:0;--awb-spacing-right-small:0.98%;--awb-spacing-left-small:0.98%;\" data-scroll-devices=\"small-visibility,medium-visibility,large-visibility\"><div class=\"fusion-column-wrapper fusion-column-has-shadow fusion-flex-justify-content-flex-start fusion-content-layout-column\"><div class=\"fusion-title title fusion-title-1 fusion-sep-none fusion-title-text fusion-title-size-four\" style=\"--awb-margin-bottom:20px;\"><h4 class=\"fusion-title-heading title-heading-left\" style=\"margin:0;\">Informations pratiques<\/h4><\/div><div class=\"fusion-text fusion-text-1\"><p><strong>\u00c0 apporter :<\/strong><\/p>\n<ul>\n<li>V\u00eatements confortables et chauds<\/li>\n<li>Carnet de notes et lampe de poche<\/li>\n<li>Sandales ou chaussons pour l\u2019int\u00e9rieur, chaussures de marche<\/li>\n<li>Serviette, articles de toilette, lota (Neti pot)<\/li>\n<\/ul>\n<p><strong>Comment se rendre au Camp de Yoga :<\/strong><br \/>Les participants sont responsables de leur transport jusqu\u2019au Camp. Les d\u00e9tails pour s\u2019y rendre vous seront envoy\u00e9s apr\u00e8s votre inscription. Veuillez arriver la veille du d\u00e9but du cours et pr\u00e9voir votre d\u00e9part pour le lendemain de la fin du cours. Merci de ne pas arriver en retard ni de pr\u00e9voir un d\u00e9part anticip\u00e9. Vous \u00eates les bienvenus quelques jours avant le d\u00e9but du programme pour vous acclimater \u00e0 l\u2019environnement ou rester quelques jours apr\u00e8s la fin.<\/p>\n<p><strong>Arriv\u00e9e et d\u00e9part :<\/strong><br \/>Pour tous les cours \/ formations \/ certifications : veuillez arriver la veille du d\u00e9but du cours et repartir le lendemain de la fin.<br \/>Programmes de vacances yogiques : la participation \u00e0 tout ou partie du programme est possible. Vous pouvez choisir vos dates d\u2019arriv\u00e9e et de d\u00e9part.<\/p>\n<ul>\n<li>Heure d\u2019enregistrement dans les chambres : 15h<\/li>\n<li>Heure de d\u00e9part des chambres : 11h<\/li>\n<\/ul>\n<p>\u00c0 votre arriv\u00e9e, vous \u00eates invit\u00e9s \u00e0 participer au cours de yoga \u00e0 16h et au d\u00eener \u00e0 18h.<br \/>Les familles avec enfants de 12 ans et moins doivent nous contacter directement pour effectuer leur r\u00e9servation.<\/p>\n<p><strong>Mat\u00e9riel inclus dans les frais du cours :<\/strong><\/p>\n<ul>\n<li>2 pantalons de yoga, 2 t-shirts<\/li>\n<li>Le manuel de la formation TTC<\/li>\n<\/ul>\n<p><strong>Mat\u00e9riel NON inclus dans les frais du cours :<\/strong><\/p>\n<ul>\n<li>The Complete Illustrated Book of Yoga, de Swami Vishnudevananda, Three Rivers Press<\/li>\n<li>Bhagavad Gita avec commentaire, de Swami Sivananda, Divine Life Trust Society<\/li>\n<li>Tapis de yoga, coussin, couverture, set de kriya<\/li>\n<\/ul>\n<p><strong>Lectures compl\u00e9mentaires recommand\u00e9es pour l\u2019\u00e9tude \u00e0 domicile :<\/strong><\/p>\n<ul>\n<li>Yoga \u2013 Guide pratique pour la maison, par le Sivananda Yoga Vedanta Centre, Dorling Kindersley<\/li>\n<li>Guide du d\u00e9butant en yoga, par le Sivananda Yoga Centre, Gaia Books<\/li>\n<li>Yoga, Corps et Esprit, par le Sivananda Yoga Vedanta Centre, Dorling Kindersley<\/li>\n<li>M\u00e9ditation et Mantras, de Swami Vishnudevananda, Motilal Banarsidass Publishers<\/li>\n<\/ul>\n<p>Ces ouvrages sont disponibles dans tous nos centres ou ashrams.<\/p>\n<\/div><\/div><\/div><\/div><\/div>\n","protected":false},"excerpt":{"rendered":"","protected":false},"author":1,"featured_media":0,"parent":2229,"menu_order":0,"comment_status":"closed","ping_status":"closed","template":"100-width.php","meta":{"footnotes":""},"class_list":["post-2230","page","type-page","status-publish","hentry"],"_links":{"self":[{"href":"https:\/\/sivanandacanada.org\/fr\/wp-json\/wp\/v2\/pages\/2230","targetHints":{"allow":["GET"]}}],"collection":[{"href":"https:\/\/sivanandacanada.org\/fr\/wp-json\/wp\/v2\/pages"}],"about":[{"href":"https:\/\/sivanandacanada.org\/fr\/wp-json\/wp\/v2\/types\/page"}],"author":[{"embeddable":true,"href":"https:\/\/sivanandacanada.org\/fr\/wp-json\/wp\/v2\/users\/1"}],"replies":[{"embeddable":true,"href":"https:\/\/sivanandacanada.org\/fr\/wp-json\/wp\/v2\/comments?post=2230"}],"version-history":[{"count":2,"href":"https:\/\/sivanandacanada.org\/fr\/wp-json\/wp\/v2\/pages\/2230\/revisions"}],"predecessor-version":[{"id":2239,"href":"https:\/\/sivanandacanada.org\/fr\/wp-json\/wp\/v2\/pages\/2230\/revisions\/2239"}],"up":[{"embeddable":true,"href":"https:\/\/sivanandacanada.org\/fr\/wp-json\/wp\/v2\/pages\/2229"}],"wp:attachment":[{"href":"https:\/\/sivanandacanada.org\/fr\/wp-json\/wp\/v2\/media?parent=2230"}],"curies":[{"name":"wp","href":"https:\/\/api.w.org\/{rel}","templated":true}]}}