{"id":2192,"date":"2025-05-16T08:08:05","date_gmt":"2025-05-16T08:08:05","guid":{"rendered":"https:\/\/sivanandacanada.yogacentres.in\/?page_id=2192"},"modified":"2025-07-18T05:05:17","modified_gmt":"2025-07-18T05:05:17","slug":"informations-pratiques-pour-la-ttc","status":"publish","type":"page","link":"https:\/\/sivanandacanada.org\/fr\/yoga-teachers-training-course-ttc\/informations-pratiques-pour-la-ttc\/","title":{"rendered":"Informations pratiques pour la TTC"},"content":{"rendered":"<div class=\"fusion-fullwidth fullwidth-box fusion-builder-row-1 fusion-flex-container has-pattern-background has-mask-background nonhundred-percent-fullwidth non-hundred-percent-height-scrolling\" style=\"--awb-border-radius-top-left:0px;--awb-border-radius-top-right:0px;--awb-border-radius-bottom-right:0px;--awb-border-radius-bottom-left:0px;--awb-padding-top:25px;--awb-padding-right:50px;--awb-padding-bottom:25px;--awb-padding-left:25px;--awb-margin-top:25px;--awb-flex-wrap:wrap;\" ><div class=\"fusion-builder-row fusion-row fusion-flex-align-items-flex-start fusion-flex-content-wrap\" style=\"max-width:1275px;margin-left: calc(-2% \/ 2 );margin-right: calc(-2% \/ 2 );\"><div class=\"fusion-layout-column fusion_builder_column fusion-builder-column-0 fusion_builder_column_1_1 1_1 fusion-flex-column\" style=\"--awb-padding-top:20px;--awb-padding-right:20px;--awb-padding-bottom:20px;--awb-padding-left:20px;--awb-bg-size:cover;--awb-border-color:var(--awb-color8);--awb-border-style:solid;--awb-width-large:100%;--awb-margin-top-large:0px;--awb-spacing-right-large:0.98%;--awb-margin-bottom-large:0px;--awb-spacing-left-large:0.98%;--awb-width-medium:100%;--awb-order-medium:0;--awb-spacing-right-medium:0.98%;--awb-spacing-left-medium:0.98%;--awb-width-small:100%;--awb-order-small:0;--awb-spacing-right-small:0.98%;--awb-spacing-left-small:0.98%;\" data-scroll-devices=\"small-visibility,medium-visibility,large-visibility\"><div class=\"fusion-column-wrapper fusion-column-has-shadow fusion-flex-justify-content-flex-start fusion-content-layout-column\"><div class=\"fusion-title title fusion-title-1 fusion-sep-none fusion-title-text fusion-title-size-four\" style=\"--awb-margin-bottom:20px;\"><h4 class=\"fusion-title-heading title-heading-left\" style=\"margin:0;\">Informations pratiques<\/h4><\/div><div class=\"fusion-text fusion-text-1\"><p><strong>Ce qu\u2019il faut apporter :<\/strong><\/p>\n<ul>\n<li>Des v\u00eatements confortables et chauds<\/li>\n<li>Bloc-notes et lampe de poche<\/li>\n<li>Sandales ou chaussons pour l\u2019int\u00e9rieur, chaussures de marche.<\/li>\n<li>Serviette, articles de toilette, pot de Neti<\/li>\n<\/ul>\n<p><strong>Se rendre au camp de yoga<\/strong><br \/>\nLes \u00e9tudiants doivent se rendre au camp par leurs propres moyens. Les d\u00e9tails concernant l\u2019acc\u00e8s au camp vous seront envoy\u00e9s lors de votre inscription. Veuillez arriver la veille du d\u00e9but du cours et pr\u00e9voir votre d\u00e9part le lendemain de la fin du cours. Veuillez ne pas arriver en retard ou pr\u00e9voir de partir t\u00f4t. Vous pouvez arriver quelques jours plus t\u00f4t pour vous acclimater \u00e0 votre nouvel environnement ou rester plus longtemps apr\u00e8s la fin du cours.<\/p>\n<p><strong>Les restrictions de Covid :<\/strong><br \/>\nUn passeport de vaccination est requis pour participer au cours. La distanciation sociale doit \u00eatre observ\u00e9e \u00e0 tout moment. Le port de masques est obligatoire \u00e0 l\u2019int\u00e9rieur et dans les zones communes. Les \u00e9trangers ne sont pas autoris\u00e9s, sauf s\u2019ils peuvent prouver qu\u2019ils ont subi une quarantaine de deux semaines au Canada avant de venir \u00e0 l\u2019ashram. De plus amples informations seront envoy\u00e9es une fois que vous vous serez inscrit.<\/p>\n<p><strong>Arriv\u00e9e et d\u00e9part<\/strong><br \/>\nPour tous les cours\/formations\/certifications : Veuillez pr\u00e9voir d\u2019arriver la veille du d\u00e9but du cours et de repartir le lendemain de sa fin.<br \/>\nProgrammes de vacances de yoga : La participation \u00e0 tout ou partie du programme est accept\u00e9e. Vous pouvez choisir vos dates d\u2019arriv\u00e9e et de d\u00e9part.<\/p>\n<ul>\n<li>Heure d\u2019enregistrement des chambres : 15 heures<\/li>\n<li>Heure de d\u00e9part de la chambre : 11 heures<\/li>\n<\/ul>\n<p>Apr\u00e8s votre arriv\u00e9e, n\u2019h\u00e9sitez pas \u00e0 rejoindre le cours de yoga \u00e0 16 heures et le d\u00eener \u00e0 18 heures. Les familles avec des enfants de 12 ans et moins DOIVENT nous contacter directement pour r\u00e9server leur s\u00e9jour.<\/p>\n<p><strong>Mat\u00e9riel inclus dans le prix du cours<\/strong><\/p>\n<ul>\n<li>2 pantalons de yoga, 2 t-shirts<\/li>\n<li>Manuel TTC<\/li>\n<\/ul>\n<p><strong>Mat\u00e9riel NON couvert par les frais de cours<\/strong><\/p>\n<ul>\n<li>Le livre complet illustr\u00e9 du yoga, par Swami Vishnudevananda, Three Rivers Press<\/li>\n<li>Bhagavad Gita avec un commentaire, par Swami Sivananda, la Divine Life Trust Society<\/li>\n<li>Tapis de yoga, coussin, couverture, ensemble de kriya<\/li>\n<\/ul>\n<p><strong>Autres lectures recommand\u00e9es pour l\u2019\u00e9tude \u00e0 domicile<\/strong><\/p>\n<ul>\n<li>Yoga : Your Home Practice Companion, par le Centre Sivananda Yoga Vedanta, Dorling Kindersley.<\/li>\n<li>Sivananda Beginner\u2019s Guide to Yoga, par le Centre de Yoga Sivananda, Gaia Books<\/li>\n<li>Yoga Mind &amp; Body, par le Centre Sivananda Yoga Vedanta, Dorling Kindersley<\/li>\n<li>M\u00e9ditation et mantras, par Swami Vishnudevananda, Motilal Banarsidass Publishers<\/li>\n<\/ul>\n<p>Ils peuvent \u00eatre achet\u00e9s dans n\u2019importe lequel de nos centres ou ashrams.<\/p>\n<\/div><\/div><\/div><\/div><\/div>\n","protected":false},"excerpt":{"rendered":"","protected":false},"author":1,"featured_media":0,"parent":3179,"menu_order":0,"comment_status":"closed","ping_status":"closed","template":"100-width.php","meta":{"footnotes":""},"class_list":["post-2192","page","type-page","status-publish","hentry"],"_links":{"self":[{"href":"https:\/\/sivanandacanada.org\/fr\/wp-json\/wp\/v2\/pages\/2192","targetHints":{"allow":["GET"]}}],"collection":[{"href":"https:\/\/sivanandacanada.org\/fr\/wp-json\/wp\/v2\/pages"}],"about":[{"href":"https:\/\/sivanandacanada.org\/fr\/wp-json\/wp\/v2\/types\/page"}],"author":[{"embeddable":true,"href":"https:\/\/sivanandacanada.org\/fr\/wp-json\/wp\/v2\/users\/1"}],"replies":[{"embeddable":true,"href":"https:\/\/sivanandacanada.org\/fr\/wp-json\/wp\/v2\/comments?post=2192"}],"version-history":[{"count":3,"href":"https:\/\/sivanandacanada.org\/fr\/wp-json\/wp\/v2\/pages\/2192\/revisions"}],"predecessor-version":[{"id":2197,"href":"https:\/\/sivanandacanada.org\/fr\/wp-json\/wp\/v2\/pages\/2192\/revisions\/2197"}],"up":[{"embeddable":true,"href":"https:\/\/sivanandacanada.org\/fr\/wp-json\/wp\/v2\/pages\/3179"}],"wp:attachment":[{"href":"https:\/\/sivanandacanada.org\/fr\/wp-json\/wp\/v2\/media?parent=2192"}],"curies":[{"name":"wp","href":"https:\/\/api.w.org\/{rel}","templated":true}]}}