{"id":2169,"date":"2025-05-16T08:05:40","date_gmt":"2025-05-16T08:05:40","guid":{"rendered":"https:\/\/sivanandacanada.yogacentres.in\/?page_id=2169"},"modified":"2025-07-17T10:10:13","modified_gmt":"2025-07-17T10:10:13","slug":"informations-pratiques-pour-le-sadhana-intensif","status":"publish","type":"page","link":"https:\/\/sivanandacanada.org\/fr\/informations-pratiques-pour-le-sadhana-intensif\/","title":{"rendered":"Informations pratiques pour le Sadhana Intensif"},"content":{"rendered":"<div class=\"fusion-fullwidth fullwidth-box fusion-builder-row-1 fusion-flex-container has-pattern-background has-mask-background nonhundred-percent-fullwidth non-hundred-percent-height-scrolling\" style=\"--awb-border-radius-top-left:0px;--awb-border-radius-top-right:0px;--awb-border-radius-bottom-right:0px;--awb-border-radius-bottom-left:0px;--awb-padding-top:25px;--awb-padding-right:50px;--awb-padding-bottom:25px;--awb-padding-left:25px;--awb-margin-top:25px;--awb-flex-wrap:wrap;\" ><div class=\"fusion-builder-row fusion-row fusion-flex-align-items-flex-start fusion-flex-content-wrap\" style=\"max-width:1275px;margin-left: calc(-2% \/ 2 );margin-right: calc(-2% \/ 2 );\"><div class=\"fusion-layout-column fusion_builder_column fusion-builder-column-0 fusion_builder_column_1_1 1_1 fusion-flex-column\" style=\"--awb-padding-top:20px;--awb-padding-right:20px;--awb-padding-bottom:20px;--awb-padding-left:20px;--awb-bg-size:cover;--awb-border-color:var(--awb-color8);--awb-border-style:solid;--awb-width-large:100%;--awb-margin-top-large:0px;--awb-spacing-right-large:0.98%;--awb-margin-bottom-large:0px;--awb-spacing-left-large:0.98%;--awb-width-medium:100%;--awb-order-medium:0;--awb-spacing-right-medium:0.98%;--awb-spacing-left-medium:0.98%;--awb-width-small:100%;--awb-order-small:0;--awb-spacing-right-small:0.98%;--awb-spacing-left-small:0.98%;\" data-scroll-devices=\"small-visibility,medium-visibility,large-visibility\"><div class=\"fusion-column-wrapper fusion-column-has-shadow fusion-flex-justify-content-flex-start fusion-content-layout-column\"><div class=\"fusion-title title fusion-title-1 fusion-sep-none fusion-title-text fusion-title-size-four\" style=\"--awb-margin-bottom:20px;\"><h4 class=\"fusion-title-heading title-heading-left\" style=\"margin:0;\">Informations pratiques<\/h4><\/div><div class=\"fusion-text fusion-text-1\"><p><strong>Que faut-il apporter ?<\/strong><\/p>\n<ul>\n<li>Tous les \u00e9tudiants, qu&#8217;ils s\u00e9journent en chambre individuelle ou sous une tente, doivent apporter une tente suffisamment haute pour se tenir debout, un gazebo ou au moins une grande moustiquaire sous laquelle ils pourront pratiquer.<\/li>\n<li>Manuels, articles de toilette, serviette, tapis d&#8217;asana, coussin de m\u00e9ditation, chaussures confortables, v\u00eatements chauds et ch\u00e2le sont utiles. Les boutiques de l&#8217;ashram proposent la plupart de ces articles, notamment des livres, de la papeterie et des v\u00eatements.<\/li>\n<li>N&#8217;oubliez pas d&#8217;apporter vos uniformes TTC. Les \u00e9tudiants sont tenus de porter leur uniforme pendant les satsangs et les conf\u00e9rences.<\/li>\n<li>Les uniformes ne sont pas fournis pour le cours, mais sont g\u00e9n\u00e9ralement disponibles \u00e0 l&#8217;achat \u00e0 la boutique de l&#8217;ashram.<\/li>\n<\/ul>\n<p><strong>Arriv\u00e9e et d\u00e9part<\/strong><\/p>\n<ul>\n<li>Pour tous les cours\/formations\/certifications : veuillez arriver la veille du 11 juin 2022. Le cours d\u00e9bute et le d\u00e9part se fait le lendemain de sa fin, le 26 juin 2022.<\/li>\n<li>Programmes de vacances de yoga : la participation \u00e0 tout ou partie du programme est accept\u00e9e. Vous pouvez choisir vos dates d&#8217;arriv\u00e9e et de d\u00e9part.<\/li>\n<li>Arriv\u00e9e en chambre : 15 h<\/li>\n<li>D\u00e9part en chambre : 11 h<\/li>\n<li>Apr\u00e8s votre arriv\u00e9e, n&#8217;h\u00e9sitez pas \u00e0 rejoindre le cours de yoga \u00e0 16 h et le d\u00eener \u00e0 18 h.<\/li>\n<\/ul>\n<\/div><\/div><\/div><\/div><\/div>\n","protected":false},"excerpt":{"rendered":"","protected":false},"author":1,"featured_media":0,"parent":0,"menu_order":0,"comment_status":"closed","ping_status":"closed","template":"100-width.php","meta":{"footnotes":""},"class_list":["post-2169","page","type-page","status-publish","hentry"],"_links":{"self":[{"href":"https:\/\/sivanandacanada.org\/fr\/wp-json\/wp\/v2\/pages\/2169","targetHints":{"allow":["GET"]}}],"collection":[{"href":"https:\/\/sivanandacanada.org\/fr\/wp-json\/wp\/v2\/pages"}],"about":[{"href":"https:\/\/sivanandacanada.org\/fr\/wp-json\/wp\/v2\/types\/page"}],"author":[{"embeddable":true,"href":"https:\/\/sivanandacanada.org\/fr\/wp-json\/wp\/v2\/users\/1"}],"replies":[{"embeddable":true,"href":"https:\/\/sivanandacanada.org\/fr\/wp-json\/wp\/v2\/comments?post=2169"}],"version-history":[{"count":4,"href":"https:\/\/sivanandacanada.org\/fr\/wp-json\/wp\/v2\/pages\/2169\/revisions"}],"predecessor-version":[{"id":2174,"href":"https:\/\/sivanandacanada.org\/fr\/wp-json\/wp\/v2\/pages\/2169\/revisions\/2174"}],"wp:attachment":[{"href":"https:\/\/sivanandacanada.org\/fr\/wp-json\/wp\/v2\/media?parent=2169"}],"curies":[{"name":"wp","href":"https:\/\/api.w.org\/{rel}","templated":true}]}}