{"id":2091,"date":"2024-12-09T12:29:33","date_gmt":"2024-12-09T12:29:33","guid":{"rendered":"https:\/\/sivanandacanada.yogacentres.in\/?page_id=2091"},"modified":"2025-07-17T07:51:13","modified_gmt":"2025-07-17T07:51:13","slug":"yoga-pour-debutants","status":"publish","type":"page","link":"https:\/\/sivanandacanada.org\/fr\/cours\/yoga-pour-debutants\/","title":{"rendered":"Yoga pour d\u00e9butants"},"content":{"rendered":"<p><div class=\"fusion-fullwidth fullwidth-box fusion-builder-row-1 fusion-flex-container has-pattern-background has-mask-background nonhundred-percent-fullwidth non-hundred-percent-height-scrolling\" style=\"--link_color: var(--awb-color6);--awb-border-radius-top-left:0px;--awb-border-radius-top-right:0px;--awb-border-radius-bottom-right:0px;--awb-border-radius-bottom-left:0px;--awb-padding-top:0px;--awb-padding-bottom:0px;--awb-flex-wrap:wrap;\" ><div class=\"fusion-builder-row fusion-row fusion-flex-align-items-center fusion-flex-justify-content-center fusion-flex-content-wrap\" style=\"max-width:1275px;margin-left: calc(-2% \/ 2 );margin-right: calc(-2% \/ 2 );\"><div class=\"fusion-layout-column fusion_builder_column fusion-builder-column-0 fusion_builder_column_1_1 1_1 fusion-flex-column fusion-animated\" style=\"--awb-padding-bottom:20px;--awb-bg-size:cover;--awb-width-large:100%;--awb-margin-top-large:25px;--awb-spacing-right-large:0.98%;--awb-margin-bottom-large:0px;--awb-spacing-left-large:0.98%;--awb-width-medium:100%;--awb-order-medium:0;--awb-spacing-right-medium:0.98%;--awb-spacing-left-medium:0.98%;--awb-width-small:100%;--awb-order-small:0;--awb-spacing-right-small:0.98%;--awb-spacing-left-small:0.98%;\" data-animationType=\"fadeInLeft\" data-animationDuration=\"0.5\" data-animationOffset=\"top-into-view\" data-scroll-devices=\"small-visibility,medium-visibility,large-visibility\"><div class=\"fusion-column-wrapper fusion-column-has-shadow fusion-flex-justify-content-flex-start fusion-content-layout-column\"><div class=\"fusion-text fusion-text-1\"><p><strong>Cours de m\u00e9ditation pour d\u00e9butants<\/strong><\/p>\n<p>Apprenez les bases de la m\u00e9ditation pour d\u00e9velopper votre concentration, apaiser votre esprit et trouver la paix int\u00e9rieure.<\/p>\n<ul>\n<li>5 cours hebdomadaires | 90 minutes chacun<\/li>\n<li>Aborde : comment m\u00e9diter, les bienfaits, la pr\u00e9paration, les techniques de base et la mise en place d&#8217;une pratique r\u00e9guli\u00e8re.<\/li>\n<\/ul>\n<p><strong>Cours de yoga pour d\u00e9butants<\/strong><\/p>\n<p>Introduction \u00e9tape par \u00e9tape au yoga Sivananda en petit groupe. Comprend les postures (\u0101sanas), la respiration (pr\u0101\u1e47\u0101y\u0101ma) et les bases de la m\u00e9ditation.<\/p>\n<ul>\n<li>5 cours hebdomadaires | 90 minutes chacun<\/li>\n<li>Tarif : 120 $<\/li>\n<li>Aucune exp\u00e9rience pr\u00e9alable n&#8217;est requise<\/li>\n<\/ul>\n<\/div><\/div><\/div><\/div><\/div><div class=\"fusion-fullwidth fullwidth-box fusion-builder-row-2 fusion-flex-container has-pattern-background has-mask-background nonhundred-percent-fullwidth non-hundred-percent-height-scrolling\" style=\"--link_color: var(--awb-color6);--awb-border-radius-top-left:0px;--awb-border-radius-top-right:0px;--awb-border-radius-bottom-right:0px;--awb-border-radius-bottom-left:0px;--awb-flex-wrap:wrap;\" ><div class=\"fusion-builder-row fusion-row fusion-flex-align-items-center fusion-flex-justify-content-center fusion-flex-content-wrap\" style=\"max-width:1275px;margin-left: calc(-2% \/ 2 );margin-right: calc(-2% \/ 2 );\"><div class=\"fusion-layout-column fusion_builder_column fusion-builder-column-1 fusion_builder_column_1_4 1_4 fusion-flex-column fusion-flex-align-self-stretch fusion-column-inner-bg-wrapper\" style=\"--awb-padding-top:100px;--awb-padding-right:20px;--awb-padding-bottom:20px;--awb-padding-left:20px;--awb-overflow:hidden;--awb-inner-bg-color:rgba(20,22,23,0.25);--awb-inner-bg-color-hover:rgba(20,22,23,0.25);--awb-inner-bg-image:linear-gradient(180deg, rgba(20,22,23,0) 50%,var(--awb-color8) 100%),url(http:\/\/sivanandacanada.yogacentres.in\/wp-content\/uploads\/2025\/02\/Sivananda-Canada-Sadhana-Intensive-1600x800-00.jpg);;--awb-inner-bg-blend:overlay;--awb-inner-bg-size:cover;--awb-border-radius:15px 15px 15px 15px;--awb-inner-bg-border-radius:15px 15px 15px 15px;--awb-inner-bg-overflow:hidden;--awb-width-large:25%;--awb-margin-top-large:0px;--awb-spacing-right-large:3.92%;--awb-margin-bottom-large:20px;--awb-spacing-left-large:3.92%;--awb-width-medium:25%;--awb-order-medium:0;--awb-spacing-right-medium:3.92%;--awb-spacing-left-medium:3.92%;--awb-width-small:100%;--awb-order-small:0;--awb-spacing-right-small:0.98%;--awb-spacing-left-small:0.98%;\" data-scroll-devices=\"small-visibility,medium-visibility,large-visibility\"><span class=\"fusion-column-inner-bg hover-type-none\"><a class=\"fusion-column-anchor\" href=\"https:\/\/sivanandacanada.yogacentres.in\/fr\/cours\/yoga-pour-debutants\/cours-de-meditation-pour-debutants\/\" target=\"_blank\" rel=\"noopener\"><span class=\"fusion-column-inner-bg-image\"><\/span><\/a><\/span><div class=\"fusion-column-wrapper fusion-column-has-shadow fusion-flex-justify-content-flex-end fusion-content-layout-column fusion-column-has-bg-image\" data-bg-url=\"http:\/\/sivanandacanada.yogacentres.in\/wp-content\/uploads\/2025\/02\/Sivananda-Canada-Sadhana-Intensive-1600x800-00.jpg\"><div class=\"fusion-title title fusion-title-1 fusion-sep-none fusion-title-text fusion-title-size-five\" style=\"--awb-text-color:var(--awb-color1);--awb-margin-bottom:0px;\"><h5 class=\"fusion-title-heading title-heading-left\" style=\"margin:0;text-shadow:1px 2px 0px var(--awb-color8);\">Cours de m\u00e9ditation pour d\u00e9butants<\/h5><\/div><\/div><\/div><div class=\"fusion-layout-column fusion_builder_column fusion-builder-column-2 fusion_builder_column_1_4 1_4 fusion-flex-column fusion-flex-align-self-stretch fusion-column-inner-bg-wrapper\" style=\"--awb-padding-top:20px;--awb-padding-right:20px;--awb-padding-bottom:20px;--awb-padding-left:20px;--awb-overflow:hidden;--awb-inner-bg-color:rgba(20,22,23,0.25);--awb-inner-bg-color-hover:rgba(20,22,23,0.25);--awb-inner-bg-image:linear-gradient(180deg, rgba(20,22,23,0) 50%,var(--awb-color8) 100%),url(http:\/\/sivanandacanada.yogacentres.in\/wp-content\/uploads\/2025\/05\/sivananda-montreal-beginnerscourse-1200x800-1.jpg);;--awb-inner-bg-blend:overlay;--awb-inner-bg-size:cover;--awb-border-radius:15px 15px 15px 15px;--awb-inner-bg-border-radius:15px 15px 15px 15px;--awb-inner-bg-overflow:hidden;--awb-width-large:25%;--awb-margin-top-large:0px;--awb-spacing-right-large:3.92%;--awb-margin-bottom-large:20px;--awb-spacing-left-large:3.92%;--awb-width-medium:25%;--awb-order-medium:0;--awb-spacing-right-medium:3.92%;--awb-spacing-left-medium:3.92%;--awb-width-small:100%;--awb-order-small:0;--awb-spacing-right-small:0.98%;--awb-spacing-left-small:0.98%;\" data-scroll-devices=\"small-visibility,medium-visibility,large-visibility\"><span class=\"fusion-column-inner-bg hover-type-none\"><a class=\"fusion-column-anchor\" href=\"https:\/\/sivanandacanada.yogacentres.in\/fr\/cours\/yoga-pour-debutants\/cours-de-yoga-pour-debutants\/\" target=\"_blank\" rel=\"noopener\"><span class=\"fusion-column-inner-bg-image\"><\/span><\/a><\/span><div class=\"fusion-column-wrapper fusion-column-has-shadow fusion-flex-justify-content-flex-end fusion-content-layout-column fusion-column-has-bg-image\" data-bg-url=\"http:\/\/sivanandacanada.yogacentres.in\/wp-content\/uploads\/2025\/05\/sivananda-montreal-beginnerscourse-1200x800-1.jpg\"><div class=\"fusion-title title fusion-title-2 fusion-sep-none fusion-title-text fusion-title-size-five\" style=\"--awb-text-color:var(--awb-color1);--awb-margin-bottom:0px;\"><h5 class=\"fusion-title-heading title-heading-left\" style=\"margin:0;text-shadow:1px 2px 0px var(--awb-color8);\">Cours de Yoga pour d\u00e9butants<\/h5><\/div><\/div><\/div><\/div><\/div><\/p>\n","protected":false},"excerpt":{"rendered":"","protected":false},"author":1,"featured_media":0,"parent":2095,"menu_order":0,"comment_status":"closed","ping_status":"closed","template":"100-width.php","meta":{"footnotes":""},"class_list":["post-2091","page","type-page","status-publish","hentry"],"_links":{"self":[{"href":"https:\/\/sivanandacanada.org\/fr\/wp-json\/wp\/v2\/pages\/2091","targetHints":{"allow":["GET"]}}],"collection":[{"href":"https:\/\/sivanandacanada.org\/fr\/wp-json\/wp\/v2\/pages"}],"about":[{"href":"https:\/\/sivanandacanada.org\/fr\/wp-json\/wp\/v2\/types\/page"}],"author":[{"embeddable":true,"href":"https:\/\/sivanandacanada.org\/fr\/wp-json\/wp\/v2\/users\/1"}],"replies":[{"embeddable":true,"href":"https:\/\/sivanandacanada.org\/fr\/wp-json\/wp\/v2\/comments?post=2091"}],"version-history":[{"count":9,"href":"https:\/\/sivanandacanada.org\/fr\/wp-json\/wp\/v2\/pages\/2091\/revisions"}],"predecessor-version":[{"id":2132,"href":"https:\/\/sivanandacanada.org\/fr\/wp-json\/wp\/v2\/pages\/2091\/revisions\/2132"}],"up":[{"embeddable":true,"href":"https:\/\/sivanandacanada.org\/fr\/wp-json\/wp\/v2\/pages\/2095"}],"wp:attachment":[{"href":"https:\/\/sivanandacanada.org\/fr\/wp-json\/wp\/v2\/media?parent=2091"}],"curies":[{"name":"wp","href":"https:\/\/api.w.org\/{rel}","templated":true}]}}