{"id":2081,"date":"2025-05-16T08:09:59","date_gmt":"2025-05-16T08:09:59","guid":{"rendered":"https:\/\/sivanandacanada.yogacentres.in\/?page_id=2081"},"modified":"2025-07-17T07:12:53","modified_gmt":"2025-07-17T07:12:53","slug":"informations-pratiques-pour-attc","status":"publish","type":"page","link":"https:\/\/sivanandacanada.org\/fr\/informations-pratiques-pour-attc\/","title":{"rendered":"Informations pratiques pour ATTC"},"content":{"rendered":"<div class=\"fusion-fullwidth fullwidth-box fusion-builder-row-1 fusion-flex-container has-pattern-background has-mask-background nonhundred-percent-fullwidth non-hundred-percent-height-scrolling\" style=\"--awb-border-radius-top-left:0px;--awb-border-radius-top-right:0px;--awb-border-radius-bottom-right:0px;--awb-border-radius-bottom-left:0px;--awb-padding-top:25px;--awb-padding-right:50px;--awb-padding-bottom:25px;--awb-padding-left:25px;--awb-margin-top:25px;--awb-flex-wrap:wrap;\" ><div class=\"fusion-builder-row fusion-row fusion-flex-align-items-flex-start fusion-flex-content-wrap\" style=\"max-width:1275px;margin-left: calc(-2% \/ 2 );margin-right: calc(-2% \/ 2 );\"><div class=\"fusion-layout-column fusion_builder_column fusion-builder-column-0 fusion_builder_column_1_1 1_1 fusion-flex-column\" style=\"--awb-padding-top:20px;--awb-padding-right:20px;--awb-padding-bottom:20px;--awb-padding-left:20px;--awb-bg-size:cover;--awb-border-color:var(--awb-color8);--awb-border-style:solid;--awb-width-large:100%;--awb-margin-top-large:0px;--awb-spacing-right-large:0.98%;--awb-margin-bottom-large:0px;--awb-spacing-left-large:0.98%;--awb-width-medium:100%;--awb-order-medium:0;--awb-spacing-right-medium:0.98%;--awb-spacing-left-medium:0.98%;--awb-width-small:100%;--awb-order-small:0;--awb-spacing-right-small:0.98%;--awb-spacing-left-small:0.98%;\" data-scroll-devices=\"small-visibility,medium-visibility,large-visibility\"><div class=\"fusion-column-wrapper fusion-column-has-shadow fusion-flex-justify-content-flex-start fusion-content-layout-column\"><div class=\"fusion-title title fusion-title-1 fusion-sep-none fusion-title-text fusion-title-size-four\" style=\"--awb-margin-bottom:20px;\"><h4 class=\"fusion-title-heading title-heading-left\" style=\"margin:0;\">Informations pratiques<\/h4><\/div><div class=\"fusion-text fusion-text-1\"><p><strong>Supports de cours<\/strong><\/p>\n<ul>\n<li>Meditation and Mantras, par Swami Vishnudevananda, Motilal Banarsidass Publishers<\/li>\n<li>The Complete Illustrated Book of Yoga, par Swami Vishnudevananda, Three Rivers Press<\/li>\n<\/ul>\n<p><strong>Que faut-il apporter ?<\/strong><\/p>\n<ul>\n<li>Manuel de TTC et uniformes de l&#8217;enseignant<\/li>\n<li>Tapis de yoga, coussin, couverture (vous trouverez une vaste s\u00e9lection d&#8217;accessoires de yoga dans la boutique de yoga sur place)<\/li>\n<li>V\u00eatements confortables et chauds<\/li>\n<li>Carnet de notes, lampe de poche<\/li>\n<li>Sandales ou pantoufles pour l&#8217;int\u00e9rieur, chaussures de marche<\/li>\n<li>Serviette, articles de toilette, pot de Neti<\/li>\n<\/ul>\n<p><strong>Arriv\u00e9e et d\u00e9part<\/strong><\/p>\n<ul>\n<li>Pour tous les cours, formations et certifications: Veuillez pr\u00e9voir d&#8217;arriver la veille du d\u00e9but du cours et de partir le lendemain de la fin du cours.<\/li>\n<li>Programmes de vacances de yoga: La participation \u00e0 tout ou partie du programme est accept\u00e9e. Vous pouvez choisir vos dates d&#8217;arriv\u00e9e et de d\u00e9part.<\/li>\n<li>Heure d&#8217;arriv\u00e9e dans les chambres : 15 heures<\/li>\n<li>Heure de d\u00e9part des chambres : 11 heures<\/li>\n<li>Apr\u00e8s votre arriv\u00e9e, n&#8217;h\u00e9sitez pas \u00e0 participer au cours de yoga \u00e0 16 heures et au d\u00eener \u00e0 18 heures. Les familles avec des enfants de moins de 12 ans DOIVENT nous contacter directement pour r\u00e9server leur s\u00e9jour.<\/li>\n<\/ul>\n<\/div><\/div><\/div><\/div><\/div>\n","protected":false},"excerpt":{"rendered":"","protected":false},"author":1,"featured_media":0,"parent":0,"menu_order":0,"comment_status":"closed","ping_status":"closed","template":"100-width.php","meta":{"footnotes":""},"class_list":["post-2081","page","type-page","status-publish","hentry"],"_links":{"self":[{"href":"https:\/\/sivanandacanada.org\/fr\/wp-json\/wp\/v2\/pages\/2081","targetHints":{"allow":["GET"]}}],"collection":[{"href":"https:\/\/sivanandacanada.org\/fr\/wp-json\/wp\/v2\/pages"}],"about":[{"href":"https:\/\/sivanandacanada.org\/fr\/wp-json\/wp\/v2\/types\/page"}],"author":[{"embeddable":true,"href":"https:\/\/sivanandacanada.org\/fr\/wp-json\/wp\/v2\/users\/1"}],"replies":[{"embeddable":true,"href":"https:\/\/sivanandacanada.org\/fr\/wp-json\/wp\/v2\/comments?post=2081"}],"version-history":[{"count":3,"href":"https:\/\/sivanandacanada.org\/fr\/wp-json\/wp\/v2\/pages\/2081\/revisions"}],"predecessor-version":[{"id":2103,"href":"https:\/\/sivanandacanada.org\/fr\/wp-json\/wp\/v2\/pages\/2081\/revisions\/2103"}],"wp:attachment":[{"href":"https:\/\/sivanandacanada.org\/fr\/wp-json\/wp\/v2\/media?parent=2081"}],"curies":[{"name":"wp","href":"https:\/\/api.w.org\/{rel}","templated":true}]}}