{"id":4841,"date":"2026-01-16T00:13:10","date_gmt":"2026-01-16T00:13:10","guid":{"rendered":"https:\/\/sivanandacanada.yogacentres.in\/?page_id=4841"},"modified":"2026-01-16T00:14:17","modified_gmt":"2026-01-16T00:14:17","slug":"how-to-reach","status":"publish","type":"page","link":"https:\/\/sivanandacanada.org\/camp\/how-to-reach\/","title":{"rendered":"How to Reach"},"content":{"rendered":"<div class=\"fusion-fullwidth fullwidth-box fusion-builder-row-1 fusion-flex-container has-pattern-background has-mask-background nonhundred-percent-fullwidth non-hundred-percent-height-scrolling\" style=\"--awb-border-radius-top-left:0px;--awb-border-radius-top-right:0px;--awb-border-radius-bottom-right:0px;--awb-border-radius-bottom-left:0px;--awb-flex-wrap:wrap;\" ><div class=\"fusion-builder-row fusion-row fusion-flex-align-items-flex-start fusion-flex-content-wrap\" style=\"max-width:1275px;margin-left: calc(-2% \/ 2 );margin-right: calc(-2% \/ 2 );\"><div class=\"fusion-layout-column fusion_builder_column fusion-builder-column-0 fusion_builder_column_1_1 1_1 fusion-flex-column\" style=\"--awb-bg-size:cover;--awb-width-large:100%;--awb-margin-top-large:0px;--awb-spacing-right-large:0.98%;--awb-margin-bottom-large:20px;--awb-spacing-left-large:0.98%;--awb-width-medium:100%;--awb-order-medium:0;--awb-spacing-right-medium:0.98%;--awb-spacing-left-medium:0.98%;--awb-width-small:100%;--awb-order-small:0;--awb-spacing-right-small:0.98%;--awb-spacing-left-small:0.98%;\"><div class=\"fusion-column-wrapper fusion-column-has-shadow fusion-flex-justify-content-flex-start fusion-content-layout-column\"><div class=\"fusion-text fusion-text-1\"><p><strong>By car<\/strong><br \/>\nRoute 15 North from Montreal to Exit 76 (Val-David, Val-Morin). Take the 117 North for 200 metres. Turn right to Val-Morin. Follow the blue road signs (Camp Yoga Sivananda). If you rent a car from the Montreal-Trudeau Airport (formerly Dorval), follow road signs to Mont-Tremblant. This will lead you to Route 15 North.<\/p>\n<p style=\"font-weight: 400;\">How to get to the Ashram<\/p>\n<ol>\n<li><strong> Taxi \/ Private transfer (most direct)<\/strong><\/li>\n<\/ol>\n<ul>\n<li>You can book a private car or airport transfer from YUL straight to the ashram. For example websites list services for \u201cMontreal airport to Val Morin\u201d.\u00a0<a href=\"https:\/\/www.suntransfers.com\/montreal-trudeau-international-airport-to-val-morin?utm_source=chatgpt.com\" target=\"_blank\" rel=\"noopener\">suntransfers.com+1<\/a><\/li>\n<li>Time: About\u00a0<strong>1 h 10 min<\/strong>\u00a0(distance ~80-90 km) under good traffic.<\/li>\n<li>Cost: Likely\u00a0<strong>CAD 170-230<\/strong>\u00a0(or more depending on vehicle\/size\/time).<\/li>\n<\/ul>\n<p style=\"font-weight: 400;\">If you have many bags or arrive late, this is the most comfortable option<\/p>\n<ol start=\"2\">\n<li><strong> Bus \/ Public transit combination\u00a0<\/strong><\/li>\n<\/ol>\n<ul>\n<li>Step 1: From YUL take the airport bus: STM 747 to downtown Montr\u00e9al (or to the main bus terminal).\u00a0Fare ~ CAD 11.25 for a 24h pass.\u00a0<a href=\"https:\/\/www.stm.info\/en\/info\/networks\/bus-network-and-schedules-enlightened\/747-yul-montreal-trudeau-airport-downtown?utm_source=chatgpt.com\" target=\"_blank\" rel=\"noopener\">Soci\u00e9t\u00e9 de transport de Montr\u00e9al+1<\/a><\/li>\n<li>Step 2: From Montr\u00e9al bus terminal take a bus (for example Autobus Galland) to Val-Morin. Tickets from around\u00a0<strong>CAD 20-30<\/strong>\u00a0one-way.\u00a0<a href=\"https:\/\/www.busbud.com\/fr\/bus-montreal-val-morin\/r\/f25dvk-f25jxz?utm_source=chatgpt.com\" target=\"_blank\" rel=\"noopener\">Busbud+1<\/a><\/li>\n<li>Time: Combined ~\u00a0<strong>2 \u00bd to 3+ hours<\/strong>\u00a0depending on connections. For example it says Montreal\u2192Val-Morin by bus ~2h38m.\u00a0<a href=\"https:\/\/www.busbud.com\/en\/bus-montreal-val-morin\/r\/f25dvk-f25jxz?utm_source=chatgpt.com\" target=\"_blank\" rel=\"noopener\">Busbud<\/a><\/li>\n<\/ul>\n<p><strong>Bus\/Public Transit Option<\/strong><\/p>\n<ul>\n<li>You would take the airport bus (STM 747 Express) from YUL into Montr\u00e9al, then change to an intercity bus (Autobus Galland) to Val-Morin. According to travel-planner estimates: from YUL to Val Morin via bus is about\u00a0<strong>3h 50m<\/strong>\u00a0and costs approx CAD $23-30.<\/li>\n<li>For the Montr\u00e9al \u2192 Val-Morin leg: Autobus Galland runs this route about twice daily; tickets around CAD $20-25, duration about 2h 8m.<\/li>\n<li>According to one schedule from Galland, there are stops in Val-Morin at e.g., 09:38 and 17:08.\u00a0<a href=\"https:\/\/www.galland-bus.com\/DATA\/TRAJET\/48~v~horaire-a-compter-du-21-aout-2022.pdf?utm_source=chatgpt.com\" target=\"_blank\" rel=\"noopener\">galland-bus.com<\/a><br \/>\n<strong>Tip<\/strong>: If your flight arrives late, double-check the last bus from Montr\u00e9al to Val-Morin \u2014 one traveller noted the \u201clast bus with stops in Val Morin is at ~16h15\u201d in older references.<br \/>\n<strong>Estimated total cost<\/strong>: ~\u00a0<strong>CAD $30-35<\/strong>\u00a0one-way (bus only)<br \/>\n<strong>Estimated time<\/strong>: ~\u00a0<strong>3\u00bd-4 hours<\/strong><\/li>\n<\/ul>\n<p>Look up the Galland bus and call 450-687-8666 for bus times. Please arrange a pick up (10$) with the reception at yogacampreception@sivananda.org or call 819 322 3226 ext 314.<\/p>\n<p><strong>Pick up shuttle from Val Morin bus station to the Sivananda Yoga Camp $ 12.00 per run.<\/strong><\/p>\n<\/div><\/div><\/div><\/div><\/div>\n","protected":false},"excerpt":{"rendered":"","protected":false},"author":1,"featured_media":0,"parent":0,"menu_order":0,"comment_status":"closed","ping_status":"closed","template":"100-width.php","meta":{"footnotes":""},"class_list":["post-4841","page","type-page","status-publish","hentry"],"_links":{"self":[{"href":"https:\/\/sivanandacanada.org\/camp\/wp-json\/wp\/v2\/pages\/4841","targetHints":{"allow":["GET"]}}],"collection":[{"href":"https:\/\/sivanandacanada.org\/camp\/wp-json\/wp\/v2\/pages"}],"about":[{"href":"https:\/\/sivanandacanada.org\/camp\/wp-json\/wp\/v2\/types\/page"}],"author":[{"embeddable":true,"href":"https:\/\/sivanandacanada.org\/camp\/wp-json\/wp\/v2\/users\/1"}],"replies":[{"embeddable":true,"href":"https:\/\/sivanandacanada.org\/camp\/wp-json\/wp\/v2\/comments?post=4841"}],"version-history":[{"count":3,"href":"https:\/\/sivanandacanada.org\/camp\/wp-json\/wp\/v2\/pages\/4841\/revisions"}],"predecessor-version":[{"id":4845,"href":"https:\/\/sivanandacanada.org\/camp\/wp-json\/wp\/v2\/pages\/4841\/revisions\/4845"}],"wp:attachment":[{"href":"https:\/\/sivanandacanada.org\/camp\/wp-json\/wp\/v2\/media?parent=4841"}],"curies":[{"name":"wp","href":"https:\/\/api.w.org\/{rel}","templated":true}]}}