{"id":5143,"date":"2026-01-18T12:17:59","date_gmt":"2026-01-18T12:17:59","guid":{"rendered":"https:\/\/sivanandacanada.org\/camp\/kids-camp\/practical-information\/"},"modified":"2026-02-11T14:10:41","modified_gmt":"2026-02-11T14:10:41","slug":"practical-information-kids-camp","status":"publish","type":"page","link":"https:\/\/sivanandacanada.org\/camp\/fr\/practical-information-kids-camp\/","title":{"rendered":"Practical Information Kids Camp &#8211; FR"},"content":{"rendered":"<p><div class=\"fusion-fullwidth fullwidth-box fusion-builder-row-1 fusion-flex-container has-pattern-background has-mask-background nonhundred-percent-fullwidth non-hundred-percent-height-scrolling\" style=\"--awb-border-radius-top-left:0px;--awb-border-radius-top-right:0px;--awb-border-radius-bottom-right:0px;--awb-border-radius-bottom-left:0px;--awb-padding-top:150px;--awb-padding-bottom:0px;--awb-background-color:var(--awb-color1);--awb-flex-wrap:wrap;\" ><div class=\"fusion-builder-row fusion-row fusion-flex-align-items-flex-start fusion-flex-content-wrap\" style=\"max-width:1275px;margin-left: calc(-2% \/ 2 );margin-right: calc(-2% \/ 2 );\"><div class=\"fusion-layout-column fusion_builder_column fusion-builder-column-0 fusion_builder_column_1_1 1_1 fusion-flex-column\" style=\"--awb-z-index:101;--awb-padding-top:20px;--awb-padding-right:25px;--awb-padding-bottom:20px;--awb-padding-left:25px;--awb-bg-size:cover;--awb-width-large:100%;--awb-margin-top-large:0px;--awb-spacing-right-large:0.98%;--awb-margin-bottom-large:0px;--awb-spacing-left-large:0.98%;--awb-width-medium:100%;--awb-order-medium:0;--awb-spacing-right-medium:0.98%;--awb-spacing-left-medium:0.98%;--awb-width-small:100%;--awb-order-small:0;--awb-spacing-right-small:0.98%;--awb-spacing-left-small:0.98%;\" data-scroll-devices=\"small-visibility,medium-visibility,large-visibility\"><div class=\"fusion-column-wrapper fusion-column-has-shadow fusion-flex-justify-content-flex-start fusion-content-layout-column\"><div class=\"fusion-title title fusion-title-1 fusion-sep-none fusion-title-center fusion-title-text fusion-title-size-one fusion-animated\" style=\"--awb-text-color:var(--awb-color4);\" data-animationType=\"fadeInUp\" data-animationDuration=\"0.5\" data-animationOffset=\"top-into-view\"><h1 class=\"fusion-title-heading title-heading-center\">Informations pratiques pour le Kids Camp<\/h1><\/div><div class=\"fusion-image-element \" style=\"text-align:center;--awb-margin-top:10px;--awb-margin-bottom:20px;--awb-max-width:400px;--awb-caption-title-font-family:var(--h2_typography-font-family);--awb-caption-title-font-weight:var(--h2_typography-font-weight);--awb-caption-title-font-style:var(--h2_typography-font-style);--awb-caption-title-size:var(--h2_typography-font-size);--awb-caption-title-transform:var(--h2_typography-text-transform);--awb-caption-title-line-height:var(--h2_typography-line-height);--awb-caption-title-letter-spacing:var(--h2_typography-letter-spacing);\"><span class=\" fusion-imageframe imageframe-none imageframe-1 hover-type-none\" style=\"border-radius:15px;\"><img decoding=\"async\" width=\"800\" height=\"80\" title=\"Sivananda-Canada-Underline-MapleLeaf-2x\" src=\"https:\/\/sivanandacanada.org\/camp\/wp-content\/uploads\/2026\/01\/Sivananda-Canada-Underline-MapleLeaf-2x.webp\" data-orig-src=\"https:\/\/sivanandacanada.yogacentres.in\/wp-content\/uploads\/2026\/01\/Sivananda-Canada-Underline-MapleLeaf-2x.webp\" alt class=\"lazyload img-responsive wp-image-4839\" srcset=\"data:image\/svg+xml,%3Csvg%20xmlns%3D%27http%3A%2F%2Fwww.w3.org%2F2000%2Fsvg%27%20width%3D%27800%27%20height%3D%2780%27%20viewBox%3D%270%200%20800%2080%27%3E%3Crect%20width%3D%27800%27%20height%3D%2780%27%20fill-opacity%3D%220%22%2F%3E%3C%2Fsvg%3E\" data-srcset=\"https:\/\/sivanandacanada.org\/camp\/wp-content\/uploads\/2026\/01\/Sivananda-Canada-Underline-MapleLeaf-2x-400x40.webp 400w, https:\/\/sivanandacanada.org\/camp\/wp-content\/uploads\/2026\/01\/Sivananda-Canada-Underline-MapleLeaf-2x.webp 800w\" data-sizes=\"auto\" data-orig-sizes=\"(max-width: 640px) 100vw, 800px\" \/><\/span><\/div>\n<\/div><\/div><\/div><\/div><div class=\"fusion-fullwidth fullwidth-box fusion-builder-row-2 fusion-flex-container has-pattern-background has-mask-background nonhundred-percent-fullwidth non-hundred-percent-height-scrolling\" style=\"--link_color: var(--awb-color1);--awb-border-radius-top-left:0px;--awb-border-radius-top-right:0px;--awb-border-radius-bottom-right:0px;--awb-border-radius-bottom-left:0px;--awb-padding-top:25px;--awb-padding-right:50px;--awb-padding-bottom:25px;--awb-padding-left:25px;--awb-margin-top:25px;--awb-flex-wrap:wrap;\" ><div class=\"fusion-builder-row fusion-row fusion-flex-align-items-flex-start fusion-flex-content-wrap\" style=\"max-width:1275px;margin-left: calc(-2% \/ 2 );margin-right: calc(-2% \/ 2 );\"><div class=\"fusion-layout-column fusion_builder_column fusion-builder-column-1 fusion_builder_column_1_1 1_1 fusion-flex-column\" style=\"--awb-padding-top:20px;--awb-padding-right:20px;--awb-padding-bottom:20px;--awb-padding-left:20px;--awb-overflow:hidden;--awb-bg-size:cover;--awb-border-color:var(--awb-color3);--awb-border-top:1px;--awb-border-right:1px;--awb-border-bottom:1px;--awb-border-left:1px;--awb-border-style:dotted;--awb-border-radius:15px 15px 15px 15px;--awb-width-large:100%;--awb-margin-top-large:0px;--awb-spacing-right-large:0.98%;--awb-margin-bottom-large:0px;--awb-spacing-left-large:0.98%;--awb-width-medium:100%;--awb-order-medium:0;--awb-spacing-right-medium:0.98%;--awb-spacing-left-medium:0.98%;--awb-width-small:100%;--awb-order-small:0;--awb-spacing-right-small:0.98%;--awb-spacing-left-small:0.98%;\" data-scroll-devices=\"small-visibility,medium-visibility,large-visibility\"><div class=\"fusion-column-wrapper fusion-column-has-shadow fusion-flex-justify-content-flex-start fusion-content-layout-column\"><div class=\"fusion-title title fusion-title-2 fusion-sep-none fusion-title-text fusion-title-size-five\" style=\"--awb-margin-bottom:20px;\"><h5 class=\"fusion-title-heading title-heading-left\" style=\"margin:0;\">Que faut il apporter ?<\/h5><\/div><div class=\"fusion-text fusion-text-1\"><p>Tous les v\u00eatements, chaussures et gourdes doivent \u00eatre \u00e9tiquet\u00e9s. Les enfants sont invit\u00e9s \u00e0 apporter les articles suivants :<\/p>\n<ul>\n<li>Sac de couchage chaud adapt\u00e9 \u00e0 0 \u00b0C ou moins<\/li>\n<li>Oreiller, drap de sac et taie d\u2019oreiller<\/li>\n<li>Tapis de Yoga<\/li>\n<li>Sac \u00e0 linge<\/li>\n<li>Chaussures de marche ou baskets<\/li>\n<li>Sandales<\/li>\n<li>Chaussures de randonn\u00e9e<\/li>\n<li>Gourde<\/li>\n<li>Lampe de poche et piles<\/li>\n<li>Chapeau ou casquette pour le soleil<\/li>\n<li>Deux sweatshirts et cinq t shirts<\/li>\n<li>Deux \u00e0 trois pantalons longs et deux \u00e0 trois pantalons courts<\/li>\n<li>Deux t shirts \u00e0 manches longues<\/li>\n<li>Huit sous v\u00eatements<\/li>\n<li>Huit paires de chaussettes<\/li>\n<li>Veste chaude<\/li>\n<li>Imperm\u00e9able<\/li>\n<li>Deux maillots de bain<\/li>\n<li>Les enfants peuvent porter leurs v\u00eatements personnels pendant la journ\u00e9e. Un uniforme sera fourni pour les satsangs du matin et du soir, comprenant m\u00e9ditation silencieuse, chants de mantras et enseignements.<\/li>\n<\/ul>\n<\/div><div class=\"fusion-separator fusion-full-width-sep\" style=\"align-self: flex-start;margin-right:auto;margin-top:15px;margin-bottom:25px;width:100%;max-width:100%;\"><div class=\"fusion-separator-border sep-single sep-dotted\" style=\"--awb-height:20px;--awb-amount:20px;--awb-sep-color:var(--awb-color4);border-color:var(--awb-color4);border-top-width:2px;\"><\/div><\/div>\n<div class=\"fusion-title title fusion-title-3 fusion-sep-none fusion-title-text fusion-title-size-five\" style=\"--awb-margin-bottom:20px;\"><h5 class=\"fusion-title-heading title-heading-left\" style=\"margin:0;\">Comment se rendre au camp de Yoga<\/h5><\/div><div class=\"fusion-text fusion-text-2\"><ol>\n<li>Taxi ou transfert priv\u00e9 (option la plus directe)\n<ul>\n<li>Il est possible de r\u00e9server une voiture priv\u00e9e ou un transfert depuis l\u2019a\u00e9roport YUL directement jusqu\u2019\u00e0 l\u2019ashram. Certains sites proposent ce service sous \u00ab Montreal airport to Val Morin \u00bb, par exemple suntransfers.com.<\/li>\n<li>Dur\u00e9e : environ 1 h 10 min selon la circulation (distance approximative de 80 \u00e0 90 km).<\/li>\n<li>Co\u00fbt : g\u00e9n\u00e9ralement entre 170 et 230 dollars canadiens, voire plus selon le type de v\u00e9hicule, le nombre de passagers et l\u2019horaire.<\/li>\n<li>Option la plus confortable en cas de bagages nombreux ou d\u2019arriv\u00e9e tardive.<\/li>\n<\/ul>\n<\/li>\n<li>Bus et transports publics combin\u00e9s\n<ul>\n<li>\u00c9tape 1 : Depuis l\u2019a\u00e9roport YUL, prendre le bus 747 de la STM vers le centre-ville de Montr\u00e9al ou la gare routi\u00e8re principale. Tarif approximatif 11,25 dollars canadiens pour un laissez-passer de 24 heures. Soci\u00e9t\u00e9 de transport de Montr\u00e9al.<\/li>\n<li>\u00c9tape 2 : Depuis la gare routi\u00e8re de Montr\u00e9al, prendre un bus vers Val Morin, par exemple avec Autobus Galland. Billets \u00e0 partir d\u2019environ 20 \u00e0 30 dollars canadiens pour un aller simple. Busbud.<\/li>\n<li>Dur\u00e9e : environ 2 h 30 \u00e0 plus de 3 heures selon les correspondances. Le trajet Montr\u00e9al \u2192 Val Morin en bus est d\u2019environ 2 h 38 min selon Busbud.<\/li>\n<\/ul>\n<\/li>\n<li>Option bus et transport public\n<ul>\n<li>Prendre le bus express STM 747 depuis l\u2019a\u00e9roport YUL jusqu\u2019\u00e0 Montr\u00e9al, puis correspondance avec un bus interurbain Autobus Galland vers Val Morin.<\/li>\n<li>Selon les estimateurs de trajets, le parcours YUL \u2192 Val Morin en bus dure environ 3 h 50 min pour un co\u00fbt estim\u00e9 entre 23 et 30 dollars canadiens.<\/li>\n<li>Pour le trajet Montr\u00e9al \u2192 Val Morin : Autobus Galland assure ce service environ deux fois par jour ; billets autour de 20 \u00e0 25 dollars canadiens, dur\u00e9e approximative 2 h 8 min.<\/li>\n<li>D\u2019apr\u00e8s un horaire de Galland, certains arr\u00eats \u00e0 Val Morin sont par exemple \u00e0 09 h 38 et 17 h 08. galland-bus.com.<\/li>\n<li>Conseil : en cas d\u2019arriv\u00e9e tardive \u00e0 Montr\u00e9al, v\u00e9rifier le dernier d\u00e9part vers Val Morin. D\u2019anciennes r\u00e9f\u00e9rences indiquent un dernier bus desservant Val Morin vers 16 h 15.<\/li>\n<li>Co\u00fbt total estim\u00e9 : environ 30 \u00e0 35 dollars canadiens pour un aller simple (bus uniquement).<\/li>\n<li>Dur\u00e9e estim\u00e9e : environ 3 h 30 \u00e0 4 heures.<\/li>\n<\/ul>\n<\/li>\n<li>Navette depuis la gare routi\u00e8re de Val Morin jusqu\u2019au camp de Yoga Sivananda : 12 dollars canadiens par trajet.<\/li>\n<\/ol>\n<\/div><div class=\"fusion-separator fusion-full-width-sep\" style=\"align-self: flex-start;margin-right:auto;margin-top:15px;margin-bottom:25px;width:100%;max-width:100%;\"><div class=\"fusion-separator-border sep-single sep-dotted\" style=\"--awb-height:20px;--awb-amount:20px;--awb-sep-color:var(--awb-color4);border-color:var(--awb-color4);border-top-width:2px;\"><\/div><\/div>\n<div class=\"fusion-title title fusion-title-4 fusion-sep-none fusion-title-text fusion-title-size-five\" style=\"--awb-margin-bottom:20px;\"><h5 class=\"fusion-title-heading title-heading-left\" style=\"margin:0;\">Repas et h\u00e9bergement<\/h5><\/div><div class=\"fusion-text fusion-text-3\"><p>Les enfants dorment dans des cabanes, r\u00e9partis par \u00e2ge et par sexe, en petits groupes de quatre \u00e0 cinq enfants, sous la supervision d\u2019un moniteur.<\/p>\n<p>Pr\u00e9par\u00e9s avec amour et attention selon les principes de l\u2019alimentation yogique, trois repas lacto v\u00e9g\u00e9tariens sont servis chaque jour. Une attention particuli\u00e8re est port\u00e9e aux besoins nutritionnels des enfants, tout en proposant une alimentation \u00e0 la fois savoureuse et propice \u00e0 un esprit calme. Chaque repas est parfaitement \u00e9quilibr\u00e9 et comprend de nombreuses sources de prot\u00e9ines. Les c\u00e9r\u00e9ales compl\u00e8tes, les lentilles, les haricots, les l\u00e9gumineuses, le tofu, les graines, les fruits \u00e0 coque et les pur\u00e9es d\u2019ol\u00e9agineux, \u00e0 l\u2019exception des arachides, constituent l\u2019essentiel des apports prot\u00e9iques. Chaque repas est \u00e9galement \u00e9quilibr\u00e9 en glucides et accompagn\u00e9 de produits frais.<\/p>\n<p>Les menus proposent aussi bien des plats d\u2019inspiration orientale, tels que le riz, les nouilles, le pain, les lentilles et les currys, que des plats occidentaux comme les p\u00e2tes et la pizza. Chaque repas est garanti \u00e9quilibr\u00e9, nutritif et d\u00e9licieux.<\/p>\n<\/div><div class=\"fusion-separator fusion-full-width-sep\" style=\"align-self: flex-start;margin-right:auto;margin-top:15px;margin-bottom:25px;width:100%;max-width:100%;\"><div class=\"fusion-separator-border sep-single sep-dotted\" style=\"--awb-height:20px;--awb-amount:20px;--awb-sep-color:var(--awb-color4);border-color:var(--awb-color4);border-top-width:2px;\"><\/div><\/div>\n<div class=\"fusion-title title fusion-title-5 fusion-sep-none fusion-title-text fusion-title-size-five\" style=\"--awb-margin-bottom:20px;\"><h5 class=\"fusion-title-heading title-heading-left\" style=\"margin:0;\">Le lieu<\/h5><\/div><div class=\"fusion-text fusion-text-4\"><p>Situ\u00e9 dans les magnifiques montagnes Laurentiennes, l\u2019ashram s\u2019\u00e9tend sur 350 acres dans l\u2019un des sites les plus spectaculaires du Canada, au c\u0153ur du petit village de Val Morin. Nich\u00e9 au milieu des for\u00eats et des champs du camp de Yoga Sivananda, le site offre aux enfants un acc\u00e8s encadr\u00e9 \u00e0 la piscine de l\u2019ashram ainsi qu\u2019aux vastes espaces naturels environnants.<\/p>\n<p>La nature et l\u2019espace permettent aux enfants de d\u00e9couvrir la beaut\u00e9 de l\u2019environnement de mani\u00e8re ludique et dynamique.<\/p>\n<\/div><\/div><\/div><\/div><\/div><\/p>\n","protected":false},"excerpt":{"rendered":"","protected":false},"author":1,"featured_media":0,"parent":0,"menu_order":0,"comment_status":"closed","ping_status":"closed","template":"100-width.php","meta":{"footnotes":""},"class_list":["post-5143","page","type-page","status-publish","hentry"],"_links":{"self":[{"href":"https:\/\/sivanandacanada.org\/camp\/fr\/wp-json\/wp\/v2\/pages\/5143","targetHints":{"allow":["GET"]}}],"collection":[{"href":"https:\/\/sivanandacanada.org\/camp\/fr\/wp-json\/wp\/v2\/pages"}],"about":[{"href":"https:\/\/sivanandacanada.org\/camp\/fr\/wp-json\/wp\/v2\/types\/page"}],"author":[{"embeddable":true,"href":"https:\/\/sivanandacanada.org\/camp\/fr\/wp-json\/wp\/v2\/users\/1"}],"replies":[{"embeddable":true,"href":"https:\/\/sivanandacanada.org\/camp\/fr\/wp-json\/wp\/v2\/comments?post=5143"}],"version-history":[{"count":4,"href":"https:\/\/sivanandacanada.org\/camp\/fr\/wp-json\/wp\/v2\/pages\/5143\/revisions"}],"predecessor-version":[{"id":5858,"href":"https:\/\/sivanandacanada.org\/camp\/fr\/wp-json\/wp\/v2\/pages\/5143\/revisions\/5858"}],"wp:attachment":[{"href":"https:\/\/sivanandacanada.org\/camp\/fr\/wp-json\/wp\/v2\/media?parent=5143"}],"curies":[{"name":"wp","href":"https:\/\/api.w.org\/{rel}","templated":true}]}}