{"id":2155,"date":"2024-12-09T12:24:39","date_gmt":"2024-12-09T12:24:39","guid":{"rendered":"https:\/\/sivanandacanada.yogacentres.in\/?page_id=2155"},"modified":"2025-07-17T09:10:45","modified_gmt":"2025-07-17T09:10:45","slug":"a-propos","status":"publish","type":"page","link":"https:\/\/sivanandacanada.org\/camp\/fr\/a-propos\/","title":{"rendered":"\u00c0 propos"},"content":{"rendered":"<div class=\"fusion-fullwidth fullwidth-box fusion-builder-row-1 fusion-flex-container has-pattern-background has-mask-background nonhundred-percent-fullwidth non-hundred-percent-height-scrolling\" style=\"--awb-border-radius-top-left:0px;--awb-border-radius-top-right:0px;--awb-border-radius-bottom-right:0px;--awb-border-radius-bottom-left:0px;--awb-flex-wrap:wrap;\" ><div class=\"fusion-builder-row fusion-row fusion-flex-align-items-flex-start fusion-flex-content-wrap\" style=\"max-width:1275px;margin-left: calc(-2% \/ 2 );margin-right: calc(-2% \/ 2 );\"><div class=\"fusion-layout-column fusion_builder_column fusion-builder-column-0 fusion_builder_column_1_1 1_1 fusion-flex-column\" style=\"--awb-bg-size:cover;--awb-width-large:100%;--awb-margin-top-large:0px;--awb-spacing-right-large:0.98%;--awb-margin-bottom-large:20px;--awb-spacing-left-large:0.98%;--awb-width-medium:100%;--awb-order-medium:0;--awb-spacing-right-medium:0.98%;--awb-spacing-left-medium:0.98%;--awb-width-small:100%;--awb-order-small:0;--awb-spacing-right-small:0.98%;--awb-spacing-left-small:0.98%;\"><div class=\"fusion-column-wrapper fusion-column-has-shadow fusion-flex-justify-content-flex-start fusion-content-layout-column\"><div class=\"fusion-text fusion-text-1\"><p>Les Centres internationaux de yoga v\u00e9danta Sivananda sont une organisation \u00e0 but non lucratif nomm\u00e9e d&rsquo;apr\u00e8s <a href=\"https:\/\/sivanandacanada.yogacentres.in\/fr\/notre-lignee\/#_Swami-Sivananda\" target=\"_blank\" rel=\"noopener noreferrer\" data-saferedirecturl=\"https:\/\/www.google.com\/url?q=https:\/\/www.sivananda.org\/teachings\/swami-sivananda.html&amp;source=gmail&amp;ust=1614013601985000&amp;usg=AFQjCNFv66qn_CGygBkgJ6fZqg-LYfMqLw\">Swami Sivananda<\/a>, l&rsquo;un des ma\u00eetres spirituels les plus influents du XXe si\u00e8cle et fond\u00e9 par son disciple <a href=\"https:\/\/sivanandacanada.yogacentres.in\/fr\/notre-lignee\/#_Swami-Vishnu\" target=\"_blank\" rel=\"noopener noreferrer\" data-saferedirecturl=\"https:\/\/www.google.com\/url?q=https:\/\/www.sivananda.org\/teachings\/swami-vishnudevananda.html&amp;source=gmail&amp;ust=1614013601985000&amp;usg=AFQjCNGSoj2DQZcrhbH-CFWm4te-JMhlkA\">Swami Vishnudevananda<\/a>.<\/p>\n<p>Notre mission : r\u00e9pandre la paix, la sant\u00e9 et la joie par le yoga. Vous \u00eates tous invit\u00e9s \u00e0 venir dans nos ashrams et centres pour d\u00e9couvrir non seulement comment le yoga peut contribuer \u00e0 maintenir un corps sain, mais aussi comment la philosophie yogique, appliqu\u00e9e au quotidien, peut contribuer \u00e0 la paix int\u00e9rieure.<\/p>\n<p>En 1957, Swami Vishnudevananda, sur les instructions de son gourou, Swami Sivananda, est venu en Occident pour apporter les enseignements du yoga. Il a \u00e9tabli le premier centre Sivananda Yoga Vedanta \u00e0 Montr\u00e9al, au Canada, en 1959. \u00c0 ce jour, il existe pr\u00e8s de <a href=\"https:\/\/www.sivananda.org\/locations\/\" target=\"_blank\" rel=\"noopener noreferrer\" data-saferedirecturl=\"https:\/\/www.google.com\/url?q=https:\/\/www.sivananda.org\/locations\/&amp;source=gmail&amp;ust=1614013601985000&amp;usg=AFQjCNFSHwtNzQ3MJu6Rr4L26RBfv5GVpw\">60 centres Sivananda<\/a> (ashrams, centres de yoga et centres affili\u00e9s) dans le monde. Plus de 50 000 enseignants ont \u00e9t\u00e9 form\u00e9s gr\u00e2ce aux programmes <a href=\"\/teachers-training\/yoga-teachers-training-course-ttc\/\" target=\"_blank\" rel=\"noopener noreferrer\" data-saferedirecturl=\"https:\/\/www.google.com\/url?q=https:\/\/www.sivananda.org\/yoga-teacher-training\/&amp;source=gmail&amp;ust=1614013601985000&amp;usg=AFQjCNErGr2rariavC_gTkZRj3TY8E6Y4g\">TTC<\/a>.<\/p>\n<p>Les ashrams et centres Sivananda Yoga Vedanta sont reconnus mondialement pour leur enseignement authentique du yoga, pr\u00e9servant ainsi sa puret\u00e9 et sa tradition mill\u00e9naire. Ils proposent \u00e9galement un large \u00e9ventail de programmes et m\u00eame la possibilit\u00e9 de progresser spirituellement gr\u00e2ce au Karma yoga, que ce soit en tant que participant temporaire ou permanent.<\/p>\n<p>Swami Vishnudevananda a rendu les enseignements yogiques compr\u00e9hensibles et accessibles \u00e0 tous en les simplifiant en <a href=\"https:\/\/sivanandacanada.yogacentres.in\/teachings\/5-points-of-yoga\/\" target=\"_blank\" rel=\"noopener noreferrer\" data-saferedirecturl=\"https:\/\/www.google.com\/url?q=https:\/\/www.sivananda.org\/teachings\/fivepoints.html&amp;source=gmail&amp;ust=1614013601985000&amp;usg=AFQjCNHvUlid3q1ZkkNVCfHZTFEwoZ6c2w\">cinq points<\/a>, montrant des moyens sp\u00e9cifiques de d\u00e9velopper sa sant\u00e9 physique et mentale, ainsi que sa croissance spirituelle, gr\u00e2ce \u00e0 l&rsquo;exercice physique (asanas), la respiration (pranayama), la relaxation (savasana), une alimentation saine (v\u00e9g\u00e9tarienne), la pens\u00e9e positive (v\u00e9danta) et la m\u00e9ditation (dhyana).<\/p>\n<p>Avec la renaissance par Swami Sivananda de la tradition du yoga de synth\u00e8se, qui int\u00e8gre les <a href=\"https:\/\/www.sivananda.org\/teachings\/fourpaths.html\" target=\"_blank\" rel=\"noopener noreferrer\" data-saferedirecturl=\"https:\/\/www.google.com\/url?q=https:\/\/www.sivananda.org\/teachings\/fourpaths.html&amp;source=gmail&amp;ust=1614013601985000&amp;usg=AFQjCNGrOHgAVJ8PTNUi_m3QG8E9N7HpPw\">quatre voies du yoga<\/a> (Karma, Bhakti, Raja, Jnana), une Sadhana (discipline spirituelle) bien \u00e9quilibr\u00e9e est r\u00e9alisable pour ceux qui recherchent sinc\u00e8rement un changement dans leur vie.<\/p>\n<\/div><\/div><\/div><\/div><\/div>\n","protected":false},"excerpt":{"rendered":"","protected":false},"author":1,"featured_media":0,"parent":0,"menu_order":0,"comment_status":"closed","ping_status":"closed","template":"","meta":{"footnotes":""},"class_list":["post-2155","page","type-page","status-publish","hentry"],"_links":{"self":[{"href":"https:\/\/sivanandacanada.org\/camp\/fr\/wp-json\/wp\/v2\/pages\/2155","targetHints":{"allow":["GET"]}}],"collection":[{"href":"https:\/\/sivanandacanada.org\/camp\/fr\/wp-json\/wp\/v2\/pages"}],"about":[{"href":"https:\/\/sivanandacanada.org\/camp\/fr\/wp-json\/wp\/v2\/types\/page"}],"author":[{"embeddable":true,"href":"https:\/\/sivanandacanada.org\/camp\/fr\/wp-json\/wp\/v2\/users\/1"}],"replies":[{"embeddable":true,"href":"https:\/\/sivanandacanada.org\/camp\/fr\/wp-json\/wp\/v2\/comments?post=2155"}],"version-history":[{"count":2,"href":"https:\/\/sivanandacanada.org\/camp\/fr\/wp-json\/wp\/v2\/pages\/2155\/revisions"}],"predecessor-version":[{"id":2157,"href":"https:\/\/sivanandacanada.org\/camp\/fr\/wp-json\/wp\/v2\/pages\/2155\/revisions\/2157"}],"wp:attachment":[{"href":"https:\/\/sivanandacanada.org\/camp\/fr\/wp-json\/wp\/v2\/media?parent=2155"}],"curies":[{"name":"wp","href":"https:\/\/api.w.org\/{rel}","templated":true}]}}