{"id":1462,"date":"2024-12-09T12:25:14","date_gmt":"2024-12-09T12:25:14","guid":{"rendered":"https:\/\/sivanandacanada.yogacentres.in\/?page_id=1462"},"modified":"2026-04-06T06:03:42","modified_gmt":"2026-04-06T06:03:42","slug":"notre-lignee","status":"publish","type":"page","link":"https:\/\/sivanandacanada.org\/camp\/fr\/notre-lignee\/","title":{"rendered":"Notre lign\u00e9e"},"content":{"rendered":"<p><div id=\"Swami-Sivananda\" class=\"fusion-container-anchor\"><div class=\"fusion-fullwidth fullwidth-box fusion-builder-row-1 fusion-flex-container has-pattern-background has-mask-background nonhundred-percent-fullwidth non-hundred-percent-height-scrolling\" style=\"--awb-border-radius-top-left:0px;--awb-border-radius-top-right:0px;--awb-border-radius-bottom-right:0px;--awb-border-radius-bottom-left:0px;--awb-flex-wrap:wrap;\" ><div class=\"fusion-builder-row fusion-row fusion-flex-align-items-flex-start fusion-flex-content-wrap\" style=\"max-width:1275px;margin-left: calc(-2% \/ 2 );margin-right: calc(-2% \/ 2 );\"><div class=\"fusion-layout-column fusion_builder_column fusion-builder-column-0 fusion_builder_column_1_3 1_3 fusion-flex-column\" style=\"--awb-padding-right:20px;--awb-padding-bottom:20px;--awb-overflow:hidden;--awb-bg-size:cover;--awb-border-color:var(--awb-color4);--awb-border-right:2px;--awb-border-bottom:2px;--awb-border-style:solid;--awb-border-radius:0px 0px 15px 0px;--awb-width-large:33.333333333333%;--awb-margin-top-large:0px;--awb-spacing-right-large:2.94%;--awb-margin-bottom-large:20px;--awb-spacing-left-large:2.94%;--awb-width-medium:33.333333333333%;--awb-order-medium:0;--awb-spacing-right-medium:2.94%;--awb-spacing-left-medium:2.94%;--awb-width-small:100%;--awb-order-small:0;--awb-spacing-right-small:0.98%;--awb-spacing-left-small:0.98%;\" data-scroll-devices=\"small-visibility,medium-visibility,large-visibility\"><div class=\"fusion-column-wrapper fusion-column-has-shadow fusion-flex-justify-content-flex-start fusion-content-layout-column\"><div class=\"fusion-image-element \" style=\"--awb-caption-title-font-family:var(--h2_typography-font-family);--awb-caption-title-font-weight:var(--h2_typography-font-weight);--awb-caption-title-font-style:var(--h2_typography-font-style);--awb-caption-title-size:var(--h2_typography-font-size);--awb-caption-title-transform:var(--h2_typography-text-transform);--awb-caption-title-line-height:var(--h2_typography-line-height);--awb-caption-title-letter-spacing:var(--h2_typography-letter-spacing);\"><span class=\" fusion-imageframe imageframe-none imageframe-1 hover-type-none\" style=\"border-radius:15px;\"><img decoding=\"async\" width=\"387\" height=\"509\" title=\"Swami-Sivananda\" src=\"data:image\/svg+xml,%3Csvg%20xmlns%3D%27http%3A%2F%2Fwww.w3.org%2F2000%2Fsvg%27%20width%3D%27387%27%20height%3D%27509%27%20viewBox%3D%270%200%20387%20509%27%3E%3Crect%20width%3D%27387%27%20height%3D%27509%27%20fill-opacity%3D%220%22%2F%3E%3C%2Fsvg%3E\" data-orig-src=\"https:\/\/sivanandacanada.org\/camp\/wp-content\/uploads\/2026\/01\/Swami-Sivananda.webp\" alt class=\"lazyload img-responsive wp-image-4823\"\/><\/span><\/div><\/div><\/div><div class=\"fusion-layout-column fusion_builder_column fusion-builder-column-1 fusion_builder_column_2_3 2_3 fusion-flex-column\" style=\"--awb-bg-size:cover;--awb-width-large:66.666666666667%;--awb-margin-top-large:0px;--awb-spacing-right-large:1.47%;--awb-margin-bottom-large:20px;--awb-spacing-left-large:1.47%;--awb-width-medium:66.666666666667%;--awb-order-medium:0;--awb-spacing-right-medium:1.47%;--awb-spacing-left-medium:1.47%;--awb-width-small:100%;--awb-order-small:0;--awb-spacing-right-small:0.98%;--awb-spacing-left-small:0.98%;\"><div class=\"fusion-column-wrapper fusion-column-has-shadow fusion-flex-justify-content-flex-start fusion-content-layout-column\"><div class=\"fusion-title title fusion-title-1 fusion-sep-none fusion-title-text fusion-title-size-two\" style=\"--awb-font-size:20px;\"><h2 class=\"fusion-title-heading title-heading-left\" style=\"font-size:1em;line-height:1.5;\">Swami Sivananda (1887 \u2013 1963)<\/h2><\/div><div class=\"fusion-separator\" style=\"align-self: flex-start;margin-right:auto;margin-top:5px;margin-bottom:5px;width:100%;max-width:50%;\"><div class=\"fusion-separator-border sep-single sep-solid\" style=\"--awb-height:20px;--awb-amount:20px;--awb-sep-color:var(--awb-color5);border-color:var(--awb-color5);border-top-width:2px;\"><\/div><\/div>\n<div class=\"fusion-text fusion-text-1\" style=\"--awb-content-alignment:justify;\"><p>Swami Sivananda est l\u2019un des plus grands sages des temps modernes et l\u2019inspirateur de notre organisation. Ses enseignements sont une synth\u00e8se de toutes les doctrines formelles du yoga.<\/p>\n<p>Bien qu\u2019il ait rarement quitt\u00e9 la petite ville de Rishikesh (avec seulement deux tourn\u00e9es en Inde et aucune visite \u00e0 l\u2019\u00e9tranger), les enseignements de Swami Sivananda se sont rapidement r\u00e9pandus sur toute la plan\u00e8te. Il a personnellement \u00e9crit plus de 200 livres sur des sujets li\u00e9s au yoga et \u00e0 la philosophie. Il a \u00e9crit dans un style accessible, tr\u00e8s direct et d\u00e9bordant d\u2019\u00e9nergie dynamique et spirituelle. En cons\u00e9quence, beaucoup de ceux qui ont lu ses livres ont senti leur vie profond\u00e9ment touch\u00e9e et transform\u00e9e. Ils venaient de toute l\u2019Inde et du monde entier pour apprendre directement de lui et pour s&amp;\u2019impr\u00e9gner de sa sainte pr\u00e9sence.<\/p>\n<p>Il a form\u00e9 de nombreux disciples exceptionnels au Yoga Vedanta, parmi lesquels SwamiVishnudevananda, qu\u2019il a envoy\u00e9 r\u00e9pandre la pratique du yoga en Occident.<\/p>\n<p>Sa devise est la suivante : \u00ab Serve, aime, donne, purifie, m\u00e9dite et r\u00e9alise \u00bb, qui r\u00e9sume tous ses enseignements.<\/p>\n<\/div><\/div><\/div><\/div><\/div><\/div><div id=\"Swami-Vishnu\" class=\"fusion-container-anchor\"><div class=\"fusion-fullwidth fullwidth-box fusion-builder-row-2 fusion-flex-container has-pattern-background has-mask-background nonhundred-percent-fullwidth non-hundred-percent-height-scrolling\" style=\"--awb-border-radius-top-left:0px;--awb-border-radius-top-right:0px;--awb-border-radius-bottom-right:0px;--awb-border-radius-bottom-left:0px;--awb-flex-wrap:wrap;\" ><div class=\"fusion-builder-row fusion-row fusion-flex-align-items-flex-start fusion-flex-content-wrap\" style=\"max-width:1275px;margin-left: calc(-2% \/ 2 );margin-right: calc(-2% \/ 2 );\"><div class=\"fusion-layout-column fusion_builder_column fusion-builder-column-2 fusion_builder_column_1_3 1_3 fusion-flex-column\" style=\"--awb-padding-right:20px;--awb-padding-bottom:20px;--awb-overflow:hidden;--awb-bg-size:cover;--awb-border-color:var(--awb-color4);--awb-border-right:2px;--awb-border-bottom:2px;--awb-border-style:solid;--awb-border-radius:0px 0px 15px 0px;--awb-width-large:33.333333333333%;--awb-margin-top-large:0px;--awb-spacing-right-large:2.94%;--awb-margin-bottom-large:20px;--awb-spacing-left-large:2.94%;--awb-width-medium:33.333333333333%;--awb-order-medium:0;--awb-spacing-right-medium:2.94%;--awb-spacing-left-medium:2.94%;--awb-width-small:100%;--awb-order-small:0;--awb-spacing-right-small:0.98%;--awb-spacing-left-small:0.98%;\" data-scroll-devices=\"small-visibility,medium-visibility,large-visibility\"><div class=\"fusion-column-wrapper fusion-column-has-shadow fusion-flex-justify-content-flex-start fusion-content-layout-column\"><div class=\"fusion-image-element \" style=\"--awb-caption-title-font-family:var(--h2_typography-font-family);--awb-caption-title-font-weight:var(--h2_typography-font-weight);--awb-caption-title-font-style:var(--h2_typography-font-style);--awb-caption-title-size:var(--h2_typography-font-size);--awb-caption-title-transform:var(--h2_typography-text-transform);--awb-caption-title-line-height:var(--h2_typography-line-height);--awb-caption-title-letter-spacing:var(--h2_typography-letter-spacing);\"><span class=\" fusion-imageframe imageframe-none imageframe-2 hover-type-none\" style=\"border-radius:15px;\"><img decoding=\"async\" width=\"388\" height=\"509\" title=\"Swami-Vishnudevananda\" src=\"data:image\/svg+xml,%3Csvg%20xmlns%3D%27http%3A%2F%2Fwww.w3.org%2F2000%2Fsvg%27%20width%3D%27388%27%20height%3D%27509%27%20viewBox%3D%270%200%20388%20509%27%3E%3Crect%20width%3D%27388%27%20height%3D%27509%27%20fill-opacity%3D%220%22%2F%3E%3C%2Fsvg%3E\" data-orig-src=\"https:\/\/sivanandacanada.org\/camp\/wp-content\/uploads\/2026\/01\/Swami-Vishnudevananda.webp\" alt class=\"lazyload img-responsive wp-image-4821\"\/><\/span><\/div><\/div><\/div><div class=\"fusion-layout-column fusion_builder_column fusion-builder-column-3 fusion_builder_column_2_3 2_3 fusion-flex-column\" style=\"--awb-bg-size:cover;--awb-width-large:66.666666666667%;--awb-margin-top-large:0px;--awb-spacing-right-large:1.47%;--awb-margin-bottom-large:20px;--awb-spacing-left-large:1.47%;--awb-width-medium:66.666666666667%;--awb-order-medium:0;--awb-spacing-right-medium:1.47%;--awb-spacing-left-medium:1.47%;--awb-width-small:100%;--awb-order-small:0;--awb-spacing-right-small:0.98%;--awb-spacing-left-small:0.98%;\"><div class=\"fusion-column-wrapper fusion-column-has-shadow fusion-flex-justify-content-flex-start fusion-content-layout-column\"><div class=\"fusion-title title fusion-title-2 fusion-sep-none fusion-title-text fusion-title-size-two\" style=\"--awb-font-size:20px;\"><h2 class=\"fusion-title-heading title-heading-left\" style=\"font-size:1em;line-height:1.5;\">Swami Vishnudevananda (1927 \u2013 1993)<\/h2><\/div><div class=\"fusion-separator\" style=\"align-self: flex-start;margin-right:auto;margin-top:5px;margin-bottom:5px;width:100%;max-width:50%;\"><div class=\"fusion-separator-border sep-single sep-solid\" style=\"--awb-height:20px;--awb-amount:20px;--awb-sep-color:var(--awb-color5);border-color:var(--awb-color5);border-top-width:2px;\"><\/div><\/div>\n<div class=\"fusion-text fusion-text-2\" style=\"--awb-content-alignment:justify;\"><p>Disciple de Swami Sivananda, Swami Vishnudevananda est le fondateur des Centres internationaux Sivananda de Yoga Vedanta. Il est une autorit\u00e9 mondialement reconnue en mati\u00e8re de hatha et de raja yoga, et l\u2019auteur du best-seller The Complete Illustrated Book of Yoga. Swamiji \u00e9tait \u00e9galement connu sous le nom de \u00ab Flying Swami \u00bb pour les diff\u00e9rentes missions de paix qu\u2019il a r\u00e9alis\u00e9es \u00e0 travers le monde.<\/p>\n<p>Il \u00e9tait convaincu que la paix ext\u00e9rieure ne peut exister sans la paix int\u00e9rieure. Il est devenu le premier ma\u00eetre de yoga en Occident \u00e0 mettre sur pied un programme de formation complet pour les professeurs de yoga, qui ont ensuite inspir\u00e9 un nombre incalculable d\u2019autres personnes \u00e0 leur tour.<\/p>\n<p>Sa devise \u00e9tait la suivante : \u00ab La sant\u00e9 est la richesse. La paix de l\u2019esprit, c\u2019est le bonheur. Le yoga montre le chemin. \u00bb<\/p>\n<\/div><\/div><\/div><\/div><\/div><\/div><\/p>\n","protected":false},"excerpt":{"rendered":"","protected":false},"author":1,"featured_media":0,"parent":0,"menu_order":0,"comment_status":"closed","ping_status":"closed","template":"100-width.php","meta":{"footnotes":""},"class_list":["post-1462","page","type-page","status-publish","hentry"],"_links":{"self":[{"href":"https:\/\/sivanandacanada.org\/camp\/fr\/wp-json\/wp\/v2\/pages\/1462","targetHints":{"allow":["GET"]}}],"collection":[{"href":"https:\/\/sivanandacanada.org\/camp\/fr\/wp-json\/wp\/v2\/pages"}],"about":[{"href":"https:\/\/sivanandacanada.org\/camp\/fr\/wp-json\/wp\/v2\/types\/page"}],"author":[{"embeddable":true,"href":"https:\/\/sivanandacanada.org\/camp\/fr\/wp-json\/wp\/v2\/users\/1"}],"replies":[{"embeddable":true,"href":"https:\/\/sivanandacanada.org\/camp\/fr\/wp-json\/wp\/v2\/comments?post=1462"}],"version-history":[{"count":7,"href":"https:\/\/sivanandacanada.org\/camp\/fr\/wp-json\/wp\/v2\/pages\/1462\/revisions"}],"predecessor-version":[{"id":6529,"href":"https:\/\/sivanandacanada.org\/camp\/fr\/wp-json\/wp\/v2\/pages\/1462\/revisions\/6529"}],"wp:attachment":[{"href":"https:\/\/sivanandacanada.org\/camp\/fr\/wp-json\/wp\/v2\/media?parent=1462"}],"curies":[{"name":"wp","href":"https:\/\/api.w.org\/{rel}","templated":true}]}}