{"id":5022,"date":"2025-05-16T07:58:41","date_gmt":"2025-05-16T07:58:41","guid":{"rendered":"https:\/\/sivanandacanada.org\/camp\/yoga-teachers-training-course-ttc\/rules-regulations\/"},"modified":"2026-01-27T20:12:16","modified_gmt":"2026-01-27T20:12:16","slug":"rules-regulations","status":"publish","type":"page","link":"https:\/\/sivanandacanada.org\/camp\/es\/rules-regulations\/","title":{"rendered":"Normas para el curso de formaci\u00f3n de profesores de yoga Sivananda"},"content":{"rendered":"<div class=\"fusion-fullwidth fullwidth-box fusion-builder-row-1 fusion-flex-container has-pattern-background has-mask-background nonhundred-percent-fullwidth non-hundred-percent-height-scrolling\" style=\"--link_color: var(--awb-color1);--awb-border-radius-top-left:0px;--awb-border-radius-top-right:0px;--awb-border-radius-bottom-right:0px;--awb-border-radius-bottom-left:0px;--awb-padding-top:25px;--awb-padding-right:50px;--awb-padding-bottom:25px;--awb-padding-left:25px;--awb-margin-top:25px;--awb-flex-wrap:wrap;\" ><div class=\"fusion-builder-row fusion-row fusion-flex-align-items-flex-start fusion-flex-content-wrap\" style=\"max-width:1275px;margin-left: calc(-2% \/ 2 );margin-right: calc(-2% \/ 2 );\"><div class=\"fusion-layout-column fusion_builder_column fusion-builder-column-0 fusion_builder_column_1_1 1_1 fusion-flex-column\" style=\"--awb-padding-top:20px;--awb-padding-right:20px;--awb-padding-bottom:20px;--awb-padding-left:20px;--awb-overflow:hidden;--awb-bg-size:cover;--awb-border-color:var(--awb-color3);--awb-border-top:1px;--awb-border-right:1px;--awb-border-bottom:1px;--awb-border-left:1px;--awb-border-style:dotted;--awb-border-radius:15px 15px 15px 15px;--awb-width-large:100%;--awb-margin-top-large:0px;--awb-spacing-right-large:0.98%;--awb-margin-bottom-large:0px;--awb-spacing-left-large:0.98%;--awb-width-medium:100%;--awb-order-medium:0;--awb-spacing-right-medium:0.98%;--awb-spacing-left-medium:0.98%;--awb-width-small:100%;--awb-order-small:0;--awb-spacing-right-small:0.98%;--awb-spacing-left-small:0.98%;\" data-scroll-devices=\"small-visibility,medium-visibility,large-visibility\"><div class=\"fusion-column-wrapper fusion-column-has-shadow fusion-flex-justify-content-flex-start fusion-content-layout-column\"><div class=\"fusion-text fusion-text-1\"><p>Para asegurar el \u00e9xito en la Formaci\u00f3n te pedimos seguir las siguientes normas en tu rutina diaria:<\/p>\n<ol>\n<li>Es obligatoria la asistencia a todas las clases y meditaciones, de la ma\u00f1ana y de la tarde. Si por cualquier motivo un estudiante tiene que ausentarse de la clase o meditaci\u00f3n debe informar al profesor a cargo. La falta continua a las clases puede determinar el abandono del curso por parte del estudiante.<\/li>\n<li>No est\u00e1 permitido consumir o distribuir drogas dentro del predio. Aquella persona que tenga conocimiento de alguien involucrado en el consumo, distribuci\u00f3n o posesi\u00f3n de drogas o productos similares, ha de informar inmediatamente a las personas responsables del Curso . Las drogas son perjudiciales para el cuerpo ps\u00edquico y por lo tanto, est\u00e1n prohibidas a toda persona que practique la disciplina y\u00f3guica.<\/li>\n<li>No est\u00e1 permitido el consumo de carne, pescado, alcohol, tabaco, huevos cebolla, ajo, caf\u00e9, t\u00e9 negro y mate dentro del predio. Tampoco ser\u00e1 posible atender dietas especiales o personalizadas, m\u00e1s all\u00e1 de las dos comidas lacto-vegetarianas ofrecidas diariamente.<\/li>\n<li>El curso no es un evento social ni un lugar de recreo, por lo que sugerimos que el comportamiento y actitud tanto en privado como en p\u00fablico ayude a mantener una atm\u00f3sfera espiritual. No est\u00e1 permitido el uso de ropa transparente ni ajustada, ni el nudismo.<\/li>\n<li>En el lugar destinado a la meditaci\u00f3n la atm\u00f3sfera debe mantenerse pura. Por lo menos, la cara, manos y pies deben estar limpios. Se intentar\u00e1 no tener conversaciones banales e in\u00fatiles en este lugar que debe ser de adoraci\u00f3n y meditaci\u00f3n.<\/li>\n<li>No est\u00e1 permitido escuchar m\u00fasica de naturaleza agresiva (rock, etc.) que perturbe a los dem\u00e1s participantes. S\u00f3lo se puede escuchar m\u00fasica de naturaleza S\u00e1tvica.<\/li>\n<li>Para prevenir incendios o accidentes, no est\u00e1 permitido quemar incienso ni encender velas fuera del lugar de meditaci\u00f3n. No se debe encender velas ni incienso en las habitaciones.<\/li>\n<li>Cualquier salida del Ashram (especialmente ausencias nocturnas) deben comunicarse a la persona encargada del grupo.<\/li>\n<li>El silencio deber\u00e1 ser total luego de las 22:00 horas y todos deben estar dentro del Ashram .<\/li>\n<li>El Karma Yoga (trabajo altru\u00edsta) es parte integrante del Curso. Es un acercamiento pr\u00e1ctico para combatir las tendencias ego\u00edstas por parte del estudiante. Cada estudiante debe hacer como m\u00ednimo una hora diaria de Karma Yoga.<\/li>\n<li>Se debe traer o comprar en la boutique del Yoga Camp una colchoneta, almohad\u00f3n para la meditaci\u00f3n, cateter y lota para la pr\u00e1ctica de Kriyas . Traer manta, toalla y art\u00edculos de aseo, cuaderno de notas, bol\u00edgrafo, ropa de abrigo, sombrero, zapatillas, calzado confortable para caminatas, linterna, protector solar.<\/li>\n<li>Libros que se deben llevar: \u201cEl libro de Yoga\u201d de Swami Vishnudevananda, \u201cBhagavad Guita\u201d con comentarios de Swami Sivananda.<\/li>\n<li>El estudiante debe tener cobertura de Seguro de Viaje, por accidentes o enfermedad. La organizaci\u00f3n del Curso no se responsabiliza ni se hace cargo de los gastos que puedan surgir por enfermedades o accidentes. De ser el caso, se debe traer la medicaci\u00f3n necesaria para todo el mes del Curso.<\/li>\n<li>La Organizaci\u00f3n Sivananda no se responsabiliza por p\u00e9rdida o extrav\u00edo de dinero, prendas de vestir u objetos de valor de los participantes. Cada uno debe ser responsable y cuidar sus pertenencias. Se dispondr\u00e1 de un sistema y reglamento de guarda de documentos que deber\u00e1 consultar al llegar.<\/li>\n<li>Este curso es intensivo y requiere disponer de una buena salud f\u00edsica y mental.<\/li>\n<li>En caso de problemas m\u00e9dicos, comun\u00edcalo al registrarte y en la entrevista previa.<\/li>\n<li>No es posible participar en el curso de formaci\u00f3n de profesores durante cualquier fase del embarazo.<\/li>\n<li>Para cualquier pregunta, por favor contactar con montevideo@sivananda.org<\/li>\n<\/ol>\n<\/div><div class=\"fusion-separator fusion-full-width-sep\" style=\"align-self: flex-start;margin-right:auto;margin-top:15px;margin-bottom:25px;width:100%;max-width:100%;\"><div class=\"fusion-separator-border sep-single sep-dotted\" style=\"--awb-height:20px;--awb-amount:20px;--awb-sep-color:var(--awb-color4);border-color:var(--awb-color4);border-top-width:2px;\"><\/div><\/div>\n<div class=\"fusion-separator fusion-full-width-sep\" style=\"align-self: flex-start;margin-right:auto;margin-top:15px;margin-bottom:25px;width:100%;max-width:100%;\"><div class=\"fusion-separator-border sep-single sep-dotted\" style=\"--awb-height:20px;--awb-amount:20px;--awb-sep-color:var(--awb-color4);border-color:var(--awb-color4);border-top-width:2px;\"><\/div><\/div>\n<div class=\"fusion-title title fusion-title-1 fusion-sep-none fusion-title-text fusion-title-size-five\" style=\"--awb-margin-bottom:20px;\"><h5 class=\"fusion-title-heading title-heading-left\" style=\"margin:0;\">Physical Harassment<\/h5><\/div><div class=\"fusion-text fusion-text-2\"><p>The Sivananda Yoga Vedanta Centres of Canada disapprove of and condemn any form of harassment directed at guests, staff or visitors. Specifically, no harassment, proposals or innuendos with a sexual connotation will be tolerated during any program or activity organized by the Sivananda Yoga Vedanta Centres of Canada. Guests participating in such programs are accordingly made aware of this policy and invited to apply it in their personal behavior whilst on our premises. Any guest who thinks she or he may be the victim of unsolicited advances or any other form of sexual harassment is asked to notify a Swami or the Director immediately in order for corrective action to be undertaken without delay. Complaints made to a Swami or Director will be treated confidentially, and the alleged violator or any third party will not be advised of the complainant\u2019s identity without the latter\u2019s consent.<\/p>\n<\/div><div class=\"fusion-separator fusion-full-width-sep\" style=\"align-self: flex-start;margin-right:auto;margin-top:15px;margin-bottom:25px;width:100%;max-width:100%;\"><div class=\"fusion-separator-border sep-single sep-dotted\" style=\"--awb-height:20px;--awb-amount:20px;--awb-sep-color:var(--awb-color4);border-color:var(--awb-color4);border-top-width:2px;\"><\/div><\/div>\n<\/div><\/div><\/div><\/div>\n","protected":false},"excerpt":{"rendered":"","protected":false},"author":1,"featured_media":0,"parent":0,"menu_order":0,"comment_status":"closed","ping_status":"closed","template":"100-width.php","meta":{"footnotes":""},"class_list":["post-5022","page","type-page","status-publish","hentry"],"_links":{"self":[{"href":"https:\/\/sivanandacanada.org\/camp\/es\/wp-json\/wp\/v2\/pages\/5022","targetHints":{"allow":["GET"]}}],"collection":[{"href":"https:\/\/sivanandacanada.org\/camp\/es\/wp-json\/wp\/v2\/pages"}],"about":[{"href":"https:\/\/sivanandacanada.org\/camp\/es\/wp-json\/wp\/v2\/types\/page"}],"author":[{"embeddable":true,"href":"https:\/\/sivanandacanada.org\/camp\/es\/wp-json\/wp\/v2\/users\/1"}],"replies":[{"embeddable":true,"href":"https:\/\/sivanandacanada.org\/camp\/es\/wp-json\/wp\/v2\/comments?post=5022"}],"version-history":[{"count":2,"href":"https:\/\/sivanandacanada.org\/camp\/es\/wp-json\/wp\/v2\/pages\/5022\/revisions"}],"predecessor-version":[{"id":5025,"href":"https:\/\/sivanandacanada.org\/camp\/es\/wp-json\/wp\/v2\/pages\/5022\/revisions\/5025"}],"wp:attachment":[{"href":"https:\/\/sivanandacanada.org\/camp\/es\/wp-json\/wp\/v2\/media?parent=5022"}],"curies":[{"name":"wp","href":"https:\/\/api.w.org\/{rel}","templated":true}]}}