{"id":5016,"date":"2025-11-06T07:20:29","date_gmt":"2025-11-06T07:20:29","guid":{"rendered":"https:\/\/sivanandacanada.org\/camp\/yoga-teachers-training-course-ttc\/refund-policy\/"},"modified":"2026-01-27T15:15:12","modified_gmt":"2026-01-27T15:15:12","slug":"refund-policy","status":"publish","type":"page","link":"https:\/\/sivanandacanada.org\/camp\/es\/refund-policy\/","title":{"rendered":"Pol\u00edtica de cancelaci\u00f3n o salida del Curso de Profesores"},"content":{"rendered":"<div class=\"fusion-fullwidth fullwidth-box fusion-builder-row-1 fusion-flex-container has-pattern-background has-mask-background nonhundred-percent-fullwidth non-hundred-percent-height-scrolling\" style=\"--link_color: var(--awb-color1);--awb-border-radius-top-left:0px;--awb-border-radius-top-right:0px;--awb-border-radius-bottom-right:0px;--awb-border-radius-bottom-left:0px;--awb-padding-top:25px;--awb-padding-right:50px;--awb-padding-bottom:25px;--awb-padding-left:25px;--awb-margin-top:25px;--awb-flex-wrap:wrap;\" ><div class=\"fusion-builder-row fusion-row fusion-flex-align-items-flex-start fusion-flex-content-wrap\" style=\"max-width:1275px;margin-left: calc(-2% \/ 2 );margin-right: calc(-2% \/ 2 );\"><div class=\"fusion-layout-column fusion_builder_column fusion-builder-column-0 fusion_builder_column_1_1 1_1 fusion-flex-column\" style=\"--awb-padding-top:20px;--awb-padding-right:20px;--awb-padding-bottom:20px;--awb-padding-left:20px;--awb-overflow:hidden;--awb-bg-size:cover;--awb-border-color:var(--awb-color3);--awb-border-top:1px;--awb-border-right:1px;--awb-border-bottom:1px;--awb-border-left:1px;--awb-border-style:dotted;--awb-border-radius:15px 15px 15px 15px;--awb-width-large:100%;--awb-margin-top-large:0px;--awb-spacing-right-large:0.98%;--awb-margin-bottom-large:0px;--awb-spacing-left-large:0.98%;--awb-width-medium:100%;--awb-order-medium:0;--awb-spacing-right-medium:0.98%;--awb-spacing-left-medium:0.98%;--awb-width-small:100%;--awb-order-small:0;--awb-spacing-right-small:0.98%;--awb-spacing-left-small:0.98%;\" data-scroll-devices=\"small-visibility,medium-visibility,large-visibility\"><div class=\"fusion-column-wrapper fusion-column-has-shadow fusion-flex-justify-content-flex-start fusion-content-layout-column\"><div class=\"fusion-text fusion-text-1\"><ul>\n<li>Cancelaci\u00f3n antes y durante el programa:\n<ul>\n<li>Si desea cancelar su inscripci\u00f3n antes del inicio del curso, se le reembolsar\u00e1 el pago original menos:<\/li>\n<li>$150 CAD (m\u00e1s de 3 meses desde la fecha de inicio del curso)<\/li>\n<li>$200 CAD (menos de 3 meses desde la fecha de inicio del curso)<\/li>\n<\/ul>\n<\/li>\n<li>Una vez que comience el curso:\n<ul>\n<li>Si no se presenta y no se comunica con nosotros, no se emitir\u00e1 ning\u00fan reembolso.<\/li>\n<li>Si decide irse durante los primeros tres d\u00edas del curso, le reembolsaremos su pago original menos una tarifa administrativa de $450 CAD.<\/li>\n<li>No se emitir\u00e1n reembolsos despu\u00e9s del 3er d\u00eda del curso.<\/li>\n<li>Una vez comenzado el curso, si desea retirarse, debe devolver el Manual del TTC y los 2 uniformes.<\/li>\n<\/ul>\n<\/li>\n<\/ul>\n<\/div><div class=\"fusion-separator fusion-full-width-sep\" style=\"align-self: flex-start;margin-right:auto;margin-top:15px;margin-bottom:25px;width:100%;max-width:100%;\"><div class=\"fusion-separator-border sep-single sep-dotted\" style=\"--awb-height:20px;--awb-amount:20px;--awb-sep-color:var(--awb-color4);border-color:var(--awb-color4);border-top-width:2px;\"><\/div><\/div>\n<\/div><\/div><\/div><\/div>\n","protected":false},"excerpt":{"rendered":"","protected":false},"author":1,"featured_media":0,"parent":0,"menu_order":0,"comment_status":"closed","ping_status":"closed","template":"100-width.php","meta":{"footnotes":""},"class_list":["post-5016","page","type-page","status-publish","hentry"],"_links":{"self":[{"href":"https:\/\/sivanandacanada.org\/camp\/es\/wp-json\/wp\/v2\/pages\/5016","targetHints":{"allow":["GET"]}}],"collection":[{"href":"https:\/\/sivanandacanada.org\/camp\/es\/wp-json\/wp\/v2\/pages"}],"about":[{"href":"https:\/\/sivanandacanada.org\/camp\/es\/wp-json\/wp\/v2\/types\/page"}],"author":[{"embeddable":true,"href":"https:\/\/sivanandacanada.org\/camp\/es\/wp-json\/wp\/v2\/users\/1"}],"replies":[{"embeddable":true,"href":"https:\/\/sivanandacanada.org\/camp\/es\/wp-json\/wp\/v2\/comments?post=5016"}],"version-history":[{"count":2,"href":"https:\/\/sivanandacanada.org\/camp\/es\/wp-json\/wp\/v2\/pages\/5016\/revisions"}],"predecessor-version":[{"id":5019,"href":"https:\/\/sivanandacanada.org\/camp\/es\/wp-json\/wp\/v2\/pages\/5016\/revisions\/5019"}],"wp:attachment":[{"href":"https:\/\/sivanandacanada.org\/camp\/es\/wp-json\/wp\/v2\/media?parent=5016"}],"curies":[{"name":"wp","href":"https:\/\/api.w.org\/{rel}","templated":true}]}}